{"id":1829,"date":"2026-02-04T07:38:07","date_gmt":"2026-02-04T07:38:07","guid":{"rendered":"https:\/\/www.lichtgitter.cz\/en\/?page_id=1829"},"modified":"2026-02-23T16:24:43","modified_gmt":"2026-02-23T16:24:43","slug":"inquiry","status":"publish","type":"page","link":"https:\/\/www.lichtgitter.cz\/en\/inquiry\/","title":{"rendered":"Inquiry"},"content":{"rendered":"\n<div class=\"wp-block-uagb-container section-about ticss-4a7f47e3 uagb-block-a9cd3d33 alignfull uagb-is-root-container\"><div class=\"uagb-container-inner-blocks-wrap\">\n<div class=\"wp-block-uagb-advanced-heading uagb-block-92eb13b3 ticss-d342306d\"><h2 class=\"uagb-heading-text\">We are <strong>the largest Czech manufacturer of floor gratings<\/strong> with tradition and a European background<\/h2><\/div>\n\n\n\n<div class=\"wp-block-uagb-buttons uagb-buttons__outer-wrap uagb-btn__large-btn uagb-btn-tablet__default-btn uagb-btn-mobile__default-btn uagb-block-24d94a3d\"><div class=\"uagb-buttons__wrap uagb-buttons-layout-wrap \">\n<div class=\"wp-block-uagb-buttons-child uagb-buttons__outer-wrap uagb-block-ecfacbcb wp-block-button\"><div class=\"uagb-button__wrapper\"><a class=\"uagb-buttons-repeater wp-block-button__link\" aria-label=\"\" href=\"\/o-nas\" rel=\"follow noopener\" target=\"_self\" role=\"button\"><div class=\"uagb-button__link\">Company profile<\/div><span class=\"uagb-button__icon uagb-button__icon-position-after\"><svg xmlns=\"https:\/\/www.w3.org\/2000\/svg\" viewBox=\"0 0 448 512\" aria-hidden=\"true\" focussable=\"false\"><path d=\"M438.6 278.6l-160 160C272.4 444.9 264.2 448 256 448s-16.38-3.125-22.62-9.375c-12.5-12.5-12.5-32.75 0-45.25L338.8 288H32C14.33 288 .0016 273.7 .0016 256S14.33 224 32 224h306.8l-105.4-105.4c-12.5-12.5-12.5-32.75 0-45.25s32.75-12.5 45.25 0l160 160C451.1 245.9 451.1 266.1 438.6 278.6z\"><\/path><\/svg><\/span><\/a><\/div><\/div>\n<\/div><\/div>\n<\/div><\/div>\n\n\n\n<div class=\"wp-block-uagb-container section-points ticss-c5744d8e uagb-block-47d11f57 alignfull uagb-is-root-container\"><div class=\"uagb-container-inner-blocks-wrap\">\n<div class=\"wp-block-uagb-container uagb-layout-grid uagb-block-eb128651\">\n<div class=\"wp-block-uagb-info-box uagb-block-f9570794 uagb-infobox__content-wrap  uagb-infobox-icon-above-title uagb-infobox-image-valign-top ticss-f9570794\"><div class=\"uagb-ifb-content\"><div class=\"uagb-ifb-image-content\"><img decoding=\"async\" src=\"https:\/\/www.lichtgitter.cz\/en\/wp-content\/uploads\/sites\/4\/2025\/10\/red-line.svg\" alt=\"\" width=\"\" height=\"0\" loading=\"lazy\"\/><\/div><div class=\"uagb-ifb-title-wrap\"><h3 class=\"uagb-ifb-title\">Top <strong>quality and precision<\/strong><\/h3><\/div><p class=\"uagb-ifb-desc\">Manufactured using modern CAD\/CAM technology, compliant with standards (\u010cSN, ISO, DIN, RAL).<\/p><\/div><\/div>\n\n\n\n<div class=\"wp-block-uagb-info-box uagb-block-c97f9a4d uagb-infobox__content-wrap  uagb-infobox-icon-above-title uagb-infobox-image-valign-top ticss-f9570794\"><div class=\"uagb-ifb-content\"><div class=\"uagb-ifb-image-content\"><img decoding=\"async\" src=\"https:\/\/www.lichtgitter.cz\/en\/wp-content\/uploads\/sites\/4\/2025\/10\/red-line.svg\" alt=\"\" width=\"\" height=\"0\" loading=\"lazy\"\/><\/div><div class=\"uagb-ifb-title-wrap\"><h3 class=\"uagb-ifb-title\"><strong>Wide range<\/strong> and flexibility<\/h3><\/div><p class=\"uagb-ifb-desc\">Various types of gratings, stairs and profiles in steel, stainless steel or aluminium, according to customer needs.<\/p><\/div><\/div>\n\n\n\n<div class=\"wp-block-uagb-info-box uagb-block-0ab9eac1 uagb-infobox__content-wrap  uagb-infobox-icon-above-title uagb-infobox-image-valign-top ticss-f9570794\"><div class=\"uagb-ifb-content\"><div class=\"uagb-ifb-image-content\"><img decoding=\"async\" src=\"https:\/\/www.lichtgitter.cz\/en\/wp-content\/uploads\/sites\/4\/2025\/10\/red-line.svg\" alt=\"\" width=\"\" height=\"0\" loading=\"lazy\"\/><\/div><div class=\"uagb-ifb-title-wrap\"><h3 class=\"uagb-ifb-title\">International <strong>experience<\/strong><\/h3><\/div><p class=\"uagb-ifb-desc\">We export to 22+ countries and provide consulting, drawings and delivery to the construction site.<\/p><\/div><\/div>\n<\/div>\n<\/div><\/div>\n\n\n\n<div class=\"wp-block-uagb-container uagb-block-d58b5a85 alignfull uagb-is-root-container\"><div class=\"uagb-container-inner-blocks-wrap\">\n<div class=\"wp-block-uagb-container ticss-7270651a uagb-block-7270651a\">\n<div class=\"wp-block-uagb-advanced-heading uagb-block-2bd1c0a7\"><h3 class=\"uagb-heading-text\">Inquiry form<\/h3><\/div>\n\n\n\n<div class=\"wp-block-contact-form-7-contact-form-selector\">\n<div class=\"wpcf7 no-js\" id=\"wpcf7-f1854-o1\" lang=\"cs-CZ\" dir=\"ltr\" data-wpcf7-id=\"1854\">\n<div class=\"screen-reader-response\"><p role=\"status\" aria-live=\"polite\" aria-atomic=\"true\"><\/p> <ul><\/ul><\/div>\n<form action=\"\/en\/wp-json\/wp\/v2\/pages\/1829#wpcf7-f1854-o1\" method=\"post\" class=\"wpcf7-form init\" aria-label=\"Kontaktn\u00ed formul\u00e1\u0159\" enctype=\"multipart\/form-data\" novalidate=\"novalidate\" data-status=\"init\">\n<fieldset class=\"hidden-fields-container\"><input type=\"hidden\" name=\"_wpcf7\" value=\"1854\" \/><input type=\"hidden\" name=\"_wpcf7_version\" value=\"6.1.5\" \/><input type=\"hidden\" name=\"_wpcf7_locale\" value=\"cs_CZ\" \/><input type=\"hidden\" name=\"_wpcf7_unit_tag\" value=\"wpcf7-f1854-o1\" \/><input type=\"hidden\" name=\"_wpcf7_container_post\" value=\"0\" \/><input type=\"hidden\" name=\"_wpcf7_posted_data_hash\" value=\"\" \/><input type=\"hidden\" name=\"_wpcf7_recaptcha_response\" value=\"\" \/>\n<\/fieldset>\n<div class=\"form-group\">\n\t<p><label>First Name and Last Name<\/label><br \/>\n<span class=\"wpcf7-form-control-wrap\" data-name=\"your-name\"><input size=\"40\" maxlength=\"400\" class=\"wpcf7-form-control wpcf7-text wpcf7-validates-as-required form-control\" autocomplete=\"name\" aria-required=\"true\" aria-invalid=\"false\" value=\"\" type=\"text\" name=\"your-name\" \/><\/span>\n\t<\/p>\n<\/div>\n<div class=\"form-group\">\n\t<p><label>Your e-mail<\/label><br \/>\n<span class=\"wpcf7-form-control-wrap\" data-name=\"your-email\"><input size=\"40\" maxlength=\"400\" class=\"wpcf7-form-control wpcf7-email wpcf7-validates-as-required wpcf7-text wpcf7-validates-as-email form-control\" autocomplete=\"email\" aria-required=\"true\" aria-invalid=\"false\" value=\"\" type=\"email\" name=\"your-email\" \/><\/span>\n\t<\/p>\n<\/div>\n<div class=\"form-group\">\n\t<p><label>Your phone number<\/label><br \/>\n<span class=\"wpcf7-form-control-wrap\" data-name=\"phone-number\"><input size=\"40\" maxlength=\"400\" class=\"wpcf7-form-control wpcf7-text wpcf7-validates-as-required form-control\" autocomplete=\"phone\" aria-required=\"true\" aria-invalid=\"false\" value=\"\" type=\"text\" name=\"phone-number\" \/><\/span>\n\t<\/p>\n<\/div>\n<div class=\"form-group\">\n\t<p><label>Company name (optional)<\/label><br \/>\n<span class=\"wpcf7-form-control-wrap\" data-name=\"company\"><input size=\"40\" maxlength=\"400\" class=\"wpcf7-form-control wpcf7-text form-control\" aria-invalid=\"false\" value=\"\" type=\"text\" name=\"company\" \/><\/span>\n\t<\/p>\n<\/div>\n<div class=\"form-group\">\n\t<p><label>VAT ID (optional)<\/label><br \/>\n<span class=\"wpcf7-form-control-wrap\" data-name=\"dic\"><input size=\"40\" maxlength=\"400\" class=\"wpcf7-form-control wpcf7-text form-control\" aria-invalid=\"false\" value=\"\" type=\"text\" name=\"dic\" \/><\/span>\n\t<\/p>\n<\/div>\n<div class=\"form-group\">\n\t<p><label>Delivery location (optional)<\/label><br \/>\n<span class=\"wpcf7-form-control-wrap\" data-name=\"location\"><input size=\"40\" maxlength=\"400\" class=\"wpcf7-form-control wpcf7-text form-control\" aria-invalid=\"false\" value=\"\" type=\"text\" name=\"location\" \/><\/span>\n\t<\/p>\n<\/div>\n<div class=\"form-group\">\n\t<p><label>Attachment (optional)<\/label><br \/>\n<span class=\"wpcf7-form-control-wrap\" data-name=\"file-224\"><input size=\"40\" class=\"wpcf7-form-control wpcf7-file\" accept=\".pdf,.xls,.xlsx,.dwg,.zip,.jpg,.jpeg,.png,.webp\" aria-invalid=\"false\" type=\"file\" name=\"file-224\" \/><\/span><br \/>\n<small class=\"form-text text-muted\"><br \/>\nAllows uploading 1 file with a maximum size of 10 MB.<br \/>\nAllowed file formats: jpg, jpeg, png, webp, pdf, xls, xlsx, dwg, zip.<br \/>\n<\/small>\n\t<\/p>\n<\/div>\n<div class=\"form-group\">\n\t<p><label>Your message<\/label><br \/>\n<span class=\"wpcf7-form-control-wrap\" data-name=\"your-message\"><textarea cols=\"40\" rows=\"10\" maxlength=\"2000\" class=\"wpcf7-form-control wpcf7-textarea form-control\" aria-invalid=\"false\" name=\"your-message\"><\/textarea><\/span>\n\t<\/p>\n<\/div>\n<p><input class=\"wpcf7-form-control wpcf7-submit has-spinner btn btn-dark\" type=\"submit\" value=\"Submit inquiry\" \/>\n<\/p><div class=\"wpcf7-response-output\" aria-hidden=\"true\"><\/div>\n<\/form>\n<\/div>\n<\/div>\n<\/div>\n<\/div><\/div>\n","protected":false},"excerpt":{"rendered":"<p>We are the largest Czech manufacturer of floor gratings with tradition and a European background Inquiry form<\/p>\n","protected":false},"author":1,"featured_media":0,"parent":0,"menu_order":0,"comment_status":"closed","ping_status":"closed","template":"","meta":{"inline_featured_image":false,"_uag_custom_page_level_css":"","_swt_meta_header_display":false,"_swt_meta_footer_display":false,"_swt_meta_site_title_display":false,"_swt_meta_sticky_header":false,"_swt_meta_transparent_header":false,"footnotes":""},"folder":[],"class_list":["post-1829","page","type-page","status-publish","hentry"],"yoast_head":"<!-- This site is optimized with the Yoast SEO plugin v27.5 - https:\/\/yoast.com\/product\/yoast-seo-wordpress\/ -->\n<title>Inquiry - EN | lichtgitter.cz<\/title>\n<meta name=\"robots\" content=\"index, follow, max-snippet:-1, max-image-preview:large, max-video-preview:-1\" \/>\n<link rel=\"canonical\" href=\"https:\/\/www.lichtgitter.cz\/en\/inquiry\/\" \/>\n<meta property=\"og:locale\" content=\"cs_CZ\" \/>\n<meta property=\"og:type\" content=\"article\" \/>\n<meta property=\"og:title\" content=\"Inquiry - EN | lichtgitter.cz\" \/>\n<meta property=\"og:description\" content=\"We are the largest Czech manufacturer of floor gratings with tradition and a European background Inquiry form\" \/>\n<meta property=\"og:url\" content=\"https:\/\/www.lichtgitter.cz\/en\/inquiry\/\" \/>\n<meta property=\"og:site_name\" content=\"EN | lichtgitter.cz\" \/>\n<meta property=\"article:modified_time\" content=\"2026-02-23T16:24:43+00:00\" \/>\n<meta property=\"og:image\" content=\"https:\/\/www.lichtgitter.cz\/en\/wp-content\/uploads\/sites\/4\/2025\/10\/red-line.svg\" \/>\n<meta name=\"twitter:card\" content=\"summary_large_image\" \/>\n<meta name=\"twitter:label1\" content=\"Odhadovan\u00e1 doba \u010dten\u00ed\" \/>\n\t<meta name=\"twitter:data1\" content=\"2 minuty\" \/>\n<script type=\"application\/ld+json\" class=\"yoast-schema-graph\">{\"@context\":\"https:\\\/\\\/schema.org\",\"@graph\":[{\"@type\":\"WebPage\",\"@id\":\"https:\\\/\\\/www.lichtgitter.cz\\\/en\\\/inquiry\\\/\",\"url\":\"https:\\\/\\\/www.lichtgitter.cz\\\/en\\\/inquiry\\\/\",\"name\":\"Inquiry - EN | lichtgitter.cz\",\"isPartOf\":{\"@id\":\"https:\\\/\\\/www.lichtgitter.cz\\\/en\\\/#website\"},\"primaryImageOfPage\":{\"@id\":\"https:\\\/\\\/www.lichtgitter.cz\\\/en\\\/inquiry\\\/#primaryimage\"},\"image\":{\"@id\":\"https:\\\/\\\/www.lichtgitter.cz\\\/en\\\/inquiry\\\/#primaryimage\"},\"thumbnailUrl\":\"https:\\\/\\\/www.lichtgitter.cz\\\/en\\\/wp-content\\\/uploads\\\/sites\\\/4\\\/2025\\\/10\\\/red-line.svg\",\"datePublished\":\"2026-02-04T07:38:07+00:00\",\"dateModified\":\"2026-02-23T16:24:43+00:00\",\"breadcrumb\":{\"@id\":\"https:\\\/\\\/www.lichtgitter.cz\\\/en\\\/inquiry\\\/#breadcrumb\"},\"inLanguage\":\"cs\",\"potentialAction\":[{\"@type\":\"ReadAction\",\"target\":[\"https:\\\/\\\/www.lichtgitter.cz\\\/en\\\/inquiry\\\/\"]}]},{\"@type\":\"ImageObject\",\"inLanguage\":\"cs\",\"@id\":\"https:\\\/\\\/www.lichtgitter.cz\\\/en\\\/inquiry\\\/#primaryimage\",\"url\":\"https:\\\/\\\/www.lichtgitter.cz\\\/en\\\/wp-content\\\/uploads\\\/sites\\\/4\\\/2025\\\/10\\\/red-line.svg\",\"contentUrl\":\"https:\\\/\\\/www.lichtgitter.cz\\\/en\\\/wp-content\\\/uploads\\\/sites\\\/4\\\/2025\\\/10\\\/red-line.svg\",\"width\":40,\"height\":3},{\"@type\":\"BreadcrumbList\",\"@id\":\"https:\\\/\\\/www.lichtgitter.cz\\\/en\\\/inquiry\\\/#breadcrumb\",\"itemListElement\":[{\"@type\":\"ListItem\",\"position\":1,\"name\":\"Home\",\"item\":\"https:\\\/\\\/www.lichtgitter.cz\\\/en\\\/\"},{\"@type\":\"ListItem\",\"position\":2,\"name\":\"Inquiry\"}]},{\"@type\":\"WebSite\",\"@id\":\"https:\\\/\\\/www.lichtgitter.cz\\\/en\\\/#website\",\"url\":\"https:\\\/\\\/www.lichtgitter.cz\\\/en\\\/\",\"name\":\"Lichtgitter.cz\",\"description\":\"V\u00fdrobce ocelov\u00fdch odporov\u011b sva\u0159ovan\u00fdch a lisovan\u00fdch podlahov\u00fdch ro\u0161t\u016f a schodi\u0161\u0165ov\u00fdch stup\u0148\u016f\",\"publisher\":{\"@id\":\"https:\\\/\\\/www.lichtgitter.cz\\\/en\\\/#organization\"},\"potentialAction\":[{\"@type\":\"SearchAction\",\"target\":{\"@type\":\"EntryPoint\",\"urlTemplate\":\"https:\\\/\\\/www.lichtgitter.cz\\\/en\\\/?s={search_term_string}\"},\"query-input\":{\"@type\":\"PropertyValueSpecification\",\"valueRequired\":true,\"valueName\":\"search_term_string\"}}],\"inLanguage\":\"cs\"},{\"@type\":\"Organization\",\"@id\":\"https:\\\/\\\/www.lichtgitter.cz\\\/en\\\/#organization\",\"name\":\"Lichtgitter.cz\",\"url\":\"https:\\\/\\\/www.lichtgitter.cz\\\/en\\\/\",\"logo\":{\"@type\":\"ImageObject\",\"inLanguage\":\"cs\",\"@id\":\"https:\\\/\\\/www.lichtgitter.cz\\\/en\\\/#\\\/schema\\\/logo\\\/image\\\/\",\"url\":\"https:\\\/\\\/www.lichtgitter.cz\\\/en\\\/wp-content\\\/uploads\\\/sites\\\/4\\\/2025\\\/11\\\/logo_v3.svg\",\"contentUrl\":\"https:\\\/\\\/www.lichtgitter.cz\\\/en\\\/wp-content\\\/uploads\\\/sites\\\/4\\\/2025\\\/11\\\/logo_v3.svg\",\"width\":100,\"height\":100,\"caption\":\"Lichtgitter.cz\"},\"image\":{\"@id\":\"https:\\\/\\\/www.lichtgitter.cz\\\/en\\\/#\\\/schema\\\/logo\\\/image\\\/\"}}]}<\/script>\n<!-- \/ Yoast SEO plugin. -->","yoast_head_json":{"title":"Inquiry - EN | lichtgitter.cz","robots":{"index":"index","follow":"follow","max-snippet":"max-snippet:-1","max-image-preview":"max-image-preview:large","max-video-preview":"max-video-preview:-1"},"canonical":"https:\/\/www.lichtgitter.cz\/en\/inquiry\/","og_locale":"cs_CZ","og_type":"article","og_title":"Inquiry - EN | lichtgitter.cz","og_description":"We are the largest Czech manufacturer of floor gratings with tradition and a European background Inquiry form","og_url":"https:\/\/www.lichtgitter.cz\/en\/inquiry\/","og_site_name":"EN | lichtgitter.cz","article_modified_time":"2026-02-23T16:24:43+00:00","og_image":[{"url":"https:\/\/www.lichtgitter.cz\/en\/wp-content\/uploads\/sites\/4\/2025\/10\/red-line.svg","type":"","width":"","height":""}],"twitter_card":"summary_large_image","twitter_misc":{"Odhadovan\u00e1 doba \u010dten\u00ed":"2 minuty"},"schema":{"@context":"https:\/\/schema.org","@graph":[{"@type":"WebPage","@id":"https:\/\/www.lichtgitter.cz\/en\/inquiry\/","url":"https:\/\/www.lichtgitter.cz\/en\/inquiry\/","name":"Inquiry - EN | lichtgitter.cz","isPartOf":{"@id":"https:\/\/www.lichtgitter.cz\/en\/#website"},"primaryImageOfPage":{"@id":"https:\/\/www.lichtgitter.cz\/en\/inquiry\/#primaryimage"},"image":{"@id":"https:\/\/www.lichtgitter.cz\/en\/inquiry\/#primaryimage"},"thumbnailUrl":"https:\/\/www.lichtgitter.cz\/en\/wp-content\/uploads\/sites\/4\/2025\/10\/red-line.svg","datePublished":"2026-02-04T07:38:07+00:00","dateModified":"2026-02-23T16:24:43+00:00","breadcrumb":{"@id":"https:\/\/www.lichtgitter.cz\/en\/inquiry\/#breadcrumb"},"inLanguage":"cs","potentialAction":[{"@type":"ReadAction","target":["https:\/\/www.lichtgitter.cz\/en\/inquiry\/"]}]},{"@type":"ImageObject","inLanguage":"cs","@id":"https:\/\/www.lichtgitter.cz\/en\/inquiry\/#primaryimage","url":"https:\/\/www.lichtgitter.cz\/en\/wp-content\/uploads\/sites\/4\/2025\/10\/red-line.svg","contentUrl":"https:\/\/www.lichtgitter.cz\/en\/wp-content\/uploads\/sites\/4\/2025\/10\/red-line.svg","width":40,"height":3},{"@type":"BreadcrumbList","@id":"https:\/\/www.lichtgitter.cz\/en\/inquiry\/#breadcrumb","itemListElement":[{"@type":"ListItem","position":1,"name":"Home","item":"https:\/\/www.lichtgitter.cz\/en\/"},{"@type":"ListItem","position":2,"name":"Inquiry"}]},{"@type":"WebSite","@id":"https:\/\/www.lichtgitter.cz\/en\/#website","url":"https:\/\/www.lichtgitter.cz\/en\/","name":"Lichtgitter.cz","description":"V\u00fdrobce ocelov\u00fdch odporov\u011b sva\u0159ovan\u00fdch a lisovan\u00fdch podlahov\u00fdch ro\u0161t\u016f a schodi\u0161\u0165ov\u00fdch stup\u0148\u016f","publisher":{"@id":"https:\/\/www.lichtgitter.cz\/en\/#organization"},"potentialAction":[{"@type":"SearchAction","target":{"@type":"EntryPoint","urlTemplate":"https:\/\/www.lichtgitter.cz\/en\/?s={search_term_string}"},"query-input":{"@type":"PropertyValueSpecification","valueRequired":true,"valueName":"search_term_string"}}],"inLanguage":"cs"},{"@type":"Organization","@id":"https:\/\/www.lichtgitter.cz\/en\/#organization","name":"Lichtgitter.cz","url":"https:\/\/www.lichtgitter.cz\/en\/","logo":{"@type":"ImageObject","inLanguage":"cs","@id":"https:\/\/www.lichtgitter.cz\/en\/#\/schema\/logo\/image\/","url":"https:\/\/www.lichtgitter.cz\/en\/wp-content\/uploads\/sites\/4\/2025\/11\/logo_v3.svg","contentUrl":"https:\/\/www.lichtgitter.cz\/en\/wp-content\/uploads\/sites\/4\/2025\/11\/logo_v3.svg","width":100,"height":100,"caption":"Lichtgitter.cz"},"image":{"@id":"https:\/\/www.lichtgitter.cz\/en\/#\/schema\/logo\/image\/"}}]}},"uagb_featured_image_src":{"full":false,"thumbnail":false,"medium":false,"medium_large":false,"large":false,"1536x1536":false,"2048x2048":false},"uagb_author_info":{"display_name":"Jan","author_link":"https:\/\/www.lichtgitter.cz\/en\/blog\/author\/jan\/"},"uagb_comment_info":0,"uagb_excerpt":"We are the largest Czech manufacturer of floor gratings with tradition and a European background Inquiry form","_links":{"self":[{"href":"https:\/\/www.lichtgitter.cz\/en\/wp-json\/wp\/v2\/pages\/1829","targetHints":{"allow":["GET"]}}],"collection":[{"href":"https:\/\/www.lichtgitter.cz\/en\/wp-json\/wp\/v2\/pages"}],"about":[{"href":"https:\/\/www.lichtgitter.cz\/en\/wp-json\/wp\/v2\/types\/page"}],"author":[{"embeddable":true,"href":"https:\/\/www.lichtgitter.cz\/en\/wp-json\/wp\/v2\/users\/1"}],"replies":[{"embeddable":true,"href":"https:\/\/www.lichtgitter.cz\/en\/wp-json\/wp\/v2\/comments?post=1829"}],"version-history":[{"count":12,"href":"https:\/\/www.lichtgitter.cz\/en\/wp-json\/wp\/v2\/pages\/1829\/revisions"}],"predecessor-version":[{"id":1957,"href":"https:\/\/www.lichtgitter.cz\/en\/wp-json\/wp\/v2\/pages\/1829\/revisions\/1957"}],"wp:attachment":[{"href":"https:\/\/www.lichtgitter.cz\/en\/wp-json\/wp\/v2\/media?parent=1829"}],"wp:term":[{"taxonomy":"folder","embeddable":true,"href":"https:\/\/www.lichtgitter.cz\/en\/wp-json\/wp\/v2\/folder?post=1829"}],"curies":[{"name":"wp","href":"https:\/\/api.w.org\/{rel}","templated":true}]}}