{"id":3,"date":"2025-08-19T13:59:27","date_gmt":"2025-08-19T13:59:27","guid":{"rendered":"https:\/\/www.lichtgitter.cz\/en\/?page_id=3"},"modified":"2026-02-23T16:01:15","modified_gmt":"2026-02-23T16:01:15","slug":"personal-data-protection","status":"publish","type":"page","link":"https:\/\/www.lichtgitter.cz\/en\/personal-data-protection\/","title":{"rendered":"Personal Data Protection"},"content":{"rendered":"\n<h3 class=\"wp-block-heading\">Information on Personal Data Processing (GDPR)<\/h3>\n\n\n\n<p>The company <strong>Lichtgiter CZ spol. s r.o.<\/strong>, with its registered office at U L\u00e9k\u00e1rny 1, 735 35 Horn\u00ed Such\u00e1, Company ID: 60320371 (hereinafter referred to as the \u201ccontroller\u201d), operator of the website <strong>www.lichtgiter.cz<\/strong>, hereby informs you about the processing of personal data in accordance with the GDPR regulation.<\/p>\n\n\n\n<h3 class=\"wp-block-heading\">What personal data we process<\/h3>\n\n\n\n<p>We process only the data that you provide to us, in particular:<\/p>\n\n\n\n<ul class=\"wp-block-list\">\n<li>first and last name,<\/li>\n\n\n\n<li>email address,<\/li>\n\n\n\n<li>telephone number,<\/li>\n\n\n\n<li>or other information included in forms or email communication.<\/li>\n<\/ul>\n\n\n\n<h3 class=\"wp-block-heading\">For what purpose we process data<\/h3>\n\n\n\n<ul class=\"wp-block-list\">\n<li>processing your inquiries and requests,<\/li>\n\n\n\n<li>communication with customers,<\/li>\n\n\n\n<li>fulfilment of contractual and legal obligations.<\/li>\n<\/ul>\n\n\n\n<h3 class=\"wp-block-heading\">How long we store data<\/h3>\n\n\n\n<p>We store personal data only for the period necessary to fulfil the above purposes or for the period required by legal regulations.<\/p>\n\n\n\n<h3 class=\"wp-block-heading\">Who the data may be disclosed to<\/h3>\n\n\n\n<p>Personal data may only be disclosed to trusted processors, exclusively for the purpose of ensuring the operation of the website and our services.<\/p>\n\n\n\n<h3 class=\"wp-block-heading\">Your rights<\/h3>\n\n\n\n<p>You have the right:<\/p>\n\n\n\n<ul class=\"wp-block-list\">\n<li>to access your personal data,<\/li>\n\n\n\n<li>to have them corrected or deleted,<\/li>\n\n\n\n<li>to restrict processing,<\/li>\n\n\n\n<li>to object to processing,<\/li>\n\n\n\n<li>to lodge a complaint with the Data Protection Authority.<\/li>\n<\/ul>\n\n\n\n<p>If you have any questions, you can contact us at <a href=\"mailto:obchod@lichtgiter.cz\">obchod@lichtgiter.cz<\/a>.<\/p>\n","protected":false},"excerpt":{"rendered":"<p>Information on Personal Data Processing (GDPR) The company Lichtgiter CZ spol. s r.o., with its registered office at U L\u00e9k\u00e1rny 1, 735 35 Horn\u00ed Such\u00e1, Company ID: 60320371 (hereinafter referred to as the \u201ccontroller\u201d), operator of the website www.lichtgiter.cz, hereby informs you about the processing of personal data in accordance with the GDPR regulation. What [&hellip;]<\/p>\n","protected":false},"author":1,"featured_media":0,"parent":0,"menu_order":0,"comment_status":"closed","ping_status":"closed","template":"","meta":{"inline_featured_image":false,"_uag_custom_page_level_css":"","_swt_meta_header_display":false,"_swt_meta_footer_display":false,"_swt_meta_site_title_display":false,"_swt_meta_sticky_header":false,"_swt_meta_transparent_header":false,"footnotes":""},"folder":[],"class_list":["post-3","page","type-page","status-publish","hentry"],"yoast_head":"<!-- This site is optimized with the Yoast SEO plugin v27.5 - https:\/\/yoast.com\/product\/yoast-seo-wordpress\/ -->\n<title>Personal Data Protection - EN | lichtgitter.cz<\/title>\n<meta name=\"robots\" content=\"index, follow, max-snippet:-1, max-image-preview:large, max-video-preview:-1\" \/>\n<link rel=\"canonical\" href=\"https:\/\/www.lichtgitter.cz\/en\/personal-data-protection\/\" \/>\n<meta property=\"og:locale\" content=\"cs_CZ\" \/>\n<meta property=\"og:type\" content=\"article\" \/>\n<meta property=\"og:title\" content=\"Personal Data Protection - EN | lichtgitter.cz\" \/>\n<meta property=\"og:description\" content=\"Information on Personal Data Processing (GDPR) The company Lichtgiter CZ spol. s r.o., with its registered office at U L\u00e9k\u00e1rny 1, 735 35 Horn\u00ed Such\u00e1, Company ID: 60320371 (hereinafter referred to as the \u201ccontroller\u201d), operator of the website www.lichtgiter.cz, hereby informs you about the processing of personal data in accordance with the GDPR regulation. What [&hellip;]\" \/>\n<meta property=\"og:url\" content=\"https:\/\/www.lichtgitter.cz\/en\/personal-data-protection\/\" \/>\n<meta property=\"og:site_name\" content=\"EN | lichtgitter.cz\" \/>\n<meta property=\"article:modified_time\" content=\"2026-02-23T16:01:15+00:00\" \/>\n<meta name=\"twitter:card\" content=\"summary_large_image\" \/>\n<meta name=\"twitter:label1\" content=\"Odhadovan\u00e1 doba \u010dten\u00ed\" \/>\n\t<meta name=\"twitter:data1\" content=\"2 minuty\" \/>\n<script type=\"application\/ld+json\" class=\"yoast-schema-graph\">{\"@context\":\"https:\\\/\\\/schema.org\",\"@graph\":[{\"@type\":\"WebPage\",\"@id\":\"https:\\\/\\\/www.lichtgitter.cz\\\/en\\\/personal-data-protection\\\/\",\"url\":\"https:\\\/\\\/www.lichtgitter.cz\\\/en\\\/personal-data-protection\\\/\",\"name\":\"Personal Data Protection - EN | lichtgitter.cz\",\"isPartOf\":{\"@id\":\"https:\\\/\\\/www.lichtgitter.cz\\\/en\\\/#website\"},\"datePublished\":\"2025-08-19T13:59:27+00:00\",\"dateModified\":\"2026-02-23T16:01:15+00:00\",\"breadcrumb\":{\"@id\":\"https:\\\/\\\/www.lichtgitter.cz\\\/en\\\/personal-data-protection\\\/#breadcrumb\"},\"inLanguage\":\"cs\",\"potentialAction\":[{\"@type\":\"ReadAction\",\"target\":[\"https:\\\/\\\/www.lichtgitter.cz\\\/en\\\/personal-data-protection\\\/\"]}]},{\"@type\":\"BreadcrumbList\",\"@id\":\"https:\\\/\\\/www.lichtgitter.cz\\\/en\\\/personal-data-protection\\\/#breadcrumb\",\"itemListElement\":[{\"@type\":\"ListItem\",\"position\":1,\"name\":\"Home\",\"item\":\"https:\\\/\\\/www.lichtgitter.cz\\\/en\\\/\"},{\"@type\":\"ListItem\",\"position\":2,\"name\":\"Personal Data Protection\"}]},{\"@type\":\"WebSite\",\"@id\":\"https:\\\/\\\/www.lichtgitter.cz\\\/en\\\/#website\",\"url\":\"https:\\\/\\\/www.lichtgitter.cz\\\/en\\\/\",\"name\":\"Lichtgitter.cz\",\"description\":\"V\u00fdrobce ocelov\u00fdch odporov\u011b sva\u0159ovan\u00fdch a lisovan\u00fdch podlahov\u00fdch ro\u0161t\u016f a schodi\u0161\u0165ov\u00fdch stup\u0148\u016f\",\"publisher\":{\"@id\":\"https:\\\/\\\/www.lichtgitter.cz\\\/en\\\/#organization\"},\"potentialAction\":[{\"@type\":\"SearchAction\",\"target\":{\"@type\":\"EntryPoint\",\"urlTemplate\":\"https:\\\/\\\/www.lichtgitter.cz\\\/en\\\/?s={search_term_string}\"},\"query-input\":{\"@type\":\"PropertyValueSpecification\",\"valueRequired\":true,\"valueName\":\"search_term_string\"}}],\"inLanguage\":\"cs\"},{\"@type\":\"Organization\",\"@id\":\"https:\\\/\\\/www.lichtgitter.cz\\\/en\\\/#organization\",\"name\":\"Lichtgitter.cz\",\"url\":\"https:\\\/\\\/www.lichtgitter.cz\\\/en\\\/\",\"logo\":{\"@type\":\"ImageObject\",\"inLanguage\":\"cs\",\"@id\":\"https:\\\/\\\/www.lichtgitter.cz\\\/en\\\/#\\\/schema\\\/logo\\\/image\\\/\",\"url\":\"https:\\\/\\\/www.lichtgitter.cz\\\/en\\\/wp-content\\\/uploads\\\/sites\\\/4\\\/2025\\\/11\\\/logo_v3.svg\",\"contentUrl\":\"https:\\\/\\\/www.lichtgitter.cz\\\/en\\\/wp-content\\\/uploads\\\/sites\\\/4\\\/2025\\\/11\\\/logo_v3.svg\",\"width\":100,\"height\":100,\"caption\":\"Lichtgitter.cz\"},\"image\":{\"@id\":\"https:\\\/\\\/www.lichtgitter.cz\\\/en\\\/#\\\/schema\\\/logo\\\/image\\\/\"}}]}<\/script>\n<!-- \/ Yoast SEO plugin. -->","yoast_head_json":{"title":"Personal Data Protection - EN | lichtgitter.cz","robots":{"index":"index","follow":"follow","max-snippet":"max-snippet:-1","max-image-preview":"max-image-preview:large","max-video-preview":"max-video-preview:-1"},"canonical":"https:\/\/www.lichtgitter.cz\/en\/personal-data-protection\/","og_locale":"cs_CZ","og_type":"article","og_title":"Personal Data Protection - EN | lichtgitter.cz","og_description":"Information on Personal Data Processing (GDPR) The company Lichtgiter CZ spol. s r.o., with its registered office at U L\u00e9k\u00e1rny 1, 735 35 Horn\u00ed Such\u00e1, Company ID: 60320371 (hereinafter referred to as the \u201ccontroller\u201d), operator of the website www.lichtgiter.cz, hereby informs you about the processing of personal data in accordance with the GDPR regulation. What [&hellip;]","og_url":"https:\/\/www.lichtgitter.cz\/en\/personal-data-protection\/","og_site_name":"EN | lichtgitter.cz","article_modified_time":"2026-02-23T16:01:15+00:00","twitter_card":"summary_large_image","twitter_misc":{"Odhadovan\u00e1 doba \u010dten\u00ed":"2 minuty"},"schema":{"@context":"https:\/\/schema.org","@graph":[{"@type":"WebPage","@id":"https:\/\/www.lichtgitter.cz\/en\/personal-data-protection\/","url":"https:\/\/www.lichtgitter.cz\/en\/personal-data-protection\/","name":"Personal Data Protection - EN | lichtgitter.cz","isPartOf":{"@id":"https:\/\/www.lichtgitter.cz\/en\/#website"},"datePublished":"2025-08-19T13:59:27+00:00","dateModified":"2026-02-23T16:01:15+00:00","breadcrumb":{"@id":"https:\/\/www.lichtgitter.cz\/en\/personal-data-protection\/#breadcrumb"},"inLanguage":"cs","potentialAction":[{"@type":"ReadAction","target":["https:\/\/www.lichtgitter.cz\/en\/personal-data-protection\/"]}]},{"@type":"BreadcrumbList","@id":"https:\/\/www.lichtgitter.cz\/en\/personal-data-protection\/#breadcrumb","itemListElement":[{"@type":"ListItem","position":1,"name":"Home","item":"https:\/\/www.lichtgitter.cz\/en\/"},{"@type":"ListItem","position":2,"name":"Personal Data Protection"}]},{"@type":"WebSite","@id":"https:\/\/www.lichtgitter.cz\/en\/#website","url":"https:\/\/www.lichtgitter.cz\/en\/","name":"Lichtgitter.cz","description":"V\u00fdrobce ocelov\u00fdch odporov\u011b sva\u0159ovan\u00fdch a lisovan\u00fdch podlahov\u00fdch ro\u0161t\u016f a schodi\u0161\u0165ov\u00fdch stup\u0148\u016f","publisher":{"@id":"https:\/\/www.lichtgitter.cz\/en\/#organization"},"potentialAction":[{"@type":"SearchAction","target":{"@type":"EntryPoint","urlTemplate":"https:\/\/www.lichtgitter.cz\/en\/?s={search_term_string}"},"query-input":{"@type":"PropertyValueSpecification","valueRequired":true,"valueName":"search_term_string"}}],"inLanguage":"cs"},{"@type":"Organization","@id":"https:\/\/www.lichtgitter.cz\/en\/#organization","name":"Lichtgitter.cz","url":"https:\/\/www.lichtgitter.cz\/en\/","logo":{"@type":"ImageObject","inLanguage":"cs","@id":"https:\/\/www.lichtgitter.cz\/en\/#\/schema\/logo\/image\/","url":"https:\/\/www.lichtgitter.cz\/en\/wp-content\/uploads\/sites\/4\/2025\/11\/logo_v3.svg","contentUrl":"https:\/\/www.lichtgitter.cz\/en\/wp-content\/uploads\/sites\/4\/2025\/11\/logo_v3.svg","width":100,"height":100,"caption":"Lichtgitter.cz"},"image":{"@id":"https:\/\/www.lichtgitter.cz\/en\/#\/schema\/logo\/image\/"}}]}},"uagb_featured_image_src":{"full":false,"thumbnail":false,"medium":false,"medium_large":false,"large":false,"1536x1536":false,"2048x2048":false},"uagb_author_info":{"display_name":"Jan","author_link":"https:\/\/www.lichtgitter.cz\/en\/blog\/author\/jan\/"},"uagb_comment_info":0,"uagb_excerpt":"Information on Personal Data Processing (GDPR) The company Lichtgiter CZ spol. s r.o., with its registered office at U L\u00e9k\u00e1rny 1, 735 35 Horn\u00ed Such\u00e1, Company ID: 60320371 (hereinafter referred to as the \u201ccontroller\u201d), operator of the website www.lichtgiter.cz, hereby informs you about the processing of personal data in accordance with the GDPR regulation. What&hellip;","_links":{"self":[{"href":"https:\/\/www.lichtgitter.cz\/en\/wp-json\/wp\/v2\/pages\/3","targetHints":{"allow":["GET"]}}],"collection":[{"href":"https:\/\/www.lichtgitter.cz\/en\/wp-json\/wp\/v2\/pages"}],"about":[{"href":"https:\/\/www.lichtgitter.cz\/en\/wp-json\/wp\/v2\/types\/page"}],"author":[{"embeddable":true,"href":"https:\/\/www.lichtgitter.cz\/en\/wp-json\/wp\/v2\/users\/1"}],"replies":[{"embeddable":true,"href":"https:\/\/www.lichtgitter.cz\/en\/wp-json\/wp\/v2\/comments?post=3"}],"version-history":[{"count":4,"href":"https:\/\/www.lichtgitter.cz\/en\/wp-json\/wp\/v2\/pages\/3\/revisions"}],"predecessor-version":[{"id":1955,"href":"https:\/\/www.lichtgitter.cz\/en\/wp-json\/wp\/v2\/pages\/3\/revisions\/1955"}],"wp:attachment":[{"href":"https:\/\/www.lichtgitter.cz\/en\/wp-json\/wp\/v2\/media?parent=3"}],"wp:term":[{"taxonomy":"folder","embeddable":true,"href":"https:\/\/www.lichtgitter.cz\/en\/wp-json\/wp\/v2\/folder?post=3"}],"curies":[{"name":"wp","href":"https:\/\/api.w.org\/{rel}","templated":true}]}}