{"id":488,"date":"2025-10-14T18:46:52","date_gmt":"2025-10-14T18:46:52","guid":{"rendered":"https:\/\/www.lichtgitter.cz\/en\/?page_id=488"},"modified":"2026-02-26T07:46:15","modified_gmt":"2026-02-26T07:46:15","slug":"certificates","status":"publish","type":"page","link":"https:\/\/www.lichtgitter.cz\/en\/certificates\/","title":{"rendered":"Certificates"},"content":{"rendered":"\n<div class=\"wp-block-uagb-container uagb-block-83abc929 alignfull uagb-is-root-container\"><div class=\"uagb-container-inner-blocks-wrap\">\n<figure class=\"wp-block-gallery has-nested-images columns-default is-cropped wp-block-gallery-1 is-layout-flex wp-block-gallery-is-layout-flex\">\n<figure class=\"wp-block-image size-large\"><a href=\"\/wp-content\/uploads\/sites\/4\/2025\/10\/Cert_9001_CZ.pdf\" target=\"_blank\" rel=\" noreferrer noopener\"><img decoding=\"async\" sizes=\"(max-width: 724px) 100vw, 724px\" data-id=\"704\" src=\"https:\/\/www.lichtgitter.cz\/hr\/wp-content\/uploads\/sites\/3\/2026\/02\/9001.jpg\" alt=\"Certificate EN ISO 9001:2015\" class=\"wp-image-704\"\/><\/a><figcaption class=\"wp-element-caption\"><mark style=\"background-color:#191919\" class=\"has-inline-color has-surface-color\">Certificate EN ISO 9001:2015<\/mark><\/figcaption><\/figure>\n\n\n\n<figure class=\"wp-block-image size-large\"><a href=\"https:\/\/www.lichtgitter.cz\/hr\/wp-content\/uploads\/sites\/3\/2026\/02\/Cert_9001_EN.pdf\" target=\"_blank\" rel=\" noreferrer noopener\"><img decoding=\"async\" sizes=\"(max-width: 724px) 100vw, 724px\" data-id=\"705\" src=\"https:\/\/www.lichtgitter.cz\/hr\/wp-content\/uploads\/sites\/3\/2026\/02\/3834.jpg\" alt=\"Certificate EN ISO 3834-2\" class=\"wp-image-705\"\/><\/a><figcaption class=\"wp-element-caption\"><mark style=\"background-color:#191919\" class=\"has-inline-color has-surface-color\">Certificate EN ISO 3834-2<\/mark><\/figcaption><\/figure>\n\n\n\n<figure class=\"wp-block-image size-large\"><a href=\"https:\/\/www.lichtgitter.cz\/hr\/wp-content\/uploads\/sites\/3\/2026\/02\/Cert_1090_EN.pdf\" target=\"_blank\" rel=\" noreferrer noopener\"><img decoding=\"async\" sizes=\"(max-width: 724px) 100vw, 724px\" data-id=\"706\" src=\"https:\/\/www.lichtgitter.cz\/hr\/wp-content\/uploads\/sites\/3\/2026\/02\/1090.jpg\" alt=\"Certificate EN 1090-EXC2\" class=\"wp-image-706\"\/><\/a><figcaption class=\"wp-element-caption\"><mark style=\"background-color:#191919\" class=\"has-inline-color has-surface-color\">Certificate EN 1090-EXC2<\/mark><\/figcaption><\/figure>\n<\/figure>\n<\/div><\/div>\n","protected":false},"excerpt":{"rendered":"","protected":false},"author":1,"featured_media":0,"parent":0,"menu_order":0,"comment_status":"closed","ping_status":"closed","template":"","meta":{"inline_featured_image":false,"_uag_custom_page_level_css":"","_swt_meta_header_display":false,"_swt_meta_footer_display":false,"_swt_meta_site_title_display":false,"_swt_meta_sticky_header":false,"_swt_meta_transparent_header":false,"footnotes":""},"folder":[],"class_list":["post-488","page","type-page","status-publish","hentry"],"yoast_head":"<!-- This site is optimized with the Yoast SEO plugin v27.5 - https:\/\/yoast.com\/product\/yoast-seo-wordpress\/ -->\n<title>Certificates - EN | lichtgitter.cz<\/title>\n<meta name=\"robots\" content=\"index, follow, max-snippet:-1, max-image-preview:large, max-video-preview:-1\" \/>\n<link rel=\"canonical\" href=\"https:\/\/www.lichtgitter.cz\/en\/certificates\/\" \/>\n<meta property=\"og:locale\" content=\"cs_CZ\" \/>\n<meta property=\"og:type\" content=\"article\" \/>\n<meta property=\"og:title\" content=\"Certificates - EN | lichtgitter.cz\" \/>\n<meta property=\"og:url\" content=\"https:\/\/www.lichtgitter.cz\/en\/certificates\/\" \/>\n<meta property=\"og:site_name\" content=\"EN | lichtgitter.cz\" \/>\n<meta property=\"article:modified_time\" content=\"2026-02-26T07:46:15+00:00\" \/>\n<meta property=\"og:image\" content=\"https:\/\/www.lichtgitter.cz\/en\/wp-content\/uploads\/sites\/4\/2025\/10\/Cert_9001_CZ.jpg\" \/>\n\t<meta property=\"og:image:width\" content=\"1613\" \/>\n\t<meta property=\"og:image:height\" content=\"2282\" \/>\n\t<meta property=\"og:image:type\" content=\"image\/jpeg\" \/>\n<meta name=\"twitter:card\" content=\"summary_large_image\" \/>\n<meta name=\"twitter:label1\" content=\"Odhadovan\u00e1 doba \u010dten\u00ed\" \/>\n\t<meta name=\"twitter:data1\" content=\"1 minuta\" \/>\n<script type=\"application\/ld+json\" class=\"yoast-schema-graph\">{\"@context\":\"https:\\\/\\\/schema.org\",\"@graph\":[{\"@type\":\"WebPage\",\"@id\":\"https:\\\/\\\/www.lichtgitter.cz\\\/en\\\/certificates\\\/\",\"url\":\"https:\\\/\\\/www.lichtgitter.cz\\\/en\\\/certificates\\\/\",\"name\":\"Certificates - EN | lichtgitter.cz\",\"isPartOf\":{\"@id\":\"https:\\\/\\\/www.lichtgitter.cz\\\/en\\\/#website\"},\"primaryImageOfPage\":{\"@id\":\"https:\\\/\\\/www.lichtgitter.cz\\\/en\\\/certificates\\\/#primaryimage\"},\"image\":{\"@id\":\"https:\\\/\\\/www.lichtgitter.cz\\\/en\\\/certificates\\\/#primaryimage\"},\"thumbnailUrl\":\"https:\\\/\\\/www.lichtgitter.cz\\\/hr\\\/wp-content\\\/uploads\\\/sites\\\/3\\\/2026\\\/02\\\/9001.jpg\",\"datePublished\":\"2025-10-14T18:46:52+00:00\",\"dateModified\":\"2026-02-26T07:46:15+00:00\",\"breadcrumb\":{\"@id\":\"https:\\\/\\\/www.lichtgitter.cz\\\/en\\\/certificates\\\/#breadcrumb\"},\"inLanguage\":\"cs\",\"potentialAction\":[{\"@type\":\"ReadAction\",\"target\":[\"https:\\\/\\\/www.lichtgitter.cz\\\/en\\\/certificates\\\/\"]}]},{\"@type\":\"ImageObject\",\"inLanguage\":\"cs\",\"@id\":\"https:\\\/\\\/www.lichtgitter.cz\\\/en\\\/certificates\\\/#primaryimage\",\"url\":\"https:\\\/\\\/www.lichtgitter.cz\\\/hr\\\/wp-content\\\/uploads\\\/sites\\\/3\\\/2026\\\/02\\\/9001.jpg\",\"contentUrl\":\"https:\\\/\\\/www.lichtgitter.cz\\\/hr\\\/wp-content\\\/uploads\\\/sites\\\/3\\\/2026\\\/02\\\/9001.jpg\"},{\"@type\":\"BreadcrumbList\",\"@id\":\"https:\\\/\\\/www.lichtgitter.cz\\\/en\\\/certificates\\\/#breadcrumb\",\"itemListElement\":[{\"@type\":\"ListItem\",\"position\":1,\"name\":\"Home\",\"item\":\"https:\\\/\\\/www.lichtgitter.cz\\\/en\\\/\"},{\"@type\":\"ListItem\",\"position\":2,\"name\":\"Certificates\"}]},{\"@type\":\"WebSite\",\"@id\":\"https:\\\/\\\/www.lichtgitter.cz\\\/en\\\/#website\",\"url\":\"https:\\\/\\\/www.lichtgitter.cz\\\/en\\\/\",\"name\":\"Lichtgitter.cz\",\"description\":\"V\u00fdrobce ocelov\u00fdch odporov\u011b sva\u0159ovan\u00fdch a lisovan\u00fdch podlahov\u00fdch ro\u0161t\u016f a schodi\u0161\u0165ov\u00fdch stup\u0148\u016f\",\"publisher\":{\"@id\":\"https:\\\/\\\/www.lichtgitter.cz\\\/en\\\/#organization\"},\"potentialAction\":[{\"@type\":\"SearchAction\",\"target\":{\"@type\":\"EntryPoint\",\"urlTemplate\":\"https:\\\/\\\/www.lichtgitter.cz\\\/en\\\/?s={search_term_string}\"},\"query-input\":{\"@type\":\"PropertyValueSpecification\",\"valueRequired\":true,\"valueName\":\"search_term_string\"}}],\"inLanguage\":\"cs\"},{\"@type\":\"Organization\",\"@id\":\"https:\\\/\\\/www.lichtgitter.cz\\\/en\\\/#organization\",\"name\":\"Lichtgitter.cz\",\"url\":\"https:\\\/\\\/www.lichtgitter.cz\\\/en\\\/\",\"logo\":{\"@type\":\"ImageObject\",\"inLanguage\":\"cs\",\"@id\":\"https:\\\/\\\/www.lichtgitter.cz\\\/en\\\/#\\\/schema\\\/logo\\\/image\\\/\",\"url\":\"https:\\\/\\\/www.lichtgitter.cz\\\/en\\\/wp-content\\\/uploads\\\/sites\\\/4\\\/2025\\\/11\\\/logo_v3.svg\",\"contentUrl\":\"https:\\\/\\\/www.lichtgitter.cz\\\/en\\\/wp-content\\\/uploads\\\/sites\\\/4\\\/2025\\\/11\\\/logo_v3.svg\",\"width\":100,\"height\":100,\"caption\":\"Lichtgitter.cz\"},\"image\":{\"@id\":\"https:\\\/\\\/www.lichtgitter.cz\\\/en\\\/#\\\/schema\\\/logo\\\/image\\\/\"}}]}<\/script>\n<!-- \/ Yoast SEO plugin. -->","yoast_head_json":{"title":"Certificates - EN | lichtgitter.cz","robots":{"index":"index","follow":"follow","max-snippet":"max-snippet:-1","max-image-preview":"max-image-preview:large","max-video-preview":"max-video-preview:-1"},"canonical":"https:\/\/www.lichtgitter.cz\/en\/certificates\/","og_locale":"cs_CZ","og_type":"article","og_title":"Certificates - EN | lichtgitter.cz","og_url":"https:\/\/www.lichtgitter.cz\/en\/certificates\/","og_site_name":"EN | lichtgitter.cz","article_modified_time":"2026-02-26T07:46:15+00:00","og_image":[{"width":1613,"height":2282,"url":"https:\/\/www.lichtgitter.cz\/en\/wp-content\/uploads\/sites\/4\/2025\/10\/Cert_9001_CZ.jpg","type":"image\/jpeg"}],"twitter_card":"summary_large_image","twitter_misc":{"Odhadovan\u00e1 doba \u010dten\u00ed":"1 minuta"},"schema":{"@context":"https:\/\/schema.org","@graph":[{"@type":"WebPage","@id":"https:\/\/www.lichtgitter.cz\/en\/certificates\/","url":"https:\/\/www.lichtgitter.cz\/en\/certificates\/","name":"Certificates - EN | lichtgitter.cz","isPartOf":{"@id":"https:\/\/www.lichtgitter.cz\/en\/#website"},"primaryImageOfPage":{"@id":"https:\/\/www.lichtgitter.cz\/en\/certificates\/#primaryimage"},"image":{"@id":"https:\/\/www.lichtgitter.cz\/en\/certificates\/#primaryimage"},"thumbnailUrl":"https:\/\/www.lichtgitter.cz\/hr\/wp-content\/uploads\/sites\/3\/2026\/02\/9001.jpg","datePublished":"2025-10-14T18:46:52+00:00","dateModified":"2026-02-26T07:46:15+00:00","breadcrumb":{"@id":"https:\/\/www.lichtgitter.cz\/en\/certificates\/#breadcrumb"},"inLanguage":"cs","potentialAction":[{"@type":"ReadAction","target":["https:\/\/www.lichtgitter.cz\/en\/certificates\/"]}]},{"@type":"ImageObject","inLanguage":"cs","@id":"https:\/\/www.lichtgitter.cz\/en\/certificates\/#primaryimage","url":"https:\/\/www.lichtgitter.cz\/hr\/wp-content\/uploads\/sites\/3\/2026\/02\/9001.jpg","contentUrl":"https:\/\/www.lichtgitter.cz\/hr\/wp-content\/uploads\/sites\/3\/2026\/02\/9001.jpg"},{"@type":"BreadcrumbList","@id":"https:\/\/www.lichtgitter.cz\/en\/certificates\/#breadcrumb","itemListElement":[{"@type":"ListItem","position":1,"name":"Home","item":"https:\/\/www.lichtgitter.cz\/en\/"},{"@type":"ListItem","position":2,"name":"Certificates"}]},{"@type":"WebSite","@id":"https:\/\/www.lichtgitter.cz\/en\/#website","url":"https:\/\/www.lichtgitter.cz\/en\/","name":"Lichtgitter.cz","description":"V\u00fdrobce ocelov\u00fdch odporov\u011b sva\u0159ovan\u00fdch a lisovan\u00fdch podlahov\u00fdch ro\u0161t\u016f a schodi\u0161\u0165ov\u00fdch stup\u0148\u016f","publisher":{"@id":"https:\/\/www.lichtgitter.cz\/en\/#organization"},"potentialAction":[{"@type":"SearchAction","target":{"@type":"EntryPoint","urlTemplate":"https:\/\/www.lichtgitter.cz\/en\/?s={search_term_string}"},"query-input":{"@type":"PropertyValueSpecification","valueRequired":true,"valueName":"search_term_string"}}],"inLanguage":"cs"},{"@type":"Organization","@id":"https:\/\/www.lichtgitter.cz\/en\/#organization","name":"Lichtgitter.cz","url":"https:\/\/www.lichtgitter.cz\/en\/","logo":{"@type":"ImageObject","inLanguage":"cs","@id":"https:\/\/www.lichtgitter.cz\/en\/#\/schema\/logo\/image\/","url":"https:\/\/www.lichtgitter.cz\/en\/wp-content\/uploads\/sites\/4\/2025\/11\/logo_v3.svg","contentUrl":"https:\/\/www.lichtgitter.cz\/en\/wp-content\/uploads\/sites\/4\/2025\/11\/logo_v3.svg","width":100,"height":100,"caption":"Lichtgitter.cz"},"image":{"@id":"https:\/\/www.lichtgitter.cz\/en\/#\/schema\/logo\/image\/"}}]}},"uagb_featured_image_src":{"full":false,"thumbnail":false,"medium":false,"medium_large":false,"large":false,"1536x1536":false,"2048x2048":false},"uagb_author_info":{"display_name":"Jan","author_link":"https:\/\/www.lichtgitter.cz\/en\/blog\/author\/jan\/"},"uagb_comment_info":0,"uagb_excerpt":null,"_links":{"self":[{"href":"https:\/\/www.lichtgitter.cz\/en\/wp-json\/wp\/v2\/pages\/488","targetHints":{"allow":["GET"]}}],"collection":[{"href":"https:\/\/www.lichtgitter.cz\/en\/wp-json\/wp\/v2\/pages"}],"about":[{"href":"https:\/\/www.lichtgitter.cz\/en\/wp-json\/wp\/v2\/types\/page"}],"author":[{"embeddable":true,"href":"https:\/\/www.lichtgitter.cz\/en\/wp-json\/wp\/v2\/users\/1"}],"replies":[{"embeddable":true,"href":"https:\/\/www.lichtgitter.cz\/en\/wp-json\/wp\/v2\/comments?post=488"}],"version-history":[{"count":6,"href":"https:\/\/www.lichtgitter.cz\/en\/wp-json\/wp\/v2\/pages\/488\/revisions"}],"predecessor-version":[{"id":2020,"href":"https:\/\/www.lichtgitter.cz\/en\/wp-json\/wp\/v2\/pages\/488\/revisions\/2020"}],"wp:attachment":[{"href":"https:\/\/www.lichtgitter.cz\/en\/wp-json\/wp\/v2\/media?parent=488"}],"wp:term":[{"taxonomy":"folder","embeddable":true,"href":"https:\/\/www.lichtgitter.cz\/en\/wp-json\/wp\/v2\/folder?post=488"}],"curies":[{"name":"wp","href":"https:\/\/api.w.org\/{rel}","templated":true}]}}