{"id":490,"date":"2025-10-14T18:47:43","date_gmt":"2025-10-14T18:47:43","guid":{"rendered":"https:\/\/www.lichtgitter.cz\/en\/?page_id=490"},"modified":"2026-03-13T13:18:11","modified_gmt":"2026-03-13T13:18:11","slug":"download","status":"publish","type":"page","link":"https:\/\/www.lichtgitter.cz\/en\/download\/","title":{"rendered":"Download"},"content":{"rendered":"\n<div class=\"wp-block-uagb-container uagb-block-5441b658 alignfull uagb-is-root-container\"><div class=\"uagb-container-inner-blocks-wrap\">\n<div class=\"wp-block-uagb-advanced-heading uagb-block-ef3dbf35\"><h2 class=\"uagb-heading-text\">General Terms and Conditions<\/h2><\/div>\n\n\n\n<figure class=\"wp-block-table custom-table is-style-stripes has-small-font-size\"><table><tbody><tr><td class=\"has-text-align-left\" data-align=\"left\">delivery, payment and warranty terms&nbsp;(*.pdf)<\/td><td class=\"has-text-align-right\" data-align=\"right\"><strong><a href=\"https:\/\/www.lichtgitter.cz\/en\/wp-content\/uploads\/sites\/4\/2025\/11\/Dodaci-platebni-a-zarucni-podminky.pdf\" target=\"_blank\" rel=\"noreferrer noopener\">Download (.pdf)<\/a><\/strong><\/td><\/tr><\/tbody><\/table><\/figure>\n\n\n\n<div class=\"wp-block-uagb-advanced-heading uagb-block-243cf9bc\"><h2 class=\"uagb-heading-text\">Declarations of Performance<\/h2><\/div>\n\n\n\n<figure class=\"wp-block-table custom-table is-style-stripes has-small-font-size\"><table><tbody><tr><td class=\"has-text-align-left\" data-align=\"left\">declaration of performance SP, XSP, P, XP&nbsp;(*.pdf)<\/td><td class=\"has-text-align-right\" data-align=\"right\"><strong><a href=\"https:\/\/www.lichtgitter.cz\/hr\/wp-content\/uploads\/sites\/3\/2026\/02\/PoV_G001-SP-XSP-P-XP_Zn_EN.pdf\" target=\"_blank\" rel=\"noreferrer noopener\">Download (.pdf)<\/a><\/strong><\/td><\/tr><tr><td class=\"has-text-align-left\" data-align=\"left\">declaration of performance sheet metal profiles B&nbsp;(*.pdf)<\/td><td class=\"has-text-align-right\" data-align=\"right\"><strong><a href=\"https:\/\/www.lichtgitter.cz\/hr\/wp-content\/uploads\/sites\/3\/2026\/02\/PoV_G021-B_Zn_EN.pdf\" target=\"_blank\" rel=\"noreferrer noopener\">Download (.pdf)<\/a><\/strong><\/td><\/tr><tr><td class=\"has-text-align-left\" data-align=\"left\">declaration of performance spiral staircase &#8222;LG Special&#8220;&nbsp;(*.pdf)<\/td><td class=\"has-text-align-right\" data-align=\"right\"><strong><a href=\"https:\/\/www.lichtgitter.cz\/hr\/wp-content\/uploads\/sites\/3\/2026\/02\/PoV_G041-LG-Special_Zn_EN.pdf\" target=\"_blank\" rel=\"noreferrer noopener\">Download (.pdf)<\/a><\/strong><\/td><\/tr><\/tbody><\/table><\/figure>\n\n\n\n<div class=\"wp-block-uagb-advanced-heading uagb-block-f00e9dff\"><h2 class=\"uagb-heading-text\">Load Tables<\/h2><\/div>\n\n\n\n<div class=\"wp-block-uagb-advanced-heading uagb-block-daa001d3\"><h3 class=\"uagb-heading-text\">Resistance welded gratings SP and press-locked P<\/h3><\/div>\n\n\n\n<figure class=\"wp-block-table custom-table is-style-stripes has-small-font-size\"><table><tbody><tr><td class=\"has-text-align-left\" data-align=\"left\">load table SP, S235<\/td><td class=\"has-text-align-right\" data-align=\"right\"><strong><a href=\"https:\/\/www.lichtgitter.cz\/en\/wp-content\/uploads\/sites\/4\/2026\/03\/Nosn_tab_SP_235_EN_05_2022.pdf\" target=\"_blank\" rel=\"noreferrer noopener\">Download (.pdf)<\/a><\/strong><\/td><\/tr><tr><td class=\"has-text-align-left\" data-align=\"left\">load table XSP, S235<\/td><td class=\"has-text-align-right\" data-align=\"right\"><strong><a href=\"https:\/\/www.lichtgitter.cz\/en\/wp-content\/uploads\/sites\/4\/2026\/03\/Nosn_tab_XSP_235_EN_05_2022.pdf\" target=\"_blank\" rel=\"noreferrer noopener\">Download (.pdf)<\/a><\/strong><\/td><\/tr><tr><td class=\"has-text-align-left\" data-align=\"left\">load table P, S235<\/td><td class=\"has-text-align-right\" data-align=\"right\"><strong><a href=\"https:\/\/www.lichtgitter.cz\/en\/wp-content\/uploads\/sites\/4\/2026\/03\/Nosn_tab_P_235_EN_05_2022.pdf\" target=\"_blank\" rel=\"noreferrer noopener\">Download (.pdf)<\/a><\/strong><\/td><\/tr><tr><td class=\"has-text-align-left\" data-align=\"left\">load table XP, S235<\/td><td class=\"has-text-align-right\" data-align=\"right\"><strong><a href=\"https:\/\/www.lichtgitter.cz\/en\/wp-content\/uploads\/sites\/4\/2026\/03\/Nosn_tab_XP_235_EN_05_2022.pdf\" target=\"_blank\" rel=\"noreferrer noopener\">Download (.pdf)<\/a><\/strong><\/td><\/tr><tr><td class=\"has-text-align-left\" data-align=\"left\">wheel load table &#8211; SP \/ P load table for material grade S 235 JR<\/td><td class=\"has-text-align-right\" data-align=\"right\"><strong><a href=\"https:\/\/www.lichtgitter.cz\/en\/wp-content\/uploads\/sites\/4\/2026\/03\/Nosn_tab_kol_tlak_S235JR_EN.pdf\" target=\"_blank\" rel=\"noreferrer noopener\">Download (.pdf)<\/a><\/strong><\/td><\/tr><tr><td class=\"has-text-align-left\" data-align=\"left\">wheel load table &#8211; P load table for material grade S 355 JR&nbsp;<\/td><td class=\"has-text-align-right\" data-align=\"right\"><strong><a href=\"https:\/\/www.lichtgitter.cz\/en\/wp-content\/uploads\/sites\/4\/2026\/03\/Nosn_tab_kol_tlak_S355JR_EN.pdf\" target=\"_blank\" rel=\"noreferrer noopener\">Download (.pdf)<\/a><\/strong><\/td><\/tr><\/tbody><\/table><\/figure>\n\n\n\n<div class=\"wp-block-uagb-advanced-heading uagb-block-18b69755\"><h3 class=\"uagb-heading-text\">Sheet metal profiles B<\/h3><\/div>\n\n\n\n<figure class=\"wp-block-table custom-table is-style-stripes has-small-font-size\"><table><tbody><tr><td class=\"has-text-align-left\" data-align=\"left\">load table BN-G and BN-O&nbsp;(conversion coefficient below the table)&nbsp;<\/td><td class=\"has-text-align-right\" data-align=\"right\"><strong><a href=\"https:\/\/www.lichtgitter.cz\/hr\/wp-content\/uploads\/sites\/3\/2026\/02\/Loadtable_BN-G.pdf\" target=\"_blank\" rel=\"noreferrer noopener\">Download (.pdf)<\/a><\/strong><\/td><\/tr><tr><td class=\"has-text-align-left\" data-align=\"left\">load table BP and BR_2mm&nbsp;<\/td><td class=\"has-text-align-right\" data-align=\"right\"><strong><a href=\"https:\/\/www.lichtgitter.cz\/hr\/wp-content\/uploads\/sites\/3\/2026\/02\/Loadtable_BP-BR_tl_2.pdf\" target=\"_blank\" rel=\"noreferrer noopener\">Download (.pdf)<\/a><\/strong><\/td><\/tr><tr><td class=\"has-text-align-left\" data-align=\"left\">load table BP and BR_2.5mm&nbsp;(*.pdf)<\/td><td class=\"has-text-align-right\" data-align=\"right\"><strong><a href=\"https:\/\/www.lichtgitter.cz\/hr\/wp-content\/uploads\/sites\/3\/2026\/02\/Loadtable_BP-BR_tl_2_5.pdf\" target=\"_blank\" rel=\"noreferrer noopener\">Download (.pdf)<\/a><\/strong><\/td><\/tr><tr><td class=\"has-text-align-left\" data-align=\"left\">load table BZ_2mm&nbsp;(*.pdf)<\/td><td class=\"has-text-align-right\" data-align=\"right\"><strong><a href=\"https:\/\/www.lichtgitter.cz\/hr\/wp-content\/uploads\/sites\/3\/2026\/02\/Loadtable_BZ_tl_2.pdf\" target=\"_blank\" rel=\"noreferrer noopener\">Download (.pdf)<\/a><\/strong><\/td><\/tr><tr><td class=\"has-text-align-left\" data-align=\"left\">load table BZ_2.5mm&nbsp;(*.pdf)<\/td><td class=\"has-text-align-right\" data-align=\"right\"><strong><a href=\"https:\/\/www.lichtgitter.cz\/hr\/wp-content\/uploads\/sites\/3\/2026\/02\/Loadtable_BZ_tl_2_5.pdf\" target=\"_blank\" rel=\"noreferrer noopener\">Download (.pdf)<\/a><\/strong><\/td><\/tr><tr><td class=\"has-text-align-left\" data-align=\"left\">load table BP, BR and BZ_single load&nbsp;(*.pdf)<\/td><td class=\"has-text-align-right\" data-align=\"right\"><strong><a href=\"https:\/\/www.lichtgitter.cz\/hr\/wp-content\/uploads\/sites\/3\/2026\/02\/Loadtable_BP_BR_BZ-Fp.pdf\" target=\"_blank\" rel=\"noreferrer noopener\">Download (.pdf)<\/a><\/strong><\/td><\/tr><tr><td class=\"has-text-align-left\" data-align=\"left\">load table BP-H&nbsp;(*.pdf)<\/td><td class=\"has-text-align-right\" data-align=\"right\"><strong><a href=\"https:\/\/www.lichtgitter.cz\/en\/wp-content\/uploads\/sites\/4\/2025\/11\/nosnostni_tab_BP-H_v1.pdf\" target=\"_blank\" rel=\"noreferrer noopener\">Download (.pdf)<\/a><\/strong><\/td><\/tr><tr><td class=\"has-text-align-left\" data-align=\"left\">load table BN-OF&nbsp;(*.pdf)<\/td><td class=\"has-text-align-right\" data-align=\"right\"><strong><a href=\"https:\/\/www.lichtgitter.cz\/en\/wp-content\/uploads\/sites\/4\/2025\/11\/nosnostni_tab__BN-OF_v1.pdf\" target=\"_blank\" rel=\"noreferrer noopener\">Download (.pdf)<\/a><\/strong><\/td><\/tr><\/tbody><\/table><\/figure>\n\n\n\n<div class=\"wp-block-uagb-advanced-heading uagb-block-90f65faa\"><h2 class=\"uagb-heading-text\">Manuals<\/h2><\/div>\n\n\n\n<figure class=\"wp-block-table custom-table is-style-stripes has-small-font-size\"><table><tbody><tr><td class=\"has-text-align-left\" data-align=\"left\">manual SP + P&nbsp;(*.pdf)<\/td><td class=\"has-text-align-right\" data-align=\"right\"><strong><a href=\"https:\/\/www.lichtgitter.cz\/en\/wp-content\/uploads\/sites\/4\/2025\/11\/Prirucka_SP-P_CZ.pdf\" target=\"_blank\" rel=\"noreferrer noopener\">Download (.pdf)<\/a><\/strong><\/td><\/tr><tr><td class=\"has-text-align-left\" data-align=\"left\">manual B&nbsp;(*.pdf)<\/td><td class=\"has-text-align-right\" data-align=\"right\"><strong><a href=\"https:\/\/www.lichtgitter.cz\/en\/wp-content\/uploads\/sites\/4\/2025\/11\/Prirucka_B_CZ.pdf\" target=\"_blank\" rel=\"noreferrer noopener\">Download (.pdf)<\/a><\/strong><\/td><\/tr><tr><td class=\"has-text-align-left\" data-align=\"left\">extended manual &#8211; in German, in English&nbsp;(*.pdf)<\/td><td class=\"has-text-align-right\" data-align=\"right\"><strong><a href=\"https:\/\/www.lichtgitter.cz\/en\/wp-content\/uploads\/sites\/4\/2025\/11\/Prirucka_Handbuch.pdf\" target=\"_blank\" rel=\"noreferrer noopener\">DE (.pdf)<\/a>, <a href=\"https:\/\/www.lichtgitter.cz\/en\/wp-content\/uploads\/sites\/4\/2025\/11\/Prirucka_Manual.pdf\" target=\"_blank\" rel=\"noreferrer noopener\">EN (.pdf)<\/a><\/strong><\/td><\/tr><tr><td class=\"has-text-align-left\" data-align=\"left\">manual GFK &#8211; in German, in English&nbsp;(*.pdf)<\/td><td class=\"has-text-align-right\" data-align=\"right\"><strong><a href=\"https:\/\/www.lichtgitter.cz\/en\/wp-content\/uploads\/sites\/4\/2025\/11\/Prirucka_GFK_nemecka_v1-1.pdf\" target=\"_blank\" rel=\"noreferrer noopener\">DE (.pdf)<\/a>, <a href=\"https:\/\/www.lichtgitter.cz\/en\/wp-content\/uploads\/sites\/4\/2025\/11\/Prirucka_GFK_anglicka_v1-1.pdf\" target=\"_blank\" rel=\"noreferrer noopener\">EN (.pdf)<\/a><\/strong><\/td><\/tr><\/tbody><\/table><\/figure>\n\n\n\n<div class=\"wp-block-uagb-advanced-heading uagb-block-89d34e29\"><h2 class=\"uagb-heading-text\">Leaflets<\/h2><\/div>\n\n\n\n<figure class=\"wp-block-table custom-table is-style-stripes has-small-font-size\"><table><tbody><tr><td class=\"has-text-align-left\" data-align=\"left\">Leaflet &#8211; Mining walkways BZ and BP&nbsp;(*.pdf)<\/td><td class=\"has-text-align-right\" data-align=\"right\"><strong><a href=\"https:\/\/www.lichtgitter.cz\/en\/wp-content\/uploads\/sites\/4\/2025\/11\/Letak_Hornicke_lavky_BZ_a_BP_v1.pdf\" target=\"_blank\" rel=\"noreferrer noopener\">Download (.pdf)<\/a><\/strong><\/td><\/tr><tr><td class=\"has-text-align-left\" data-align=\"left\">Leaflet &#8211; Spiral staircase &#8222;LG Special&#8220;&nbsp;(*.pdf)<\/td><td class=\"has-text-align-right\" data-align=\"right\"><strong><a href=\"https:\/\/www.lichtgitter.cz\/en\/wp-content\/uploads\/sites\/4\/2025\/11\/CZ_Letak_LG_Special-2.pdf\" target=\"_blank\" rel=\"noreferrer noopener\">Download (.pdf)<\/a><\/strong><\/td><\/tr><tr><td class=\"has-text-align-left\" data-align=\"left\">Leaflet &#8211; BN-OF&nbsp;(*.pdf)<\/td><td class=\"has-text-align-right\" data-align=\"right\"><strong><a href=\"https:\/\/www.lichtgitter.cz\/en\/wp-content\/uploads\/sites\/4\/2025\/11\/Letak_BN-OF_v1.pdf\" target=\"_blank\" rel=\"noreferrer noopener\">Download (.pdf)<\/a><\/strong><\/td><\/tr><tr><td class=\"has-text-align-left\" data-align=\"left\">Leaflet &#8211; BP-H&nbsp;(*.pdf)<\/td><td class=\"has-text-align-right\" data-align=\"right\"><strong><a href=\"https:\/\/www.lichtgitter.cz\/en\/wp-content\/uploads\/sites\/4\/2025\/11\/Letak_BP-H_v1.pdf\" target=\"_blank\" rel=\"noreferrer noopener\">Download (.pdf)<\/a><\/strong><\/td><\/tr><tr><td class=\"has-text-align-left\" data-align=\"left\">Leaflet &#8211; Combi gratings&nbsp;(*.pdf)<\/td><td class=\"has-text-align-right\" data-align=\"right\"><strong><a href=\"https:\/\/www.lichtgitter.cz\/en\/wp-content\/uploads\/sites\/4\/2025\/11\/CZ_Letak_Kombirosty.pdf\" target=\"_blank\" rel=\"noreferrer noopener\">Download (.pdf)<\/a><\/strong><\/td><\/tr><\/tbody><\/table><\/figure>\n\n\n\n<div class=\"wp-block-uagb-advanced-heading uagb-block-ae168c92\"><h2 class=\"uagb-heading-text\">Installation Instructions for Fixing Elements<\/h2><\/div>\n\n\n\n<figure class=\"wp-block-table custom-table is-style-stripes has-small-font-size\"><table><tbody><tr><td class=\"has-text-align-left\" data-align=\"left\">instructions for B133T&nbsp;(*.pdf)<\/td><td class=\"has-text-align-right\" data-align=\"right\"><strong><a href=\"https:\/\/www.lichtgitter.cz\/hr\/wp-content\/uploads\/sites\/3\/2026\/02\/Instal_133T-EN.pdf\" target=\"_blank\" rel=\"noreferrer noopener\">Download (.pdf)<\/a><\/strong><\/td><\/tr><tr><td class=\"has-text-align-left\" data-align=\"left\">instructions for B334K and B633K&nbsp;(*.pdf)<\/td><td class=\"has-text-align-right\" data-align=\"right\"><strong><a href=\"https:\/\/www.lichtgitter.cz\/hr\/wp-content\/uploads\/sites\/3\/2026\/02\/Instal_334K_633K-EN.pdf\" target=\"_blank\" rel=\"noreferrer noopener\">Download (.pdf)<\/a><\/strong><\/td><\/tr><tr><td class=\"has-text-align-left\" data-align=\"left\">instructions for B433T&nbsp;(*.pdf)<\/td><td class=\"has-text-align-right\" data-align=\"right\"><strong><a href=\"https:\/\/www.lichtgitter.cz\/hr\/wp-content\/uploads\/sites\/3\/2026\/02\/Instal_433T-EN.pdf\" target=\"_blank\" rel=\"noreferrer noopener\">Download (.pdf)<\/a><\/strong><\/td><\/tr><tr><td class=\"has-text-align-left\" data-align=\"left\">instructions for B733T and B833T&nbsp;(*.pdf)<\/td><td class=\"has-text-align-right\" data-align=\"right\"><strong><a href=\"https:\/\/www.lichtgitter.cz\/hr\/wp-content\/uploads\/sites\/3\/2026\/02\/Instal_733T_833T-EN.pdf\" target=\"_blank\" rel=\"noreferrer noopener\">Download (.pdf)<\/a><\/strong><\/td><\/tr><tr><td class=\"has-text-align-left\" data-align=\"left\">instructions for B933T&nbsp;(*.pdf)<\/td><td class=\"has-text-align-right\" data-align=\"right\"><strong><a href=\"https:\/\/www.lichtgitter.cz\/hr\/wp-content\/uploads\/sites\/3\/2026\/02\/Instal_933T-EN.pdf\" target=\"_blank\" rel=\"noreferrer noopener\">Download (.pdf)<\/a><\/strong><\/td><\/tr><\/tbody><\/table><\/figure>\n\n\n\n<div class=\"wp-block-uagb-advanced-heading uagb-block-1fcfd537\"><h2 class=\"uagb-heading-text\">Certificates<\/h2><\/div>\n\n\n\n<figure class=\"wp-block-table custom-table is-style-stripes has-small-font-size\"><table><tbody><tr><td class=\"has-text-align-left\" data-align=\"left\">Certificate EN ISO 9001:2015&nbsp;(*.pdf)<\/td><td class=\"has-text-align-right\" data-align=\"right\"><strong><a href=\"https:\/\/www.lichtgitter.cz\/hr\/wp-content\/uploads\/sites\/3\/2026\/02\/Cert_9001_EN.pdf\" target=\"_blank\" rel=\"noreferrer noopener\">Download (.pdf)<\/a><\/strong><\/td><\/tr><tr><td class=\"has-text-align-left\" data-align=\"left\">Certificate EN ISO 3834-2&nbsp;(*.pdf)<\/td><td class=\"has-text-align-right\" data-align=\"right\"><strong><a href=\"https:\/\/www.lichtgitter.cz\/hr\/wp-content\/uploads\/sites\/3\/2026\/02\/cert_3834_EN.pdf\" target=\"_blank\" rel=\"noreferrer noopener\">Download (.pdf)<\/a><\/strong><\/td><\/tr><tr><td class=\"has-text-align-left\" data-align=\"left\">Certificate EN 1090-EXC2&nbsp;(*.pdf)<\/td><td class=\"has-text-align-right\" data-align=\"right\"><strong><a href=\"https:\/\/www.lichtgitter.cz\/hr\/wp-content\/uploads\/sites\/3\/2026\/02\/Cert_1090_EN.pdf\" target=\"_blank\" rel=\"noreferrer noopener\">Download (.pdf)<\/a><\/strong><\/td><\/tr><\/tbody><\/table><\/figure>\n\n\n\n<div class=\"wp-block-uagb-advanced-heading uagb-block-6fccdda7\"><h2 class=\"uagb-heading-text\">Other<\/h2><\/div>\n\n\n\n<figure class=\"wp-block-table custom-table is-style-stripes has-small-font-size\"><table><tbody><tr><td class=\"has-text-align-left\" data-align=\"left\">anti-slip properties of gratings &#8211; slip resistance classes&nbsp;(*.pdf)<\/td><td class=\"has-text-align-right\" data-align=\"right\"><strong><a href=\"https:\/\/www.lichtgitter.cz\/en\/wp-content\/uploads\/sites\/4\/2025\/11\/Tridy-protiskluzu-rostu-1.pdf\" target=\"_blank\" rel=\"noreferrer noopener\">Download (.pdf)<\/a><\/strong><\/td><\/tr><\/tbody><\/table><\/figure>\n<\/div><\/div>\n","protected":false},"excerpt":{"rendered":"<p>General Terms and Conditions delivery, payment and warranty terms&nbsp;(*.pdf) Download (.pdf) Declarations of Performance declaration of performance SP, XSP, P, XP&nbsp;(*.pdf) Download (.pdf) declaration of performance sheet metal profiles B&nbsp;(*.pdf) Download (.pdf) declaration of performance spiral staircase &#8222;LG Special&#8220;&nbsp;(*.pdf) Download (.pdf) Load Tables Resistance welded gratings SP and press-locked P load table SP, S235 Download [&hellip;]<\/p>\n","protected":false},"author":1,"featured_media":0,"parent":0,"menu_order":0,"comment_status":"closed","ping_status":"closed","template":"","meta":{"inline_featured_image":false,"_uag_custom_page_level_css":"","_swt_meta_header_display":false,"_swt_meta_footer_display":false,"_swt_meta_site_title_display":false,"_swt_meta_sticky_header":false,"_swt_meta_transparent_header":false,"footnotes":""},"folder":[],"class_list":["post-490","page","type-page","status-publish","hentry"],"yoast_head":"<!-- This site is optimized with the Yoast SEO plugin v27.5 - https:\/\/yoast.com\/product\/yoast-seo-wordpress\/ -->\n<title>Download - EN | lichtgitter.cz<\/title>\n<meta name=\"robots\" content=\"index, follow, max-snippet:-1, max-image-preview:large, max-video-preview:-1\" \/>\n<link rel=\"canonical\" href=\"https:\/\/www.lichtgitter.cz\/en\/download\/\" \/>\n<meta property=\"og:locale\" content=\"cs_CZ\" \/>\n<meta property=\"og:type\" content=\"article\" \/>\n<meta property=\"og:title\" content=\"Download - EN | lichtgitter.cz\" \/>\n<meta property=\"og:description\" content=\"General Terms and Conditions delivery, payment and warranty terms&nbsp;(*.pdf) Download (.pdf) Declarations of Performance declaration of performance SP, XSP, P, XP&nbsp;(*.pdf) Download (.pdf) declaration of performance sheet metal profiles B&nbsp;(*.pdf) Download (.pdf) declaration of performance spiral staircase &#8222;LG Special&#8220;&nbsp;(*.pdf) Download (.pdf) Load Tables Resistance welded gratings SP and press-locked P load table SP, S235 Download [&hellip;]\" \/>\n<meta property=\"og:url\" content=\"https:\/\/www.lichtgitter.cz\/en\/download\/\" \/>\n<meta property=\"og:site_name\" content=\"EN | lichtgitter.cz\" \/>\n<meta property=\"article:modified_time\" content=\"2026-03-13T13:18:11+00:00\" \/>\n<meta name=\"twitter:card\" content=\"summary_large_image\" \/>\n<meta name=\"twitter:label1\" content=\"Odhadovan\u00e1 doba \u010dten\u00ed\" \/>\n\t<meta name=\"twitter:data1\" content=\"2 minuty\" \/>\n<script type=\"application\/ld+json\" class=\"yoast-schema-graph\">{\"@context\":\"https:\\\/\\\/schema.org\",\"@graph\":[{\"@type\":\"WebPage\",\"@id\":\"https:\\\/\\\/www.lichtgitter.cz\\\/en\\\/download\\\/\",\"url\":\"https:\\\/\\\/www.lichtgitter.cz\\\/en\\\/download\\\/\",\"name\":\"Download - EN | lichtgitter.cz\",\"isPartOf\":{\"@id\":\"https:\\\/\\\/www.lichtgitter.cz\\\/en\\\/#website\"},\"datePublished\":\"2025-10-14T18:47:43+00:00\",\"dateModified\":\"2026-03-13T13:18:11+00:00\",\"breadcrumb\":{\"@id\":\"https:\\\/\\\/www.lichtgitter.cz\\\/en\\\/download\\\/#breadcrumb\"},\"inLanguage\":\"cs\",\"potentialAction\":[{\"@type\":\"ReadAction\",\"target\":[\"https:\\\/\\\/www.lichtgitter.cz\\\/en\\\/download\\\/\"]}]},{\"@type\":\"BreadcrumbList\",\"@id\":\"https:\\\/\\\/www.lichtgitter.cz\\\/en\\\/download\\\/#breadcrumb\",\"itemListElement\":[{\"@type\":\"ListItem\",\"position\":1,\"name\":\"Home\",\"item\":\"https:\\\/\\\/www.lichtgitter.cz\\\/en\\\/\"},{\"@type\":\"ListItem\",\"position\":2,\"name\":\"Download\"}]},{\"@type\":\"WebSite\",\"@id\":\"https:\\\/\\\/www.lichtgitter.cz\\\/en\\\/#website\",\"url\":\"https:\\\/\\\/www.lichtgitter.cz\\\/en\\\/\",\"name\":\"Lichtgitter.cz\",\"description\":\"V\u00fdrobce ocelov\u00fdch odporov\u011b sva\u0159ovan\u00fdch a lisovan\u00fdch podlahov\u00fdch ro\u0161t\u016f a schodi\u0161\u0165ov\u00fdch stup\u0148\u016f\",\"publisher\":{\"@id\":\"https:\\\/\\\/www.lichtgitter.cz\\\/en\\\/#organization\"},\"potentialAction\":[{\"@type\":\"SearchAction\",\"target\":{\"@type\":\"EntryPoint\",\"urlTemplate\":\"https:\\\/\\\/www.lichtgitter.cz\\\/en\\\/?s={search_term_string}\"},\"query-input\":{\"@type\":\"PropertyValueSpecification\",\"valueRequired\":true,\"valueName\":\"search_term_string\"}}],\"inLanguage\":\"cs\"},{\"@type\":\"Organization\",\"@id\":\"https:\\\/\\\/www.lichtgitter.cz\\\/en\\\/#organization\",\"name\":\"Lichtgitter.cz\",\"url\":\"https:\\\/\\\/www.lichtgitter.cz\\\/en\\\/\",\"logo\":{\"@type\":\"ImageObject\",\"inLanguage\":\"cs\",\"@id\":\"https:\\\/\\\/www.lichtgitter.cz\\\/en\\\/#\\\/schema\\\/logo\\\/image\\\/\",\"url\":\"https:\\\/\\\/www.lichtgitter.cz\\\/en\\\/wp-content\\\/uploads\\\/sites\\\/4\\\/2025\\\/11\\\/logo_v3.svg\",\"contentUrl\":\"https:\\\/\\\/www.lichtgitter.cz\\\/en\\\/wp-content\\\/uploads\\\/sites\\\/4\\\/2025\\\/11\\\/logo_v3.svg\",\"width\":100,\"height\":100,\"caption\":\"Lichtgitter.cz\"},\"image\":{\"@id\":\"https:\\\/\\\/www.lichtgitter.cz\\\/en\\\/#\\\/schema\\\/logo\\\/image\\\/\"}}]}<\/script>\n<!-- \/ Yoast SEO plugin. -->","yoast_head_json":{"title":"Download - EN | lichtgitter.cz","robots":{"index":"index","follow":"follow","max-snippet":"max-snippet:-1","max-image-preview":"max-image-preview:large","max-video-preview":"max-video-preview:-1"},"canonical":"https:\/\/www.lichtgitter.cz\/en\/download\/","og_locale":"cs_CZ","og_type":"article","og_title":"Download - EN | lichtgitter.cz","og_description":"General Terms and Conditions delivery, payment and warranty terms&nbsp;(*.pdf) Download (.pdf) Declarations of Performance declaration of performance SP, XSP, P, XP&nbsp;(*.pdf) Download (.pdf) declaration of performance sheet metal profiles B&nbsp;(*.pdf) Download (.pdf) declaration of performance spiral staircase &#8222;LG Special&#8220;&nbsp;(*.pdf) Download (.pdf) Load Tables Resistance welded gratings SP and press-locked P load table SP, S235 Download [&hellip;]","og_url":"https:\/\/www.lichtgitter.cz\/en\/download\/","og_site_name":"EN | lichtgitter.cz","article_modified_time":"2026-03-13T13:18:11+00:00","twitter_card":"summary_large_image","twitter_misc":{"Odhadovan\u00e1 doba \u010dten\u00ed":"2 minuty"},"schema":{"@context":"https:\/\/schema.org","@graph":[{"@type":"WebPage","@id":"https:\/\/www.lichtgitter.cz\/en\/download\/","url":"https:\/\/www.lichtgitter.cz\/en\/download\/","name":"Download - EN | lichtgitter.cz","isPartOf":{"@id":"https:\/\/www.lichtgitter.cz\/en\/#website"},"datePublished":"2025-10-14T18:47:43+00:00","dateModified":"2026-03-13T13:18:11+00:00","breadcrumb":{"@id":"https:\/\/www.lichtgitter.cz\/en\/download\/#breadcrumb"},"inLanguage":"cs","potentialAction":[{"@type":"ReadAction","target":["https:\/\/www.lichtgitter.cz\/en\/download\/"]}]},{"@type":"BreadcrumbList","@id":"https:\/\/www.lichtgitter.cz\/en\/download\/#breadcrumb","itemListElement":[{"@type":"ListItem","position":1,"name":"Home","item":"https:\/\/www.lichtgitter.cz\/en\/"},{"@type":"ListItem","position":2,"name":"Download"}]},{"@type":"WebSite","@id":"https:\/\/www.lichtgitter.cz\/en\/#website","url":"https:\/\/www.lichtgitter.cz\/en\/","name":"Lichtgitter.cz","description":"V\u00fdrobce ocelov\u00fdch odporov\u011b sva\u0159ovan\u00fdch a lisovan\u00fdch podlahov\u00fdch ro\u0161t\u016f a schodi\u0161\u0165ov\u00fdch stup\u0148\u016f","publisher":{"@id":"https:\/\/www.lichtgitter.cz\/en\/#organization"},"potentialAction":[{"@type":"SearchAction","target":{"@type":"EntryPoint","urlTemplate":"https:\/\/www.lichtgitter.cz\/en\/?s={search_term_string}"},"query-input":{"@type":"PropertyValueSpecification","valueRequired":true,"valueName":"search_term_string"}}],"inLanguage":"cs"},{"@type":"Organization","@id":"https:\/\/www.lichtgitter.cz\/en\/#organization","name":"Lichtgitter.cz","url":"https:\/\/www.lichtgitter.cz\/en\/","logo":{"@type":"ImageObject","inLanguage":"cs","@id":"https:\/\/www.lichtgitter.cz\/en\/#\/schema\/logo\/image\/","url":"https:\/\/www.lichtgitter.cz\/en\/wp-content\/uploads\/sites\/4\/2025\/11\/logo_v3.svg","contentUrl":"https:\/\/www.lichtgitter.cz\/en\/wp-content\/uploads\/sites\/4\/2025\/11\/logo_v3.svg","width":100,"height":100,"caption":"Lichtgitter.cz"},"image":{"@id":"https:\/\/www.lichtgitter.cz\/en\/#\/schema\/logo\/image\/"}}]}},"uagb_featured_image_src":{"full":false,"thumbnail":false,"medium":false,"medium_large":false,"large":false,"1536x1536":false,"2048x2048":false},"uagb_author_info":{"display_name":"Jan","author_link":"https:\/\/www.lichtgitter.cz\/en\/blog\/author\/jan\/"},"uagb_comment_info":0,"uagb_excerpt":"General Terms and Conditions delivery, payment and warranty terms&nbsp;(*.pdf) Download (.pdf) Declarations of Performance declaration of performance SP, XSP, P, XP&nbsp;(*.pdf) Download (.pdf) declaration of performance sheet metal profiles B&nbsp;(*.pdf) Download (.pdf) declaration of performance spiral staircase &#8222;LG Special&#8220;&nbsp;(*.pdf) Download (.pdf) Load Tables Resistance welded gratings SP and press-locked P load table SP, S235 Download&hellip;","_links":{"self":[{"href":"https:\/\/www.lichtgitter.cz\/en\/wp-json\/wp\/v2\/pages\/490","targetHints":{"allow":["GET"]}}],"collection":[{"href":"https:\/\/www.lichtgitter.cz\/en\/wp-json\/wp\/v2\/pages"}],"about":[{"href":"https:\/\/www.lichtgitter.cz\/en\/wp-json\/wp\/v2\/types\/page"}],"author":[{"embeddable":true,"href":"https:\/\/www.lichtgitter.cz\/en\/wp-json\/wp\/v2\/users\/1"}],"replies":[{"embeddable":true,"href":"https:\/\/www.lichtgitter.cz\/en\/wp-json\/wp\/v2\/comments?post=490"}],"version-history":[{"count":35,"href":"https:\/\/www.lichtgitter.cz\/en\/wp-json\/wp\/v2\/pages\/490\/revisions"}],"predecessor-version":[{"id":2061,"href":"https:\/\/www.lichtgitter.cz\/en\/wp-json\/wp\/v2\/pages\/490\/revisions\/2061"}],"wp:attachment":[{"href":"https:\/\/www.lichtgitter.cz\/en\/wp-json\/wp\/v2\/media?parent=490"}],"wp:term":[{"taxonomy":"folder","embeddable":true,"href":"https:\/\/www.lichtgitter.cz\/en\/wp-json\/wp\/v2\/folder?post=490"}],"curies":[{"name":"wp","href":"https:\/\/api.w.org\/{rel}","templated":true}]}}