{"id":494,"date":"2025-10-14T18:48:17","date_gmt":"2025-10-14T18:48:17","guid":{"rendered":"https:\/\/www.lichtgitter.cz\/en\/?page_id=494"},"modified":"2026-02-23T14:20:22","modified_gmt":"2026-02-23T14:20:22","slug":"about-us","status":"publish","type":"page","link":"https:\/\/www.lichtgitter.cz\/en\/about-us\/","title":{"rendered":"About us"},"content":{"rendered":"\n<div class=\"wp-block-uagb-container uagb-block-384493ff alignfull uagb-is-root-container\"><div class=\"uagb-container-inner-blocks-wrap\">\n<div class=\"wp-block-uagb-container uagb-block-606b6d21\">\n<div class=\"wp-block-uagb-advanced-heading uagb-block-76e847b8\"><h2 class=\"uagb-heading-text\">Manufacturer of floor gratings \u2013 company<strong> Lichtgitter CZ spol. s r. o.<\/strong><\/h2><\/div>\n\n\n\n<p><strong>Lichtgitter CZ spol. s r. o.<\/strong>, the largest Czech manufacturer of floor gratings, is located in Horn\u00ed Such\u00e1 in the north-east of the Czech Republic. The company was founded in 1994 as a joint venture of two traditional grating manufacturers, Kovony Karvin\u00e1 a.s. and Lichtgitter GmbH, as Kovona-Lichtgitter spol. s r.o. Today, Lichtgitter CZ is a 100% subsidiary of the German company Lichtgitter GmbH, headquartered in Stadtlohn.<\/p>\n<\/div>\n\n\n\n<div class=\"wp-block-uagb-container uagb-block-189897a8\">\n<div class=\"wp-block-uagb-image uagb-block-c0ef1480 wp-block-uagb-image--layout-default wp-block-uagb-image--effect-static wp-block-uagb-image--align-none\"><figure class=\"wp-block-uagb-image__figure\"><img decoding=\"async\" srcset=\"https:\/\/www.lichtgitter.cz\/en\/wp-content\/uploads\/sites\/4\/2025\/10\/IMG_20250819_084403-1-1024x768.jpg ,https:\/\/www.lichtgitter.cz\/en\/wp-content\/uploads\/sites\/4\/2025\/10\/IMG_20250819_084403-1-scaled.jpg 780w, https:\/\/www.lichtgitter.cz\/en\/wp-content\/uploads\/sites\/4\/2025\/10\/IMG_20250819_084403-1-scaled.jpg 360w\" sizes=\"auto, (max-width: 480px) 150px\" src=\"https:\/\/www.lichtgitter.cz\/en\/wp-content\/uploads\/sites\/4\/2025\/10\/IMG_20250819_084403-1-1024x768.jpg\" alt=\"\" class=\"uag-image-574\" width=\"1024\" height=\"768\" title=\"IMG_20250819_084403\" loading=\"lazy\" role=\"img\"\/><\/figure><\/div>\n<\/div>\n<\/div><\/div>\n\n\n\n<div class=\"wp-block-uagb-container uagb-block-157e4cd8 alignfull uagb-is-root-container\"><div class=\"uagb-container-inner-blocks-wrap\">\n<div class=\"wp-block-uagb-container uagb-block-f5f0d56f\">\n<div class=\"wp-block-uagb-image uagb-block-d8058c12 wp-block-uagb-image--layout-default wp-block-uagb-image--effect-static wp-block-uagb-image--align-none\"><figure class=\"wp-block-uagb-image__figure\"><img decoding=\"async\" srcset=\"https:\/\/www.lichtgitter.cz\/en\/wp-content\/uploads\/sites\/4\/2025\/10\/IMG_20250819_122738-1-1024x768.jpg ,https:\/\/www.lichtgitter.cz\/en\/wp-content\/uploads\/sites\/4\/2025\/10\/IMG_20250819_122738-1-scaled.jpg 780w, https:\/\/www.lichtgitter.cz\/en\/wp-content\/uploads\/sites\/4\/2025\/10\/IMG_20250819_122738-1-scaled.jpg 360w\" sizes=\"auto, (max-width: 480px) 150px\" src=\"https:\/\/www.lichtgitter.cz\/en\/wp-content\/uploads\/sites\/4\/2025\/10\/IMG_20250819_122738-1-1024x768.jpg\" alt=\"\" class=\"uag-image-579\" width=\"1024\" height=\"768\" title=\"IMG_20250819_122738\" loading=\"lazy\" role=\"img\"\/><\/figure><\/div>\n<\/div>\n\n\n\n<div class=\"wp-block-uagb-container uagb-block-9b0321b9\">\n<p>The Lichtgitter product range includes walkable and drive-over gratings, welded, press-locked and composite gratings, sheet metal profiles, stair treads, spiral staircases and ladder rungs. Depending on the application, individual types can be produced in various material variants (steel, stainless steel, aluminium) with different surface finishes.<\/p>\n\n\n\n<p>Lichtgitter gratings are versatile and have wide application in various industrial sectors. They are used in the chemical industry, power plants and heating plants, the automotive industry, the food industry, shipbuilding, parking buildings (garages), drilling platforms, etc.<\/p>\n\n\n\n<p>Lichtgitter gratings are manufactured using the most modern technology. They can be produced in various dimensions and with various cut-outs (round, angled, oval cuts, etc.). Our CAD\/CAM system guarantees the highest manufacturing accuracy. Our production is carried out according to national and international standards and regulations such as \u010cSN, TZ\u00daS, ISO, DIN and RAL.<\/p>\n<\/div>\n<\/div><\/div>\n\n\n\n<div class=\"wp-block-uagb-container uagb-block-7741ec4d alignfull uagb-is-root-container\"><div class=\"uagb-container-inner-blocks-wrap\">\n<p>We offer customers a complete service \u2013 from technical consulting and calculating the correct grating type based on load data, through preparation of drawing documentation and, if necessary, laying plans, all the way to organizing transport to the construction site.<\/p>\n\n\n\n<p>Lichtgitter gratings are exported throughout Europe, Asia, Africa and South America. As Lichtgitter CZ, we reach customers in more than 22 countries, such as China, Indonesia, Turkey, Finland, England, Germany, Austria, Poland, etc.<\/p>\n\n\n\n<p>With the help of sister companies in Slovakia, Bulgaria and Romania, our company is building its position mainly in the Eastern European market.<\/p>\n\n\n\n<p>Lichtgitter CZ is certified to the EN ISO 9001:2015 quality system. To increase company performance, the management of Lichtgitter CZ uses the corporate&nbsp;<a href=\"\/wp-content\/uploads\/sites\/4\/2025\/10\/Politika-kvality-2017_web.pdf\" target=\"_blank\" rel=\"noreferrer noopener\">quality policy<\/a>.<\/p>\n<\/div><\/div>\n\n\n<div class=\"align wp-block-tlgb-b-timeline-block\" id='BTimelineBlock-1'\r\n  data-attributes='{&quot;timelines&quot;:[{&quot;icon&quot;:&quot;&lt;svg xmlns=&#039;http:\\\/\\\/www.w3.org\\\/2000\\\/svg&#039; viewBox=&#039;0 0 448 512&#039;&gt;&lt;path d=&#039;M64 32C28.7 32 0 60.7 0 96V416c0 35.3 28.7 64 64 64h98.2V334.2H109.4V256h52.8V222.3c0-87.1 39.4-127.5 125-127.5c16.2 0 44.2 3.2 55.7 6.4V172c-6-.6-16.5-1-29.6-1c-42 0-58.2 15.9-58.2 57.2V256h83.6l-14.4 78.2H255V480H384c35.3 0 64-28.7 64-64V96c0-35.3-28.7-64-64-64H64z&#039;\\\/&gt;&lt;\\\/svg&gt;&quot;,&quot;date&quot;:&quot;2002&quot;,&quot;label&quot;:&quot;1994&quot;,&quot;description&quot;:&quot;Establishment of the joint venture Kovona-Lichtgitter spol. s r. o. with headquarters in Karvin\\u00e1. Start of production\\nof resistance welded gratings&quot;,&quot;isAddTinyEditor&quot;:false},{&quot;icon&quot;:&quot;&lt;svg xmlns=&#039;http:\\\/\\\/www.w3.org\\\/2000\\\/svg&#039; viewBox=&#039;0 0 16 16&#039; id=&#039;instagram&#039;&gt;&lt;path d=&#039;M8 0C5.829 0 5.556.01 4.703.048 3.85.088 3.269.222 2.76.42a3.9 3.9 0 0 0-1.417.923A3.9 3.9 0 0 0 .42 2.76C.222 3.268.087 3.85.048 4.7.01 5.555 0 5.827 0 8.001c0 2.172.01 2.444.048 3.297.04.852.174 1.433.372 1.942.205.526.478.972.923 1.417.444.445.89.719 1.416.923.51.198 1.09.333 1.942.372C5.555 15.99 5.827 16 8 16s2.444-.01 3.298-.048c.851-.04 1.434-.174 1.943-.372a3.9 3.9 0 0 0 1.416-.923c.445-.445.718-.891.923-1.417.197-.509.332-1.09.372-1.942C15.99 10.445 16 10.173 16 8s-.01-2.445-.048-3.299c-.04-.851-.175-1.433-.372-1.941a3.9 3.9 0 0 0-.923-1.417A3.9 3.9 0 0 0 13.24.42c-.51-.198-1.092-.333-1.943-.372C10.443.01 10.172 0 7.998 0zm-.717 1.442h.718c2.136 0 2.389.007 3.232.046.78.035 1.204.166 1.486.275.373.145.64.319.92.599s.453.546.598.92c.11.281.24.705.275 1.485.039.843.047 1.096.047 3.231s-.008 2.389-.047 3.232c-.035.78-.166 1.203-.275 1.485a2.5 2.5 0 0 1-.599.919c-.28.28-.546.453-.92.598-.28.11-.704.24-1.485.276-.843.038-1.096.047-3.232.047s-2.39-.009-3.233-.047c-.78-.036-1.203-.166-1.485-.276a2.5 2.5 0 0 1-.92-.598 2.5 2.5 0 0 1-.6-.92c-.109-.281-.24-.705-.275-1.485-.038-.843-.046-1.096-.046-3.233s.008-2.388.046-3.231c.036-.78.166-1.204.276-1.486.145-.373.319-.64.599-.92s.546-.453.92-.598c.282-.11.705-.24 1.485-.276.738-.034 1.024-.044 2.515-.045zm4.988 1.328a.96.96 0 1 0 0 1.92.96.96 0 0 0 0-1.92m-4.27 1.122a4.109 4.109 0 1 0 0 8.217 4.109 4.109 0 0 0 0-8.217m0 1.441a2.667 2.667 0 1 1 0 5.334 2.667 2.667 0 0 1 0-5.334&#039;\\\/&gt;&lt;\\\/svg&gt;&quot;,&quot;date&quot;:&quot;2003&quot;,&quot;label&quot;:&quot;1999&quot;,&quot;description&quot;:&quot;Implementation of quality management system certification according to EN ISO 9000 standards&quot;,&quot;isAddTinyEditor&quot;:false},{&quot;icon&quot;:&quot;&lt;svg xmlns=&#039;http:\\\/\\\/www.w3.org\\\/2000\\\/svg&#039; viewBox=&#039;0 0 448 512&#039;&gt;&lt;path d=&#039;M64 32C28.7 32 0 60.7 0 96V416c0 35.3 28.7 64 64 64H384c35.3 0 64-28.7 64-64V96c0-35.3-28.7-64-64-64H64zM351.3 199.3v0c0 86.7-66 186.6-186.6 186.6c-37.2 0-71.7-10.8-100.7-29.4c5.3 .6 10.4 .8 15.8 .8c30.7 0 58.9-10.4 81.4-28c-28.8-.6-53-19.5-61.3-45.5c10.1 1.5 19.2 1.5 29.6-1.2c-30-6.1-52.5-32.5-52.5-64.4v-.8c8.7 4.9 18.9 7.9 29.6 8.3c-9-6-16.4-14.1-21.5-23.6s-7.8-20.2-7.7-31c0-12.2 3.2-23.4 8.9-33.1c32.3 39.8 80.8 65.8 135.2 68.6c-9.3-44.5 24-80.6 64-80.6c18.9 0 35.9 7.9 47.9 20.7c14.8-2.8 29-8.3 41.6-15.8c-4.9 15.2-15.2 28-28.8 36.1c13.2-1.4 26-5.1 37.8-10.2c-8.9 13.1-20.1 24.7-32.9 34c.2 2.8 .2 5.7 .2 8.5z&#039;\\\/&gt;&lt;\\\/svg&gt;&quot;,&quot;date&quot;:&quot;2004&quot;,&quot;label&quot;:&quot;2000&quot;,&quot;description&quot;:&quot;Company name changed to Lichtgitter CZ spol. s r. o., relocation to a new production site\\nin Horn\\u00ed Such\\u00e1&quot;,&quot;isAddTinyEditor&quot;:false},{&quot;icon&quot;:&quot;&lt;svg xmlns=&#039;http:\\\/\\\/www.w3.org\\\/2000\\\/svg&#039; viewBox=&#039;0 0 448 512&#039;&gt;&lt;path d=&#039;M64 32C28.7 32 0 60.7 0 96V416c0 35.3 28.7 64 64 64h98.2V334.2H109.4V256h52.8V222.3c0-87.1 39.4-127.5 125-127.5c16.2 0 44.2 3.2 55.7 6.4V172c-6-.6-16.5-1-29.6-1c-42 0-58.2 15.9-58.2 57.2V256h83.6l-14.4 78.2H255V480H384c35.3 0 64-28.7 64-64V96c0-35.3-28.7-64-64-64H64z&#039;\\\/&gt;&lt;\\\/svg&gt;&quot;,&quot;date&quot;:&quot;02-02-2002&quot;,&quot;label&quot;:&quot;2002&quot;,&quot;description&quot;:&quot;Start of in-house production of press-locked gratings&quot;,&quot;isAddTinyEditor&quot;:false},{&quot;icon&quot;:&quot;&lt;svg xmlns=&#039;http:\\\/\\\/www.w3.org\\\/2000\\\/svg&#039; viewBox=&#039;0 0 448 512&#039;&gt;&lt;path d=&#039;M64 32C28.7 32 0 60.7 0 96V416c0 35.3 28.7 64 64 64h98.2V334.2H109.4V256h52.8V222.3c0-87.1 39.4-127.5 125-127.5c16.2 0 44.2 3.2 55.7 6.4V172c-6-.6-16.5-1-29.6-1c-42 0-58.2 15.9-58.2 57.2V256h83.6l-14.4 78.2H255V480H384c35.3 0 64-28.7 64-64V96c0-35.3-28.7-64-64-64H64z&#039;\\\/&gt;&lt;\\\/svg&gt;&quot;,&quot;date&quot;:&quot;02-02-2002&quot;,&quot;label&quot;:&quot;2004&quot;,&quot;description&quot;:&quot;Establishment of a subsidiary in Bulgaria \\u2013 Lichtgitter BG&quot;,&quot;isAddTinyEditor&quot;:false},{&quot;icon&quot;:&quot;&lt;svg xmlns=&#039;http:\\\/\\\/www.w3.org\\\/2000\\\/svg&#039; viewBox=&#039;0 0 448 512&#039;&gt;&lt;path d=&#039;M64 32C28.7 32 0 60.7 0 96V416c0 35.3 28.7 64 64 64h98.2V334.2H109.4V256h52.8V222.3c0-87.1 39.4-127.5 125-127.5c16.2 0 44.2 3.2 55.7 6.4V172c-6-.6-16.5-1-29.6-1c-42 0-58.2 15.9-58.2 57.2V256h83.6l-14.4 78.2H255V480H384c35.3 0 64-28.7 64-64V96c0-35.3-28.7-64-64-64H64z&#039;\\\/&gt;&lt;\\\/svg&gt;&quot;,&quot;date&quot;:&quot;02-02-2002&quot;,&quot;label&quot;:&quot;2006&quot;,&quot;description&quot;:&quot;Establishment of a subsidiary in Romania \\u2013 Lichtgitter RO&quot;,&quot;isAddTinyEditor&quot;:false},{&quot;icon&quot;:&quot;&lt;svg xmlns=&#039;http:\\\/\\\/www.w3.org\\\/2000\\\/svg&#039; viewBox=&#039;0 0 448 512&#039;&gt;&lt;path d=&#039;M64 32C28.7 32 0 60.7 0 96V416c0 35.3 28.7 64 64 64h98.2V334.2H109.4V256h52.8V222.3c0-87.1 39.4-127.5 125-127.5c16.2 0 44.2 3.2 55.7 6.4V172c-6-.6-16.5-1-29.6-1c-42 0-58.2 15.9-58.2 57.2V256h83.6l-14.4 78.2H255V480H384c35.3 0 64-28.7 64-64V96c0-35.3-28.7-64-64-64H64z&#039;\\\/&gt;&lt;\\\/svg&gt;&quot;,&quot;date&quot;:&quot;02-02-2002&quot;,&quot;label&quot;:&quot;2013&quot;,&quot;description&quot;:&quot;Implementation of production control system certification according to EN 1090-2, CE marking for steel products&quot;,&quot;isAddTinyEditor&quot;:false},{&quot;icon&quot;:&quot;&lt;svg xmlns=&#039;http:\\\/\\\/www.w3.org\\\/2000\\\/svg&#039; viewBox=&#039;0 0 448 512&#039;&gt;&lt;path d=&#039;M64 32C28.7 32 0 60.7 0 96V416c0 35.3 28.7 64 64 64h98.2V334.2H109.4V256h52.8V222.3c0-87.1 39.4-127.5 125-127.5c16.2 0 44.2 3.2 55.7 6.4V172c-6-.6-16.5-1-29.6-1c-42 0-58.2 15.9-58.2 57.2V256h83.6l-14.4 78.2H255V480H384c35.3 0 64-28.7 64-64V96c0-35.3-28.7-64-64-64H64z&#039;\\\/&gt;&lt;\\\/svg&gt;&quot;,&quot;date&quot;:&quot;02-02-2002&quot;,&quot;label&quot;:&quot;2020+&quot;,&quot;description&quot;:&quot;Strengthening export activities in markets in more than 20 countries&quot;,&quot;isAddTinyEditor&quot;:false}],&quot;lock&quot;:{&quot;move&quot;:false,&quot;remove&quot;:false},&quot;align&quot;:&quot;&quot;,&quot;type&quot;:&quot;vertical&quot;,&quot;itemPosition&quot;:&quot;right&quot;,&quot;labelLocation&quot;:&quot;right&quot;,&quot;startIndex&quot;:1,&quot;vigibleItems&quot;:4,&quot;moveItem&quot;:2,&quot;verticalTrigger&quot;:&quot;150px&quot;,&quot;rtlMode&quot;:false,&quot;barBackground&quot;:&quot;#dddddd&quot;,&quot;barDotColor&quot;:&quot;#dddddd&quot;,&quot;itemBg&quot;:&quot;#ffffff&quot;,&quot;itemColor&quot;:&quot;#333333&quot;,&quot;itemTypo&quot;:{&quot;fontSize&quot;:{&quot;desktop&quot;:14,&quot;tablet&quot;:14,&quot;mobile&quot;:14}},&quot;horizontalDatePosition&quot;:&quot;bottom&quot;,&quot;itemBorder&quot;:{&quot;width&quot;:&quot;1px&quot;,&quot;color&quot;:&quot;#cccccc&quot;},&quot;contentBorder&quot;:{&quot;width&quot;:&quot;1px&quot;,&quot;style&quot;:&quot;solid&quot;,&quot;color&quot;:&quot;#72aee6&quot;},&quot;labelTypo&quot;:{&quot;fontSize&quot;:{&quot;desktop&quot;:16,&quot;tablet&quot;:16,&quot;mobile&quot;:16}},&quot;labelColor&quot;:&quot;#222222&quot;,&quot;theme&quot;:&quot;default&quot;,&quot;timelineBar&quot;:{&quot;width&quot;:&quot;3px&quot;,&quot;dotSize&quot;:20,&quot;progressBarbgColor&quot;:{&quot;color&quot;:&quot;linear-gradient(to bottom, #ff6a00, #ee0979)&quot;}},&quot;dateStyles&quot;:{&quot;dateTypo&quot;:{&quot;fontSize&quot;:{&quot;desktop&quot;:14,&quot;tablet&quot;:14,&quot;mobile&quot;:14}},&quot;dateColor&quot;:&quot;black&quot;,&quot;dateContainerSize&quot;:50,&quot;dateBg&quot;:{&quot;color&quot;:&quot;#06b6d4&quot;}},&quot;iconStyles&quot;:{&quot;iconColor&quot;:&quot;orangered&quot;,&quot;iconColorHover&quot;:&quot;red&quot;,&quot;iconSize&quot;:40,&quot;iconContainerSize&quot;:40,&quot;background&quot;:{&quot;normal&quot;:{&quot;color&quot;:&quot;white&quot;},&quot;hover&quot;:{&quot;color&quot;:&quot;red&quot;}},&quot;borderControl&quot;:{&quot;width&quot;:&quot;1px&quot;,&quot;color&quot;:&quot;rgba(18, 235, 195, 1)&quot;,&quot;style&quot;:&quot;inset&quot;},&quot;iconBorderHover&quot;:&quot;1px solid #efefef&quot;},&quot;theme8CardBorder&quot;:{&quot;width&quot;:&quot;3px&quot;,&quot;style&quot;:&quot;solid&quot;,&quot;color&quot;:&quot;#111111&quot;},&quot;theme8CardShadow&quot;:{&quot;offsetX&quot;:5,&quot;offsetY&quot;:5,&quot;color&quot;:&quot;#111111&quot;},&quot;theme8Animation&quot;:{&quot;enabled&quot;:true,&quot;type&quot;:&quot;slide-up&quot;,&quot;duration&quot;:600,&quot;delay&quot;:120},&quot;theme3Animation&quot;:{&quot;enabled&quot;:true,&quot;type&quot;:&quot;slide-up&quot;,&quot;duration&quot;:600,&quot;delay&quot;:120},&quot;theme5Animation&quot;:{&quot;enabled&quot;:true,&quot;type&quot;:&quot;slide-up&quot;,&quot;duration&quot;:600,&quot;delay&quot;:120},&quot;theme4Animation&quot;:{&quot;enabled&quot;:true,&quot;type&quot;:&quot;slide-up&quot;,&quot;duration&quot;:600,&quot;delay&quot;:120},&quot;accordionAnimation&quot;:{&quot;enabled&quot;:true,&quot;type&quot;:&quot;slide-up&quot;,&quot;duration&quot;:600,&quot;delay&quot;:120},&quot;theme9Animation&quot;:{&quot;enabled&quot;:true,&quot;type&quot;:&quot;slide-up&quot;,&quot;duration&quot;:600,&quot;delay&quot;:120},&quot;theme9CenturyStyles&quot;:{&quot;color&quot;:&quot;#ffffff&quot;,&quot;bg&quot;:&quot;#1a1a1a&quot;,&quot;borderColor&quot;:&quot;#ffffff&quot;,&quot;borderWidth&quot;:4,&quot;borderRadius&quot;:50,&quot;centuryTypo&quot;:{&quot;fontSize&quot;:{&quot;desktop&quot;:24,&quot;tablet&quot;:24,&quot;mobile&quot;:20}}},&quot;hasCustomCSS&quot;:false,&quot;customCSS&quot;:&quot;&quot;}'><\/div>","protected":false},"excerpt":{"rendered":"<p>Manufacturer of floor gratings \u2013 company Lichtgitter CZ spol. s r. o. Lichtgitter CZ spol. s r. o., the largest Czech manufacturer of floor gratings, is located in Horn\u00ed Such\u00e1 in the north-east of the Czech Republic. The company was founded in 1994 as a joint venture of two traditional grating manufacturers, Kovony Karvin\u00e1 a.s. [&hellip;]<\/p>\n","protected":false},"author":1,"featured_media":0,"parent":0,"menu_order":0,"comment_status":"closed","ping_status":"closed","template":"","meta":{"inline_featured_image":false,"_uag_custom_page_level_css":"","_swt_meta_header_display":false,"_swt_meta_footer_display":false,"_swt_meta_site_title_display":false,"_swt_meta_sticky_header":false,"_swt_meta_transparent_header":false,"footnotes":""},"folder":[],"class_list":["post-494","page","type-page","status-publish","hentry"],"yoast_head":"<!-- This site is optimized with the Yoast SEO plugin v27.5 - https:\/\/yoast.com\/product\/yoast-seo-wordpress\/ -->\n<title>About us - EN | lichtgitter.cz<\/title>\n<meta name=\"robots\" content=\"index, follow, max-snippet:-1, max-image-preview:large, max-video-preview:-1\" \/>\n<link rel=\"canonical\" href=\"https:\/\/www.lichtgitter.cz\/en\/about-us\/\" \/>\n<meta property=\"og:locale\" content=\"cs_CZ\" \/>\n<meta property=\"og:type\" content=\"article\" \/>\n<meta property=\"og:title\" content=\"About us - EN | lichtgitter.cz\" \/>\n<meta property=\"og:description\" content=\"Manufacturer of floor gratings \u2013 company Lichtgitter CZ spol. s r. o. Lichtgitter CZ spol. s r. o., the largest Czech manufacturer of floor gratings, is located in Horn\u00ed Such\u00e1 in the north-east of the Czech Republic. The company was founded in 1994 as a joint venture of two traditional grating manufacturers, Kovony Karvin\u00e1 a.s. [&hellip;]\" \/>\n<meta property=\"og:url\" content=\"https:\/\/www.lichtgitter.cz\/en\/about-us\/\" \/>\n<meta property=\"og:site_name\" content=\"EN | lichtgitter.cz\" \/>\n<meta property=\"article:modified_time\" content=\"2026-02-23T14:20:22+00:00\" \/>\n<meta property=\"og:image\" content=\"https:\/\/www.lichtgitter.cz\/en\/wp-content\/uploads\/sites\/4\/2025\/10\/IMG_20250819_084403-1-1024x768.jpg\" \/>\n<meta name=\"twitter:card\" content=\"summary_large_image\" \/>\n<meta name=\"twitter:label1\" content=\"Odhadovan\u00e1 doba \u010dten\u00ed\" \/>\n\t<meta name=\"twitter:data1\" content=\"3 minuty\" \/>\n<script type=\"application\/ld+json\" class=\"yoast-schema-graph\">{\"@context\":\"https:\\\/\\\/schema.org\",\"@graph\":[{\"@type\":\"WebPage\",\"@id\":\"https:\\\/\\\/www.lichtgitter.cz\\\/en\\\/about-us\\\/\",\"url\":\"https:\\\/\\\/www.lichtgitter.cz\\\/en\\\/about-us\\\/\",\"name\":\"About us - EN | lichtgitter.cz\",\"isPartOf\":{\"@id\":\"https:\\\/\\\/www.lichtgitter.cz\\\/en\\\/#website\"},\"primaryImageOfPage\":{\"@id\":\"https:\\\/\\\/www.lichtgitter.cz\\\/en\\\/about-us\\\/#primaryimage\"},\"image\":{\"@id\":\"https:\\\/\\\/www.lichtgitter.cz\\\/en\\\/about-us\\\/#primaryimage\"},\"thumbnailUrl\":\"https:\\\/\\\/www.lichtgitter.cz\\\/en\\\/wp-content\\\/uploads\\\/sites\\\/4\\\/2025\\\/10\\\/IMG_20250819_084403-1-1024x768.jpg\",\"datePublished\":\"2025-10-14T18:48:17+00:00\",\"dateModified\":\"2026-02-23T14:20:22+00:00\",\"breadcrumb\":{\"@id\":\"https:\\\/\\\/www.lichtgitter.cz\\\/en\\\/about-us\\\/#breadcrumb\"},\"inLanguage\":\"cs\",\"potentialAction\":[{\"@type\":\"ReadAction\",\"target\":[\"https:\\\/\\\/www.lichtgitter.cz\\\/en\\\/about-us\\\/\"]}]},{\"@type\":\"ImageObject\",\"inLanguage\":\"cs\",\"@id\":\"https:\\\/\\\/www.lichtgitter.cz\\\/en\\\/about-us\\\/#primaryimage\",\"url\":\"https:\\\/\\\/www.lichtgitter.cz\\\/en\\\/wp-content\\\/uploads\\\/sites\\\/4\\\/2025\\\/10\\\/IMG_20250819_084403-1-scaled.jpg\",\"contentUrl\":\"https:\\\/\\\/www.lichtgitter.cz\\\/en\\\/wp-content\\\/uploads\\\/sites\\\/4\\\/2025\\\/10\\\/IMG_20250819_084403-1-scaled.jpg\",\"width\":2560,\"height\":1920},{\"@type\":\"BreadcrumbList\",\"@id\":\"https:\\\/\\\/www.lichtgitter.cz\\\/en\\\/about-us\\\/#breadcrumb\",\"itemListElement\":[{\"@type\":\"ListItem\",\"position\":1,\"name\":\"Home\",\"item\":\"https:\\\/\\\/www.lichtgitter.cz\\\/en\\\/\"},{\"@type\":\"ListItem\",\"position\":2,\"name\":\"About us\"}]},{\"@type\":\"WebSite\",\"@id\":\"https:\\\/\\\/www.lichtgitter.cz\\\/en\\\/#website\",\"url\":\"https:\\\/\\\/www.lichtgitter.cz\\\/en\\\/\",\"name\":\"Lichtgitter.cz\",\"description\":\"V\u00fdrobce ocelov\u00fdch odporov\u011b sva\u0159ovan\u00fdch a lisovan\u00fdch podlahov\u00fdch ro\u0161t\u016f a schodi\u0161\u0165ov\u00fdch stup\u0148\u016f\",\"publisher\":{\"@id\":\"https:\\\/\\\/www.lichtgitter.cz\\\/en\\\/#organization\"},\"potentialAction\":[{\"@type\":\"SearchAction\",\"target\":{\"@type\":\"EntryPoint\",\"urlTemplate\":\"https:\\\/\\\/www.lichtgitter.cz\\\/en\\\/?s={search_term_string}\"},\"query-input\":{\"@type\":\"PropertyValueSpecification\",\"valueRequired\":true,\"valueName\":\"search_term_string\"}}],\"inLanguage\":\"cs\"},{\"@type\":\"Organization\",\"@id\":\"https:\\\/\\\/www.lichtgitter.cz\\\/en\\\/#organization\",\"name\":\"Lichtgitter.cz\",\"url\":\"https:\\\/\\\/www.lichtgitter.cz\\\/en\\\/\",\"logo\":{\"@type\":\"ImageObject\",\"inLanguage\":\"cs\",\"@id\":\"https:\\\/\\\/www.lichtgitter.cz\\\/en\\\/#\\\/schema\\\/logo\\\/image\\\/\",\"url\":\"https:\\\/\\\/www.lichtgitter.cz\\\/en\\\/wp-content\\\/uploads\\\/sites\\\/4\\\/2025\\\/11\\\/logo_v3.svg\",\"contentUrl\":\"https:\\\/\\\/www.lichtgitter.cz\\\/en\\\/wp-content\\\/uploads\\\/sites\\\/4\\\/2025\\\/11\\\/logo_v3.svg\",\"width\":100,\"height\":100,\"caption\":\"Lichtgitter.cz\"},\"image\":{\"@id\":\"https:\\\/\\\/www.lichtgitter.cz\\\/en\\\/#\\\/schema\\\/logo\\\/image\\\/\"}}]}<\/script>\n<!-- \/ Yoast SEO plugin. -->","yoast_head_json":{"title":"About us - EN | lichtgitter.cz","robots":{"index":"index","follow":"follow","max-snippet":"max-snippet:-1","max-image-preview":"max-image-preview:large","max-video-preview":"max-video-preview:-1"},"canonical":"https:\/\/www.lichtgitter.cz\/en\/about-us\/","og_locale":"cs_CZ","og_type":"article","og_title":"About us - EN | lichtgitter.cz","og_description":"Manufacturer of floor gratings \u2013 company Lichtgitter CZ spol. s r. o. Lichtgitter CZ spol. s r. o., the largest Czech manufacturer of floor gratings, is located in Horn\u00ed Such\u00e1 in the north-east of the Czech Republic. The company was founded in 1994 as a joint venture of two traditional grating manufacturers, Kovony Karvin\u00e1 a.s. [&hellip;]","og_url":"https:\/\/www.lichtgitter.cz\/en\/about-us\/","og_site_name":"EN | lichtgitter.cz","article_modified_time":"2026-02-23T14:20:22+00:00","og_image":[{"url":"https:\/\/www.lichtgitter.cz\/en\/wp-content\/uploads\/sites\/4\/2025\/10\/IMG_20250819_084403-1-1024x768.jpg","type":"","width":"","height":""}],"twitter_card":"summary_large_image","twitter_misc":{"Odhadovan\u00e1 doba \u010dten\u00ed":"3 minuty"},"schema":{"@context":"https:\/\/schema.org","@graph":[{"@type":"WebPage","@id":"https:\/\/www.lichtgitter.cz\/en\/about-us\/","url":"https:\/\/www.lichtgitter.cz\/en\/about-us\/","name":"About us - EN | lichtgitter.cz","isPartOf":{"@id":"https:\/\/www.lichtgitter.cz\/en\/#website"},"primaryImageOfPage":{"@id":"https:\/\/www.lichtgitter.cz\/en\/about-us\/#primaryimage"},"image":{"@id":"https:\/\/www.lichtgitter.cz\/en\/about-us\/#primaryimage"},"thumbnailUrl":"https:\/\/www.lichtgitter.cz\/en\/wp-content\/uploads\/sites\/4\/2025\/10\/IMG_20250819_084403-1-1024x768.jpg","datePublished":"2025-10-14T18:48:17+00:00","dateModified":"2026-02-23T14:20:22+00:00","breadcrumb":{"@id":"https:\/\/www.lichtgitter.cz\/en\/about-us\/#breadcrumb"},"inLanguage":"cs","potentialAction":[{"@type":"ReadAction","target":["https:\/\/www.lichtgitter.cz\/en\/about-us\/"]}]},{"@type":"ImageObject","inLanguage":"cs","@id":"https:\/\/www.lichtgitter.cz\/en\/about-us\/#primaryimage","url":"https:\/\/www.lichtgitter.cz\/en\/wp-content\/uploads\/sites\/4\/2025\/10\/IMG_20250819_084403-1-scaled.jpg","contentUrl":"https:\/\/www.lichtgitter.cz\/en\/wp-content\/uploads\/sites\/4\/2025\/10\/IMG_20250819_084403-1-scaled.jpg","width":2560,"height":1920},{"@type":"BreadcrumbList","@id":"https:\/\/www.lichtgitter.cz\/en\/about-us\/#breadcrumb","itemListElement":[{"@type":"ListItem","position":1,"name":"Home","item":"https:\/\/www.lichtgitter.cz\/en\/"},{"@type":"ListItem","position":2,"name":"About us"}]},{"@type":"WebSite","@id":"https:\/\/www.lichtgitter.cz\/en\/#website","url":"https:\/\/www.lichtgitter.cz\/en\/","name":"Lichtgitter.cz","description":"V\u00fdrobce ocelov\u00fdch odporov\u011b sva\u0159ovan\u00fdch a lisovan\u00fdch podlahov\u00fdch ro\u0161t\u016f a schodi\u0161\u0165ov\u00fdch stup\u0148\u016f","publisher":{"@id":"https:\/\/www.lichtgitter.cz\/en\/#organization"},"potentialAction":[{"@type":"SearchAction","target":{"@type":"EntryPoint","urlTemplate":"https:\/\/www.lichtgitter.cz\/en\/?s={search_term_string}"},"query-input":{"@type":"PropertyValueSpecification","valueRequired":true,"valueName":"search_term_string"}}],"inLanguage":"cs"},{"@type":"Organization","@id":"https:\/\/www.lichtgitter.cz\/en\/#organization","name":"Lichtgitter.cz","url":"https:\/\/www.lichtgitter.cz\/en\/","logo":{"@type":"ImageObject","inLanguage":"cs","@id":"https:\/\/www.lichtgitter.cz\/en\/#\/schema\/logo\/image\/","url":"https:\/\/www.lichtgitter.cz\/en\/wp-content\/uploads\/sites\/4\/2025\/11\/logo_v3.svg","contentUrl":"https:\/\/www.lichtgitter.cz\/en\/wp-content\/uploads\/sites\/4\/2025\/11\/logo_v3.svg","width":100,"height":100,"caption":"Lichtgitter.cz"},"image":{"@id":"https:\/\/www.lichtgitter.cz\/en\/#\/schema\/logo\/image\/"}}]}},"uagb_featured_image_src":{"full":false,"thumbnail":false,"medium":false,"medium_large":false,"large":false,"1536x1536":false,"2048x2048":false},"uagb_author_info":{"display_name":"Jan","author_link":"https:\/\/www.lichtgitter.cz\/en\/blog\/author\/jan\/"},"uagb_comment_info":0,"uagb_excerpt":"Manufacturer of floor gratings \u2013 company Lichtgitter CZ spol. s r. o. Lichtgitter CZ spol. s r. o., the largest Czech manufacturer of floor gratings, is located in Horn\u00ed Such\u00e1 in the north-east of the Czech Republic. The company was founded in 1994 as a joint venture of two traditional grating manufacturers, Kovony Karvin\u00e1 a.s.&hellip;","_links":{"self":[{"href":"https:\/\/www.lichtgitter.cz\/en\/wp-json\/wp\/v2\/pages\/494","targetHints":{"allow":["GET"]}}],"collection":[{"href":"https:\/\/www.lichtgitter.cz\/en\/wp-json\/wp\/v2\/pages"}],"about":[{"href":"https:\/\/www.lichtgitter.cz\/en\/wp-json\/wp\/v2\/types\/page"}],"author":[{"embeddable":true,"href":"https:\/\/www.lichtgitter.cz\/en\/wp-json\/wp\/v2\/users\/1"}],"replies":[{"embeddable":true,"href":"https:\/\/www.lichtgitter.cz\/en\/wp-json\/wp\/v2\/comments?post=494"}],"version-history":[{"count":13,"href":"https:\/\/www.lichtgitter.cz\/en\/wp-json\/wp\/v2\/pages\/494\/revisions"}],"predecessor-version":[{"id":1951,"href":"https:\/\/www.lichtgitter.cz\/en\/wp-json\/wp\/v2\/pages\/494\/revisions\/1951"}],"wp:attachment":[{"href":"https:\/\/www.lichtgitter.cz\/en\/wp-json\/wp\/v2\/media?parent=494"}],"wp:term":[{"taxonomy":"folder","embeddable":true,"href":"https:\/\/www.lichtgitter.cz\/en\/wp-json\/wp\/v2\/folder?post=494"}],"curies":[{"name":"wp","href":"https:\/\/api.w.org\/{rel}","templated":true}]}}