{"id":504,"date":"2025-10-14T19:00:54","date_gmt":"2025-10-14T19:00:54","guid":{"rendered":"https:\/\/www.lichtgitter.cz\/en\/?page_id=504"},"modified":"2026-04-10T13:01:03","modified_gmt":"2026-04-10T13:01:03","slug":"contacts","status":"publish","type":"page","link":"https:\/\/www.lichtgitter.cz\/en\/contacts\/","title":{"rendered":"Contacts"},"content":{"rendered":"\n<div class=\"wp-block-uagb-container uagb-block-6df54f80 alignfull uagb-is-root-container\"><div class=\"uagb-container-inner-blocks-wrap\">\n<div class=\"wp-block-uagb-container contact-top-stripe uagb-block-9357d6bc alignfull uagb-is-root-container\"><div class=\"uagb-container-inner-blocks-wrap\">\n<div class=\"wp-block-uagb-info-box uagb-block-a269ee90 uagb-infobox__content-wrap  uagb-infobox-icon-above-title uagb-infobox-image-valign-top\"><div class=\"uagb-ifb-content\"><div class=\"uagb-ifb-icon-wrap\"><svg xmlns=\"https:\/\/www.w3.org\/2000\/svg\" viewBox=\"0 0 384 512\"><path d=\"M168.3 499.2C116.1 435 0 279.4 0 192C0 85.96 85.96 0 192 0C298 0 384 85.96 384 192C384 279.4 267 435 215.7 499.2C203.4 514.5 180.6 514.5 168.3 499.2H168.3zM192 256C227.3 256 256 227.3 256 192C256 156.7 227.3 128 192 128C156.7 128 128 156.7 128 192C128 227.3 156.7 256 192 256z\"><\/path><\/svg><\/div><div class=\"uagb-ifb-title-wrap\"><h3 class=\"uagb-ifb-title\">Company Headquarters<\/h3><\/div><p class=\"uagb-ifb-desc\"><strong>Lichtgitter CZ spol. s r. o.<\/strong><br>U L\u00e9k\u00e1rny 1<br>735 35 Horn\u00ed Such\u00e1<\/p><\/div><\/div>\n\n\n\n<div class=\"wp-block-uagb-info-box uagb-block-a2b71124 uagb-infobox__content-wrap  uagb-infobox-icon-above-title uagb-infobox-image-valign-top\"><div class=\"uagb-ifb-content\"><div class=\"uagb-ifb-icon-wrap\"><svg xmlns=\"https:\/\/www.w3.org\/2000\/svg\" viewBox=\"0 0 512 512\"><path d=\"M464 64C490.5 64 512 85.49 512 112C512 127.1 504.9 141.3 492.8 150.4L275.2 313.6C263.8 322.1 248.2 322.1 236.8 313.6L19.2 150.4C7.113 141.3 0 127.1 0 112C0 85.49 21.49 64 48 64H464zM217.6 339.2C240.4 356.3 271.6 356.3 294.4 339.2L512 176V384C512 419.3 483.3 448 448 448H64C28.65 448 0 419.3 0 384V176L217.6 339.2z\"><\/path><\/svg><\/div><div class=\"uagb-ifb-title-wrap\"><h3 class=\"uagb-ifb-title\">Contacts<\/h3><\/div><p class=\"uagb-ifb-desc\">Tel: <a href=\"tel:420596496511\">+420 596 496 511<\/a><br>Fax: <a href=\"tel:420596496538\">+420 596 496 538<\/a><br><a href=\"mailto:obchod@lichtgitter.cz\">obchod@lichtgitter.cz<\/a><\/p><\/div><\/div>\n\n\n\n<div class=\"wp-block-uagb-info-box uagb-block-a8536cfc uagb-infobox__content-wrap  uagb-infobox-icon-above-title uagb-infobox-image-valign-top\"><div class=\"uagb-ifb-content\"><div class=\"uagb-ifb-icon-wrap\"><svg xmlns=\"https:\/\/www.w3.org\/2000\/svg\" viewBox=\"0 0 576 512\"><path d=\"M512 32H64C28.65 32 0 60.65 0 96v320c0 35.35 28.65 64 64 64h448c35.35 0 64-28.65 64-64V96C576 60.65 547.3 32 512 32zM176 128c35.35 0 64 28.65 64 64s-28.65 64-64 64s-64-28.65-64-64S140.7 128 176 128zM272 384h-192C71.16 384 64 376.8 64 368C64 323.8 99.82 288 144 288h64c44.18 0 80 35.82 80 80C288 376.8 280.8 384 272 384zM496 320h-128C359.2 320 352 312.8 352 304S359.2 288 368 288h128C504.8 288 512 295.2 512 304S504.8 320 496 320zM496 256h-128C359.2 256 352 248.8 352 240S359.2 224 368 224h128C504.8 224 512 231.2 512 240S504.8 256 496 256zM496 192h-128C359.2 192 352 184.8 352 176S359.2 160 368 160h128C504.8 160 512 167.2 512 176S504.8 192 496 192z\"><\/path><\/svg><\/div><div class=\"uagb-ifb-title-wrap\"><h3 class=\"uagb-ifb-title\">Sales in the Czech Republic<\/h3><\/div><p class=\"uagb-ifb-desc\"><strong>Lichtgitter CZ spol. s r. o.<br>Ferona a.s.<\/strong><\/p><\/div><\/div>\n<\/div><\/div>\n\n\n\n<div class=\"wp-block-uagb-container uagb-block-3aa292eb alignfull uagb-is-root-container\"><div class=\"uagb-container-inner-blocks-wrap\">\n<div class=\"wp-block-uagb-advanced-heading uagb-block-cae5cc8f\"><h3 class=\"uagb-heading-text\"><strong>Contact Form<\/strong><\/h3><\/div>\n\n\n\n<div class=\"wp-block-uagb-forms uagb-forms__outer-wrap uagb-block-65208c21 uagb-forms__full-btn contact-form\"><form class=\"uagb-forms-main-form\" method=\"post\" autocomplete=\"on\" name=\"uagb-form-65208c21\">\n<div class=\"wp-block-uagb-forms-name uagb-forms-name-wrap uagb-forms-field-set uagb-block-b7b7a073\"><div class=\"uagb-forms-name-label required uagb-forms-input-label\" id=\"b7b7a073\">Name<\/div><input type=\"text\" placeholder=\"\" required class=\"uagb-forms-name-input uagb-forms-input\" name=\"b7b7a073\" autocomplete=\"name\"\/><\/div>\n\n\n\n<div class=\"wp-block-uagb-forms-email uagb-forms-email-wrap uagb-forms-field-set uagb-block-f1a34abe\"><div class=\"uagb-forms-email-label  uagb-forms-input-label\" id=\"f1a34abe\">Email<\/div><input type=\"email\" class=\"uagb-forms-email-input uagb-forms-input\" placeholder=\"\" name=\"f1a34abe\" autocomplete=\"email\"\/><\/div>\n\n\n\n<div class=\"wp-block-uagb-forms-name uagb-forms-name-wrap uagb-forms-field-set uagb-block-bc355506\"><div class=\"uagb-forms-name-label required uagb-forms-input-label\" id=\"bc355506\">Phone<\/div><input type=\"text\" placeholder=\"\" required class=\"uagb-forms-name-input uagb-forms-input\" name=\"bc355506\" autocomplete=\"off\"\/><\/div>\n\n\n\n<div class=\"wp-block-uagb-forms-textarea uagb-forms-textarea-wrap uagb-forms-field-set uagb-block-078d0bab\"><div class=\"uagb-forms-textarea-label required uagb-forms-input-label\" id=\"078d0bab\">Message text<\/div><textarea required class=\"uagb-forms-textarea-input uagb-forms-input\" rows=\"4\" placeholder=\"\" name=\"078d0bab\" autocomplete=\"off\"><\/textarea><\/div>\n<div class=\"uagb-forms-form-hidden-data\"><input type=\"hidden\" id=\"g-recaptcha-response\" class=\"uagb-forms-recaptcha\"\/><input type=\"hidden\" class=\"uagb_forms_form_label\" value=\"Spectra Form\"\/><input type=\"hidden\" class=\"uagb_forms_form_id\" value=\"uagb-form-65208c21\"\/><\/div><div class=\"g-recaptcha uagb-forms-field-set\" data-sitekey=\"\"><\/div><div class=\"uagb-form-reacaptcha-error-65208c21\"><\/div><div class=\"uagb-forms-main-submit-button-wrap wp-block-button\"><button class=\"uagb-forms-main-submit-button wp-block-button__link\"><div class=\"uagb-forms-main-submit-button-text\">Send<\/div><\/button><\/div><\/form><div class=\"uagb-forms-success-message-65208c21 uagb-forms-submit-message-hide\"><span>Sent!<\/span><\/div><div class=\"uagb-forms-failed-message-65208c21 uagb-forms-submit-message-hide\"><span>Error while sending<\/span><\/div><\/div>\n<\/div><\/div>\n<\/div><\/div>\n\n\n\n<div class=\"wp-block-uagb-container uagb-block-f4607f08 alignfull uagb-is-root-container\"><div class=\"uagb-container-inner-blocks-wrap\">\n<div class=\"wp-block-uagb-advanced-heading uagb-block-9558d610\"><h2 class=\"uagb-heading-text\">Contact Persons<\/h2><\/div>\n<\/div><\/div>\n\n\n\n<div class=\"wp-block-uagb-container contact-person-wrap uagb-layout-grid uagb-block-3eff8a8d alignfull uagb-is-root-container\"><div class=\"uagb-container-inner-blocks-wrap\">\n<div class=\"wp-block-uagb-info-box uagb-block-a75ac630 uagb-infobox__content-wrap  uagb-infobox-icon-above-title uagb-infobox-image-valign-top contact-person\"><div class=\"uagb-ifb-content\"><div class=\"uagb-ifb-title-wrap\"><span class=\"uagb-ifb-title-prefix\">managing director<\/span><h4 class=\"uagb-ifb-title\">Ing. Pavel \u015ami\u0142owski&nbsp;<\/h4><\/div><p class=\"uagb-ifb-desc\">E-mail:&nbsp;<a href=\"mailto:obchod@lichtgitter.cz\">obchod@lichtgitter.cz<\/a><br>Phone: <a href=\"tel:420596496520\">+420 596 496 520<\/a><br>Mobile: <a href=\"tel:420602752372\">+420 602 752 372<\/a><\/p><\/div><\/div>\n\n\n\n<div class=\"wp-block-uagb-info-box uagb-block-06a343e8 uagb-infobox__content-wrap  uagb-infobox-icon-above-title uagb-infobox-image-valign-top contact-person\"><div class=\"uagb-ifb-content\"><div class=\"uagb-ifb-title-wrap\"><span class=\"uagb-ifb-title-prefix\">sales manager<\/span><h4 class=\"uagb-ifb-title\">Ing. Mat\u011bj Lipt\u00e1k<\/h4><\/div><p class=\"uagb-ifb-desc\">E-mail:&nbsp;<a href=\"mailto:obchod@lichtgitter.cz\">obchod@lichtgitter.cz<\/a><br>Phone: <a href=\"tel:420596496527\">+420 596 496 527<\/a><br>Mobile: <a href=\"tel:420724261709\">+420 724 261 709<\/a><\/p><\/div><\/div>\n\n\n\n<div class=\"wp-block-uagb-info-box uagb-block-dc6063e2 uagb-infobox__content-wrap  uagb-infobox-icon-above-title uagb-infobox-image-valign-top contact-person\"><div class=\"uagb-ifb-content\"><div class=\"uagb-ifb-title-wrap\"><span class=\"uagb-ifb-title-prefix\">technical sales representative (CZ, SK)<\/span><h4 class=\"uagb-ifb-title\">Ing. Veronika \u0160kut\u00edkov\u00e1<\/h4><\/div><p class=\"uagb-ifb-desc\">E-mail:&nbsp;<a href=\"mailto:obchod@lichtgitter.cz\">obchod@lichtgitter.cz<\/a><br>Phone: <a href=\"http:\/\/420 596 496 527\">+420 596 496 527<\/a><br>Mobile: <a href=\"http:\/\/420 724 261 710\">+420 724 261 710<\/a><\/p><\/div><\/div>\n\n\n\n<div class=\"wp-block-uagb-info-box uagb-block-74ed2072 uagb-infobox__content-wrap  uagb-infobox-icon-above-title uagb-infobox-image-valign-top contact-person\"><div class=\"uagb-ifb-content\"><div class=\"uagb-ifb-title-wrap\"><span class=\"uagb-ifb-title-prefix\">export &#8211; sales department<\/span><h4 class=\"uagb-ifb-title\">Ond\u0159ej Sl\u00e1ma<\/h4><\/div><p class=\"uagb-ifb-desc\">E-mail:&nbsp;<a href=\"mailto:export@lichtgitter.cz\">export@lichtgitter.cz<\/a><br>Phone: <a href=\"http:\/\/420 596 496 528\">+420 596 496 528<\/a><br>Mobile: <a href=\"http:\/\/420 725 933 699\">+420 725 933 699<\/a><\/p><\/div><\/div>\n\n\n\n<div class=\"wp-block-uagb-info-box uagb-block-7813b7b0 uagb-infobox__content-wrap  uagb-infobox-icon-above-title uagb-infobox-image-valign-top contact-person\"><div class=\"uagb-ifb-content\"><div class=\"uagb-ifb-title-wrap\"><span class=\"uagb-ifb-title-prefix\">head of technical department<\/span><h4 class=\"uagb-ifb-title\">Marek Kuczera<\/h4><\/div><p class=\"uagb-ifb-desc\">E-mail:&nbsp;<a href=\"mailto:kuczera@lichtgitter.cz\">kuczera@lichtgitter.cz<\/a><br>Phone: <a href=\"tel:420596496541\">+420 596 496 541<\/a><\/p><\/div><\/div>\n\n\n\n<div class=\"wp-block-uagb-info-box uagb-block-32e3a8fd uagb-infobox__content-wrap  uagb-infobox-icon-above-title uagb-infobox-image-valign-top contact-person\"><div class=\"uagb-ifb-content\"><div class=\"uagb-ifb-title-wrap\"><span class=\"uagb-ifb-title-prefix\">quality management representative<\/span><h4 class=\"uagb-ifb-title\">Ing. Lum\u00edr Kr\u00f3likowski<\/h4><\/div><p class=\"uagb-ifb-desc\">E-mail:&nbsp;<a href=\"mailto:krolikowski@lichtgitter.cz\">krolikowski@lichtgitter.cz<\/a><br>Phone: <a href=\"tel:420596496542\">+420 596 496 542<\/a><\/p><\/div><\/div>\n\n\n\n<div class=\"wp-block-uagb-info-box uagb-block-6f2958bb uagb-infobox__content-wrap  uagb-infobox-icon-above-title uagb-infobox-image-valign-top contact-person\"><div class=\"uagb-ifb-content\"><div class=\"uagb-ifb-title-wrap\"><span class=\"uagb-ifb-title-prefix\">welding supervisor<\/span><h4 class=\"uagb-ifb-title\">Ing. Krzysztof Klimsza<\/h4><\/div><p class=\"uagb-ifb-desc\">E-mail:&nbsp;<a href=\"mailto:klimsza@lichtgitter.cz\">klimsza@lichtgitter.cz<\/a>&nbsp;<br>Phone: <a href=\"tel:420596496544\">+420 596 496 544<\/a><\/p><\/div><\/div>\n<\/div><\/div>\n\n\n\n<div class=\"wp-block-uagb-container uagb-block-58dba0ae alignfull uagb-is-root-container\"><div class=\"uagb-container-inner-blocks-wrap\">\t\t\t<div \n\t\t\tclass=\"wp-block-uagb-google-map uagb-google-map__wrap uagb-block-d6d2d0b8     \"\n\t\t\tstyle=\"\" >\n\t\t\t\t<embed\n\t\t\t\t\tclass=\"uagb-google-map__iframe\"\n\t\t\t\t\ttitle=\"Google Mapy pro \"\n\t\t\t\t\tsrc=\"https:\/\/maps.google.com\/maps?q=Lichtgitter%20CZ%20spol.%20s%20r.%20o.%20U%20L%C3%A9k%C3%A1rny%201%20735%2035%20Horn%C3%AD%20Such%C3%A1&#038;z=12&#038;hl=cs&#038;t=m&#038;output=embed&#038;iwloc=near\"\n\t\t\t\t\twidth=\"640\"\n\t\t\t\t\theight=\"420\"\n\t\t\t\t\tloading=\"lazy\"\n\t\t\t\t><\/embed>\n\t\t\t<\/div>\n\t\t\t<\/div><\/div>\n\n\n\n<div class=\"wp-block-uagb-container uagb-block-d5840d5f alignfull uagb-is-root-container\"><div class=\"uagb-container-inner-blocks-wrap\">\n<div class=\"wp-block-uagb-info-box uagb-block-809f2148 uagb-infobox__content-wrap  uagb-infobox-icon-above-title uagb-infobox-image-valign-top\"><div class=\"uagb-ifb-content\"><div class=\"uagb-ifb-icon-wrap\"><svg xmlns=\"https:\/\/www.w3.org\/2000\/svg\" viewBox=\"0 0 512 512\"><path d=\"M256 0C114.6 0 0 114.6 0 256s114.6 256 256 256s256-114.6 256-256S397.4 0 256 0zM256 128c17.67 0 32 14.33 32 32c0 17.67-14.33 32-32 32S224 177.7 224 160C224 142.3 238.3 128 256 128zM296 384h-80C202.8 384 192 373.3 192 360s10.75-24 24-24h16v-64H224c-13.25 0-24-10.75-24-24S210.8 224 224 224h32c13.25 0 24 10.75 24 24v88h16c13.25 0 24 10.75 24 24S309.3 384 296 384z\"><\/path><\/svg><\/div><div class=\"uagb-ifb-title-wrap\"><h3 class=\"uagb-ifb-title\">Lichtgitter Bulgarien GmbH<\/h3><\/div><p class=\"uagb-ifb-desc\">Ivan Vazov Strasse 4<br>4134 Skutare, Landkreis Plovdiv<br>Bulgarien<br>Tel.\/Fax: <a href=\"http:\/\/359 32 629391\">+359 32 629391<\/a><br>e-mail:&nbsp;<a href=\"mailto:marketing@lichtgitter.bg\">marketing@lichtgitter.bg<\/a><br><a href=\"http:\/\/www.lichtgitter.bg\/\">www.lichtgitter.bg<\/a><\/p><\/div><\/div>\n\n\n\n<div class=\"wp-block-uagb-info-box uagb-block-1e9b01c3 uagb-infobox__content-wrap  uagb-infobox-icon-above-title uagb-infobox-image-valign-top\"><div class=\"uagb-ifb-content\"><div class=\"uagb-ifb-icon-wrap\"><svg xmlns=\"https:\/\/www.w3.org\/2000\/svg\" viewBox=\"0 0 512 512\"><path d=\"M256 0C114.6 0 0 114.6 0 256s114.6 256 256 256s256-114.6 256-256S397.4 0 256 0zM256 128c17.67 0 32 14.33 32 32c0 17.67-14.33 32-32 32S224 177.7 224 160C224 142.3 238.3 128 256 128zM296 384h-80C202.8 384 192 373.3 192 360s10.75-24 24-24h16v-64H224c-13.25 0-24-10.75-24-24S210.8 224 224 224h32c13.25 0 24 10.75 24 24v88h16c13.25 0 24 10.75 24 24S309.3 384 296 384z\"><\/path><\/svg><\/div><div class=\"uagb-ifb-title-wrap\"><h3 class=\"uagb-ifb-title\">Lichtgitter RO<\/h3><\/div><p class=\"uagb-ifb-desc\">Feleacului street, 39<br>410150 Oradea<br>Romania<br>Tel.\/Fax: <a href=\"http:\/\/40 259 411705\">+40 259 411705<\/a><br>Tel.\/Fax: <a href=\"http:\/\/40 259 472401\">+40 259 472401<\/a><br>e-mail:&nbsp;<a href=\"mailto:office@lichtgitter.ro\">office@lichtgitter.ro<\/a><br><a href=\"http:\/\/www.lichtgitter.ro\/\">www.lichtgitter.ro<\/a><\/p><\/div><\/div>\n<\/div><\/div>\n","protected":false},"excerpt":{"rendered":"<p>Contact Form Contact Persons<\/p>\n","protected":false},"author":1,"featured_media":0,"parent":0,"menu_order":0,"comment_status":"closed","ping_status":"closed","template":"","meta":{"inline_featured_image":false,"_uag_custom_page_level_css":"","_swt_meta_header_display":false,"_swt_meta_footer_display":false,"_swt_meta_site_title_display":false,"_swt_meta_sticky_header":false,"_swt_meta_transparent_header":false,"footnotes":""},"folder":[],"class_list":["post-504","page","type-page","status-publish","hentry"],"yoast_head":"<!-- This site is optimized with the Yoast SEO plugin v27.5 - https:\/\/yoast.com\/product\/yoast-seo-wordpress\/ -->\n<title>Contacts - EN | lichtgitter.cz<\/title>\n<meta name=\"robots\" content=\"index, follow, max-snippet:-1, max-image-preview:large, max-video-preview:-1\" \/>\n<link rel=\"canonical\" href=\"https:\/\/www.lichtgitter.cz\/en\/contacts\/\" \/>\n<meta property=\"og:locale\" content=\"cs_CZ\" \/>\n<meta property=\"og:type\" content=\"article\" \/>\n<meta property=\"og:title\" content=\"Contacts - EN | lichtgitter.cz\" \/>\n<meta property=\"og:description\" content=\"Contact Form Contact Persons\" \/>\n<meta property=\"og:url\" content=\"https:\/\/www.lichtgitter.cz\/en\/contacts\/\" \/>\n<meta property=\"og:site_name\" content=\"EN | lichtgitter.cz\" \/>\n<meta property=\"article:modified_time\" content=\"2026-04-10T13:01:03+00:00\" \/>\n<meta name=\"twitter:card\" content=\"summary_large_image\" \/>\n<meta name=\"twitter:label1\" content=\"Odhadovan\u00e1 doba \u010dten\u00ed\" \/>\n\t<meta name=\"twitter:data1\" content=\"2 minuty\" \/>\n<script type=\"application\/ld+json\" class=\"yoast-schema-graph\">{\"@context\":\"https:\\\/\\\/schema.org\",\"@graph\":[{\"@type\":\"WebPage\",\"@id\":\"https:\\\/\\\/www.lichtgitter.cz\\\/en\\\/contacts\\\/\",\"url\":\"https:\\\/\\\/www.lichtgitter.cz\\\/en\\\/contacts\\\/\",\"name\":\"Contacts - EN | lichtgitter.cz\",\"isPartOf\":{\"@id\":\"https:\\\/\\\/www.lichtgitter.cz\\\/en\\\/#website\"},\"datePublished\":\"2025-10-14T19:00:54+00:00\",\"dateModified\":\"2026-04-10T13:01:03+00:00\",\"breadcrumb\":{\"@id\":\"https:\\\/\\\/www.lichtgitter.cz\\\/en\\\/contacts\\\/#breadcrumb\"},\"inLanguage\":\"cs\",\"potentialAction\":[{\"@type\":\"ReadAction\",\"target\":[\"https:\\\/\\\/www.lichtgitter.cz\\\/en\\\/contacts\\\/\"]}]},{\"@type\":\"BreadcrumbList\",\"@id\":\"https:\\\/\\\/www.lichtgitter.cz\\\/en\\\/contacts\\\/#breadcrumb\",\"itemListElement\":[{\"@type\":\"ListItem\",\"position\":1,\"name\":\"Home\",\"item\":\"https:\\\/\\\/www.lichtgitter.cz\\\/en\\\/\"},{\"@type\":\"ListItem\",\"position\":2,\"name\":\"Contacts\"}]},{\"@type\":\"WebSite\",\"@id\":\"https:\\\/\\\/www.lichtgitter.cz\\\/en\\\/#website\",\"url\":\"https:\\\/\\\/www.lichtgitter.cz\\\/en\\\/\",\"name\":\"Lichtgitter.cz\",\"description\":\"V\u00fdrobce ocelov\u00fdch odporov\u011b sva\u0159ovan\u00fdch a lisovan\u00fdch podlahov\u00fdch ro\u0161t\u016f a schodi\u0161\u0165ov\u00fdch stup\u0148\u016f\",\"publisher\":{\"@id\":\"https:\\\/\\\/www.lichtgitter.cz\\\/en\\\/#organization\"},\"potentialAction\":[{\"@type\":\"SearchAction\",\"target\":{\"@type\":\"EntryPoint\",\"urlTemplate\":\"https:\\\/\\\/www.lichtgitter.cz\\\/en\\\/?s={search_term_string}\"},\"query-input\":{\"@type\":\"PropertyValueSpecification\",\"valueRequired\":true,\"valueName\":\"search_term_string\"}}],\"inLanguage\":\"cs\"},{\"@type\":\"Organization\",\"@id\":\"https:\\\/\\\/www.lichtgitter.cz\\\/en\\\/#organization\",\"name\":\"Lichtgitter.cz\",\"url\":\"https:\\\/\\\/www.lichtgitter.cz\\\/en\\\/\",\"logo\":{\"@type\":\"ImageObject\",\"inLanguage\":\"cs\",\"@id\":\"https:\\\/\\\/www.lichtgitter.cz\\\/en\\\/#\\\/schema\\\/logo\\\/image\\\/\",\"url\":\"https:\\\/\\\/www.lichtgitter.cz\\\/en\\\/wp-content\\\/uploads\\\/sites\\\/4\\\/2025\\\/11\\\/logo_v3.svg\",\"contentUrl\":\"https:\\\/\\\/www.lichtgitter.cz\\\/en\\\/wp-content\\\/uploads\\\/sites\\\/4\\\/2025\\\/11\\\/logo_v3.svg\",\"width\":100,\"height\":100,\"caption\":\"Lichtgitter.cz\"},\"image\":{\"@id\":\"https:\\\/\\\/www.lichtgitter.cz\\\/en\\\/#\\\/schema\\\/logo\\\/image\\\/\"}}]}<\/script>\n<!-- \/ Yoast SEO plugin. -->","yoast_head_json":{"title":"Contacts - EN | lichtgitter.cz","robots":{"index":"index","follow":"follow","max-snippet":"max-snippet:-1","max-image-preview":"max-image-preview:large","max-video-preview":"max-video-preview:-1"},"canonical":"https:\/\/www.lichtgitter.cz\/en\/contacts\/","og_locale":"cs_CZ","og_type":"article","og_title":"Contacts - EN | lichtgitter.cz","og_description":"Contact Form Contact Persons","og_url":"https:\/\/www.lichtgitter.cz\/en\/contacts\/","og_site_name":"EN | lichtgitter.cz","article_modified_time":"2026-04-10T13:01:03+00:00","twitter_card":"summary_large_image","twitter_misc":{"Odhadovan\u00e1 doba \u010dten\u00ed":"2 minuty"},"schema":{"@context":"https:\/\/schema.org","@graph":[{"@type":"WebPage","@id":"https:\/\/www.lichtgitter.cz\/en\/contacts\/","url":"https:\/\/www.lichtgitter.cz\/en\/contacts\/","name":"Contacts - EN | lichtgitter.cz","isPartOf":{"@id":"https:\/\/www.lichtgitter.cz\/en\/#website"},"datePublished":"2025-10-14T19:00:54+00:00","dateModified":"2026-04-10T13:01:03+00:00","breadcrumb":{"@id":"https:\/\/www.lichtgitter.cz\/en\/contacts\/#breadcrumb"},"inLanguage":"cs","potentialAction":[{"@type":"ReadAction","target":["https:\/\/www.lichtgitter.cz\/en\/contacts\/"]}]},{"@type":"BreadcrumbList","@id":"https:\/\/www.lichtgitter.cz\/en\/contacts\/#breadcrumb","itemListElement":[{"@type":"ListItem","position":1,"name":"Home","item":"https:\/\/www.lichtgitter.cz\/en\/"},{"@type":"ListItem","position":2,"name":"Contacts"}]},{"@type":"WebSite","@id":"https:\/\/www.lichtgitter.cz\/en\/#website","url":"https:\/\/www.lichtgitter.cz\/en\/","name":"Lichtgitter.cz","description":"V\u00fdrobce ocelov\u00fdch odporov\u011b sva\u0159ovan\u00fdch a lisovan\u00fdch podlahov\u00fdch ro\u0161t\u016f a schodi\u0161\u0165ov\u00fdch stup\u0148\u016f","publisher":{"@id":"https:\/\/www.lichtgitter.cz\/en\/#organization"},"potentialAction":[{"@type":"SearchAction","target":{"@type":"EntryPoint","urlTemplate":"https:\/\/www.lichtgitter.cz\/en\/?s={search_term_string}"},"query-input":{"@type":"PropertyValueSpecification","valueRequired":true,"valueName":"search_term_string"}}],"inLanguage":"cs"},{"@type":"Organization","@id":"https:\/\/www.lichtgitter.cz\/en\/#organization","name":"Lichtgitter.cz","url":"https:\/\/www.lichtgitter.cz\/en\/","logo":{"@type":"ImageObject","inLanguage":"cs","@id":"https:\/\/www.lichtgitter.cz\/en\/#\/schema\/logo\/image\/","url":"https:\/\/www.lichtgitter.cz\/en\/wp-content\/uploads\/sites\/4\/2025\/11\/logo_v3.svg","contentUrl":"https:\/\/www.lichtgitter.cz\/en\/wp-content\/uploads\/sites\/4\/2025\/11\/logo_v3.svg","width":100,"height":100,"caption":"Lichtgitter.cz"},"image":{"@id":"https:\/\/www.lichtgitter.cz\/en\/#\/schema\/logo\/image\/"}}]}},"uagb_featured_image_src":{"full":false,"thumbnail":false,"medium":false,"medium_large":false,"large":false,"1536x1536":false,"2048x2048":false},"uagb_author_info":{"display_name":"Jan","author_link":"https:\/\/www.lichtgitter.cz\/en\/blog\/author\/jan\/"},"uagb_comment_info":0,"uagb_excerpt":"Contact Form Contact Persons","_links":{"self":[{"href":"https:\/\/www.lichtgitter.cz\/en\/wp-json\/wp\/v2\/pages\/504","targetHints":{"allow":["GET"]}}],"collection":[{"href":"https:\/\/www.lichtgitter.cz\/en\/wp-json\/wp\/v2\/pages"}],"about":[{"href":"https:\/\/www.lichtgitter.cz\/en\/wp-json\/wp\/v2\/types\/page"}],"author":[{"embeddable":true,"href":"https:\/\/www.lichtgitter.cz\/en\/wp-json\/wp\/v2\/users\/1"}],"replies":[{"embeddable":true,"href":"https:\/\/www.lichtgitter.cz\/en\/wp-json\/wp\/v2\/comments?post=504"}],"version-history":[{"count":34,"href":"https:\/\/www.lichtgitter.cz\/en\/wp-json\/wp\/v2\/pages\/504\/revisions"}],"predecessor-version":[{"id":2145,"href":"https:\/\/www.lichtgitter.cz\/en\/wp-json\/wp\/v2\/pages\/504\/revisions\/2145"}],"wp:attachment":[{"href":"https:\/\/www.lichtgitter.cz\/en\/wp-json\/wp\/v2\/media?parent=504"}],"wp:term":[{"taxonomy":"folder","embeddable":true,"href":"https:\/\/www.lichtgitter.cz\/en\/wp-json\/wp\/v2\/folder?post=504"}],"curies":[{"name":"wp","href":"https:\/\/api.w.org\/{rel}","templated":true}]}}