{"id":3,"date":"2025-08-19T13:59:27","date_gmt":"2025-08-19T13:59:27","guid":{"rendered":"https:\/\/www.lichtgitter.cz\/hr\/?page_id=3"},"modified":"2026-02-23T09:36:41","modified_gmt":"2026-02-23T09:36:41","slug":"zastita-osobnih-podataka","status":"publish","type":"page","link":"https:\/\/www.lichtgitter.cz\/hr\/zastita-osobnih-podataka\/","title":{"rendered":"Za\u0161tita osobnih podataka"},"content":{"rendered":"\n<h3 class=\"wp-block-heading\">Informacije o obradi osobnih podataka (GDPR)<\/h3>\n\n\n\n<p>Tvrtka <strong>Lichtgiter CZ spol. s r.o.<\/strong>, sa sjedi\u0161tem U L\u00e9k\u00e1rny 1, 735 35 Horn\u00ed Such\u00e1, I\u010c: 60320371 (dalje u tekstu \u201evoditelj obrade\u201c), operator web stranice <strong>www.lichtgiter.cz<\/strong>, ovime obavje\u0161tava o obradi osobnih podataka u skladu s GDPR uredbom.<\/p>\n\n\n\n<h3 class=\"wp-block-heading\">Koje osobne podatke obra\u0111ujemo<\/h3>\n\n\n\n<p>Obra\u0111ujemo samo podatke koje nam sami dostavite, osobito:<\/p>\n\n\n\n<ul class=\"wp-block-list\">\n<li>ime i prezime,<\/li>\n\n\n\n<li>e-mail adresu,<\/li>\n\n\n\n<li>telefonski broj,<\/li>\n\n\n\n<li>eventualno druge podatke navedene u obrascu ili u e-mail komunikaciji.<\/li>\n<\/ul>\n\n\n\n<h3 class=\"wp-block-heading\">U koju svrhu obra\u0111ujemo podatke<\/h3>\n\n\n\n<ul class=\"wp-block-list\">\n<li>obradu va\u0161ih upita i zahtjeva,<\/li>\n\n\n\n<li>komunikaciju s korisnicima,<\/li>\n\n\n\n<li>ispunjavanje ugovornih i zakonskih obveza.<\/li>\n<\/ul>\n\n\n\n<h3 class=\"wp-block-heading\">Koliko dugo \u010duvamo podatke<\/h3>\n\n\n\n<p>Osobne podatke \u010duvamo samo onoliko dugo koliko je nu\u017eno za ispunjenje gore navedenih svrha ili koliko je propisano zakonom.<\/p>\n\n\n\n<h3 class=\"wp-block-heading\">Kome podaci mogu biti dostupni<\/h3>\n\n\n\n<p>Osobni podaci mogu biti dostupni samo pouzdanim izvr\u0161iteljima obrade, i to isklju\u010divo radi osiguranja rada web stranice i na\u0161ih usluga.<\/p>\n\n\n\n<h3 class=\"wp-block-heading\">Va\u0161a prava<\/h3>\n\n\n\n<p>Imate pravo na:<\/p>\n\n\n\n<ul class=\"wp-block-list\">\n<li>pristup svojim osobnim podacima,<\/li>\n\n\n\n<li>njihov ispravak ili brisanje,<\/li>\n\n\n\n<li>ograni\u010denje obrade,<\/li>\n\n\n\n<li>prigovor na obradu,<\/li>\n\n\n\n<li>podno\u0161enje pritu\u017ebe nadzornom tijelu za za\u0161titu osobnih podataka.<\/li>\n<\/ul>\n\n\n\n<p>U slu\u010daju pitanja mo\u017eete nas kontaktirati na e-mail <a href=\"mailto:obchod@lichtgiter.cz\">obchod@lichtgiter.cz<\/a>.<\/p>\n\n","protected":false},"excerpt":{"rendered":"<p>Informacije o obradi osobnih podataka (GDPR) Tvrtka Lichtgiter CZ spol. s r.o., sa sjedi\u0161tem U L\u00e9k\u00e1rny 1, 735 35 Horn\u00ed Such\u00e1, I\u010c: 60320371 (dalje u tekstu \u201evoditelj obrade\u201c), operator web stranice www.lichtgiter.cz, ovime obavje\u0161tava o obradi osobnih podataka u skladu s GDPR uredbom. Koje osobne podatke obra\u0111ujemo Obra\u0111ujemo samo podatke koje nam sami dostavite, osobito: [&hellip;]<\/p>\n","protected":false},"author":1,"featured_media":0,"parent":0,"menu_order":0,"comment_status":"closed","ping_status":"closed","template":"","meta":{"inline_featured_image":false,"_uag_custom_page_level_css":"","_swt_meta_header_display":false,"_swt_meta_footer_display":false,"_swt_meta_site_title_display":false,"_swt_meta_sticky_header":false,"_swt_meta_transparent_header":false,"footnotes":""},"folder":[],"class_list":["post-3","page","type-page","status-publish","hentry"],"yoast_head":"<!-- This site is optimized with the Yoast SEO plugin v27.5 - https:\/\/yoast.com\/product\/yoast-seo-wordpress\/ -->\n<title>Za\u0161tita osobnih podataka - HR | lichtgitter.cz<\/title>\n<meta name=\"robots\" content=\"index, follow, max-snippet:-1, max-image-preview:large, max-video-preview:-1\" \/>\n<link rel=\"canonical\" href=\"https:\/\/www.lichtgitter.cz\/hr\/zastita-osobnih-podataka\/\" \/>\n<meta property=\"og:locale\" content=\"cs_CZ\" \/>\n<meta property=\"og:type\" content=\"article\" \/>\n<meta property=\"og:title\" content=\"Za\u0161tita osobnih podataka - HR | lichtgitter.cz\" \/>\n<meta property=\"og:description\" content=\"Informacije o obradi osobnih podataka (GDPR) Tvrtka Lichtgiter CZ spol. s r.o., sa sjedi\u0161tem U L\u00e9k\u00e1rny 1, 735 35 Horn\u00ed Such\u00e1, I\u010c: 60320371 (dalje u tekstu \u201evoditelj obrade\u201c), operator web stranice www.lichtgiter.cz, ovime obavje\u0161tava o obradi osobnih podataka u skladu s GDPR uredbom. Koje osobne podatke obra\u0111ujemo Obra\u0111ujemo samo podatke koje nam sami dostavite, osobito: [&hellip;]\" \/>\n<meta property=\"og:url\" content=\"https:\/\/www.lichtgitter.cz\/hr\/zastita-osobnih-podataka\/\" \/>\n<meta property=\"og:site_name\" content=\"HR | lichtgitter.cz\" \/>\n<meta property=\"article:modified_time\" content=\"2026-02-23T09:36:41+00:00\" \/>\n<meta name=\"twitter:card\" content=\"summary_large_image\" \/>\n<meta name=\"twitter:label1\" content=\"Odhadovan\u00e1 doba \u010dten\u00ed\" \/>\n\t<meta name=\"twitter:data1\" content=\"1 minuta\" \/>\n<script type=\"application\/ld+json\" class=\"yoast-schema-graph\">{\"@context\":\"https:\\\/\\\/schema.org\",\"@graph\":[{\"@type\":\"WebPage\",\"@id\":\"https:\\\/\\\/www.lichtgitter.cz\\\/hr\\\/zastita-osobnih-podataka\\\/\",\"url\":\"https:\\\/\\\/www.lichtgitter.cz\\\/hr\\\/zastita-osobnih-podataka\\\/\",\"name\":\"Za\u0161tita osobnih podataka - HR | lichtgitter.cz\",\"isPartOf\":{\"@id\":\"https:\\\/\\\/www.lichtgitter.cz\\\/hr\\\/#website\"},\"datePublished\":\"2025-08-19T13:59:27+00:00\",\"dateModified\":\"2026-02-23T09:36:41+00:00\",\"breadcrumb\":{\"@id\":\"https:\\\/\\\/www.lichtgitter.cz\\\/hr\\\/zastita-osobnih-podataka\\\/#breadcrumb\"},\"inLanguage\":\"cs\",\"potentialAction\":[{\"@type\":\"ReadAction\",\"target\":[\"https:\\\/\\\/www.lichtgitter.cz\\\/hr\\\/zastita-osobnih-podataka\\\/\"]}]},{\"@type\":\"BreadcrumbList\",\"@id\":\"https:\\\/\\\/www.lichtgitter.cz\\\/hr\\\/zastita-osobnih-podataka\\\/#breadcrumb\",\"itemListElement\":[{\"@type\":\"ListItem\",\"position\":1,\"name\":\"Po\u010detna stranica\",\"item\":\"https:\\\/\\\/www.lichtgitter.cz\\\/hr\\\/\"},{\"@type\":\"ListItem\",\"position\":2,\"name\":\"Za\u0161tita osobnih podataka\"}]},{\"@type\":\"WebSite\",\"@id\":\"https:\\\/\\\/www.lichtgitter.cz\\\/hr\\\/#website\",\"url\":\"https:\\\/\\\/www.lichtgitter.cz\\\/hr\\\/\",\"name\":\"Lichtgitter.cz\",\"description\":\"Proizvo\u0111a\u010d \u010deli\u010dnih tla\u010dnih re\u0161etki i gazi\u0161ta stepenica zavarenih i pre\u0161anih\",\"publisher\":{\"@id\":\"https:\\\/\\\/www.lichtgitter.cz\\\/hr\\\/#organization\"},\"potentialAction\":[{\"@type\":\"SearchAction\",\"target\":{\"@type\":\"EntryPoint\",\"urlTemplate\":\"https:\\\/\\\/www.lichtgitter.cz\\\/hr\\\/?s={search_term_string}\"},\"query-input\":{\"@type\":\"PropertyValueSpecification\",\"valueRequired\":true,\"valueName\":\"search_term_string\"}}],\"inLanguage\":\"cs\"},{\"@type\":\"Organization\",\"@id\":\"https:\\\/\\\/www.lichtgitter.cz\\\/hr\\\/#organization\",\"name\":\"Lichtgitter.cz\",\"url\":\"https:\\\/\\\/www.lichtgitter.cz\\\/hr\\\/\",\"logo\":{\"@type\":\"ImageObject\",\"inLanguage\":\"cs\",\"@id\":\"https:\\\/\\\/www.lichtgitter.cz\\\/hr\\\/#\\\/schema\\\/logo\\\/image\\\/\",\"url\":\"https:\\\/\\\/www.lichtgitter.cz\\\/hr\\\/wp-content\\\/uploads\\\/sites\\\/3\\\/2025\\\/11\\\/logo_v3.svg\",\"contentUrl\":\"https:\\\/\\\/www.lichtgitter.cz\\\/hr\\\/wp-content\\\/uploads\\\/sites\\\/3\\\/2025\\\/11\\\/logo_v3.svg\",\"width\":100,\"height\":100,\"caption\":\"Lichtgitter.cz\"},\"image\":{\"@id\":\"https:\\\/\\\/www.lichtgitter.cz\\\/hr\\\/#\\\/schema\\\/logo\\\/image\\\/\"}}]}<\/script>\n<!-- \/ Yoast SEO plugin. -->","yoast_head_json":{"title":"Za\u0161tita osobnih podataka - HR | lichtgitter.cz","robots":{"index":"index","follow":"follow","max-snippet":"max-snippet:-1","max-image-preview":"max-image-preview:large","max-video-preview":"max-video-preview:-1"},"canonical":"https:\/\/www.lichtgitter.cz\/hr\/zastita-osobnih-podataka\/","og_locale":"cs_CZ","og_type":"article","og_title":"Za\u0161tita osobnih podataka - HR | lichtgitter.cz","og_description":"Informacije o obradi osobnih podataka (GDPR) Tvrtka Lichtgiter CZ spol. s r.o., sa sjedi\u0161tem U L\u00e9k\u00e1rny 1, 735 35 Horn\u00ed Such\u00e1, I\u010c: 60320371 (dalje u tekstu \u201evoditelj obrade\u201c), operator web stranice www.lichtgiter.cz, ovime obavje\u0161tava o obradi osobnih podataka u skladu s GDPR uredbom. Koje osobne podatke obra\u0111ujemo Obra\u0111ujemo samo podatke koje nam sami dostavite, osobito: [&hellip;]","og_url":"https:\/\/www.lichtgitter.cz\/hr\/zastita-osobnih-podataka\/","og_site_name":"HR | lichtgitter.cz","article_modified_time":"2026-02-23T09:36:41+00:00","twitter_card":"summary_large_image","twitter_misc":{"Odhadovan\u00e1 doba \u010dten\u00ed":"1 minuta"},"schema":{"@context":"https:\/\/schema.org","@graph":[{"@type":"WebPage","@id":"https:\/\/www.lichtgitter.cz\/hr\/zastita-osobnih-podataka\/","url":"https:\/\/www.lichtgitter.cz\/hr\/zastita-osobnih-podataka\/","name":"Za\u0161tita osobnih podataka - HR | lichtgitter.cz","isPartOf":{"@id":"https:\/\/www.lichtgitter.cz\/hr\/#website"},"datePublished":"2025-08-19T13:59:27+00:00","dateModified":"2026-02-23T09:36:41+00:00","breadcrumb":{"@id":"https:\/\/www.lichtgitter.cz\/hr\/zastita-osobnih-podataka\/#breadcrumb"},"inLanguage":"cs","potentialAction":[{"@type":"ReadAction","target":["https:\/\/www.lichtgitter.cz\/hr\/zastita-osobnih-podataka\/"]}]},{"@type":"BreadcrumbList","@id":"https:\/\/www.lichtgitter.cz\/hr\/zastita-osobnih-podataka\/#breadcrumb","itemListElement":[{"@type":"ListItem","position":1,"name":"Po\u010detna stranica","item":"https:\/\/www.lichtgitter.cz\/hr\/"},{"@type":"ListItem","position":2,"name":"Za\u0161tita osobnih podataka"}]},{"@type":"WebSite","@id":"https:\/\/www.lichtgitter.cz\/hr\/#website","url":"https:\/\/www.lichtgitter.cz\/hr\/","name":"Lichtgitter.cz","description":"Proizvo\u0111a\u010d \u010deli\u010dnih tla\u010dnih re\u0161etki i gazi\u0161ta stepenica zavarenih i pre\u0161anih","publisher":{"@id":"https:\/\/www.lichtgitter.cz\/hr\/#organization"},"potentialAction":[{"@type":"SearchAction","target":{"@type":"EntryPoint","urlTemplate":"https:\/\/www.lichtgitter.cz\/hr\/?s={search_term_string}"},"query-input":{"@type":"PropertyValueSpecification","valueRequired":true,"valueName":"search_term_string"}}],"inLanguage":"cs"},{"@type":"Organization","@id":"https:\/\/www.lichtgitter.cz\/hr\/#organization","name":"Lichtgitter.cz","url":"https:\/\/www.lichtgitter.cz\/hr\/","logo":{"@type":"ImageObject","inLanguage":"cs","@id":"https:\/\/www.lichtgitter.cz\/hr\/#\/schema\/logo\/image\/","url":"https:\/\/www.lichtgitter.cz\/hr\/wp-content\/uploads\/sites\/3\/2025\/11\/logo_v3.svg","contentUrl":"https:\/\/www.lichtgitter.cz\/hr\/wp-content\/uploads\/sites\/3\/2025\/11\/logo_v3.svg","width":100,"height":100,"caption":"Lichtgitter.cz"},"image":{"@id":"https:\/\/www.lichtgitter.cz\/hr\/#\/schema\/logo\/image\/"}}]}},"uagb_featured_image_src":{"full":false,"thumbnail":false,"medium":false,"medium_large":false,"large":false,"1536x1536":false,"2048x2048":false},"uagb_author_info":{"display_name":"Jan","author_link":"https:\/\/www.lichtgitter.cz\/hr\/blog\/author\/jan\/"},"uagb_comment_info":0,"uagb_excerpt":"Informacije o obradi osobnih podataka (GDPR) Tvrtka Lichtgiter CZ spol. s r.o., sa sjedi\u0161tem U L\u00e9k\u00e1rny 1, 735 35 Horn\u00ed Such\u00e1, I\u010c: 60320371 (dalje u tekstu \u201evoditelj obrade\u201c), operator web stranice www.lichtgiter.cz, ovime obavje\u0161tava o obradi osobnih podataka u skladu s GDPR uredbom. Koje osobne podatke obra\u0111ujemo Obra\u0111ujemo samo podatke koje nam sami dostavite, osobito:&hellip;","_links":{"self":[{"href":"https:\/\/www.lichtgitter.cz\/hr\/wp-json\/wp\/v2\/pages\/3","targetHints":{"allow":["GET"]}}],"collection":[{"href":"https:\/\/www.lichtgitter.cz\/hr\/wp-json\/wp\/v2\/pages"}],"about":[{"href":"https:\/\/www.lichtgitter.cz\/hr\/wp-json\/wp\/v2\/types\/page"}],"author":[{"embeddable":true,"href":"https:\/\/www.lichtgitter.cz\/hr\/wp-json\/wp\/v2\/users\/1"}],"replies":[{"embeddable":true,"href":"https:\/\/www.lichtgitter.cz\/hr\/wp-json\/wp\/v2\/comments?post=3"}],"version-history":[{"count":4,"href":"https:\/\/www.lichtgitter.cz\/hr\/wp-json\/wp\/v2\/pages\/3\/revisions"}],"predecessor-version":[{"id":2009,"href":"https:\/\/www.lichtgitter.cz\/hr\/wp-json\/wp\/v2\/pages\/3\/revisions\/2009"}],"wp:attachment":[{"href":"https:\/\/www.lichtgitter.cz\/hr\/wp-json\/wp\/v2\/media?parent=3"}],"wp:term":[{"taxonomy":"folder","embeddable":true,"href":"https:\/\/www.lichtgitter.cz\/hr\/wp-json\/wp\/v2\/folder?post=3"}],"curies":[{"name":"wp","href":"https:\/\/api.w.org\/{rel}","templated":true}]}}