{"id":482,"date":"2025-10-14T18:45:21","date_gmt":"2025-10-14T18:45:21","guid":{"rendered":"https:\/\/www.lichtgitter.cz\/hr\/?page_id=482"},"modified":"2026-02-20T14:34:24","modified_gmt":"2026-02-20T14:34:24","slug":"cookies","status":"publish","type":"page","link":"https:\/\/www.lichtgitter.cz\/hr\/cookies\/","title":{"rendered":"Pravila kori\u0161tenja kola\u010di\u0107a"},"content":{"rendered":"\n<p>Web stranica <strong>www.lichtgitter.cz\/hr<\/strong> koristi kola\u010di\u0107e kako bi osigurala pravilno funkcioniranje i pobolj\u0161ala korisni\u010dko iskustvo.<\/p>\n\n\n\n<h3 class=\"wp-block-heading\">\u0160to su kola\u010di\u0107i<\/h3>\n\n\n\n<p>Kola\u010di\u0107i su male tekstualne datoteke koje se pohranjuju na va\u0161 ure\u0111aj prilikom posjeta web stranici.<\/p>\n\n\n\n<h3 class=\"wp-block-heading\">Koje kola\u010di\u0107e koristimo<\/h3>\n\n\n\n<ul class=\"wp-block-list\">\n<li><strong>Neophodni kola\u010di\u0107i<\/strong> \u2013 osiguravaju osnovnu funkcionalnost web stranice.<\/li>\n\n\n\n<li><strong>Analiti\u010dki kola\u010di\u0107i<\/strong> \u2013 slu\u017ee za pra\u0107enje posje\u0107enosti i pobolj\u0161anje sadr\u017eaja web stranice (samo u anonimnom obliku).<\/li>\n<\/ul>\n\n\n\n<h3 class=\"wp-block-heading\">Kako mo\u017eete upravljati kola\u010di\u0107ima<\/h3>\n\n\n\n<p>Kori\u0161tenje kola\u010di\u0107a mo\u017eete prilagoditi ili potpuno onemogu\u0107iti u postavkama svog internetskog preglednika.<\/p>\n\n\n\n<p>Napominjemo da ograni\u010denje kola\u010di\u0107a mo\u017ee utjecati na funkcionalnost web stranice.<\/p>\n\n\n\n<h3 class=\"wp-block-heading\">Privola za kori\u0161tenje kola\u010di\u0107a<\/h3>\n\n\n\n<p>Kori\u0161tenjem ove web stranice pristajete na upotrebu kola\u010di\u0107a u skladu s ovim pravilima.<\/p>\n\n\n\n<p>Ova pravila mogu se povremeno a\u017eurirati.<\/p>\n\n","protected":false},"excerpt":{"rendered":"<p>Web stranica www.lichtgitter.cz\/hr koristi kola\u010di\u0107e kako bi osigurala pravilno funkcioniranje i pobolj\u0161ala korisni\u010dko iskustvo. \u0160to su kola\u010di\u0107i Kola\u010di\u0107i su male tekstualne datoteke koje se pohranjuju na va\u0161 ure\u0111aj prilikom posjeta web stranici. Koje kola\u010di\u0107e koristimo Kako mo\u017eete upravljati kola\u010di\u0107ima Kori\u0161tenje kola\u010di\u0107a mo\u017eete prilagoditi ili potpuno onemogu\u0107iti u postavkama svog internetskog preglednika. Napominjemo da ograni\u010denje kola\u010di\u0107a [&hellip;]<\/p>\n","protected":false},"author":1,"featured_media":0,"parent":0,"menu_order":0,"comment_status":"closed","ping_status":"closed","template":"","meta":{"inline_featured_image":false,"_uag_custom_page_level_css":"","_swt_meta_header_display":false,"_swt_meta_footer_display":false,"_swt_meta_site_title_display":false,"_swt_meta_sticky_header":false,"_swt_meta_transparent_header":false,"footnotes":""},"folder":[],"class_list":["post-482","page","type-page","status-publish","hentry"],"yoast_head":"<!-- This site is optimized with the Yoast SEO plugin v27.5 - https:\/\/yoast.com\/product\/yoast-seo-wordpress\/ -->\n<title>Pravila kori\u0161tenja kola\u010di\u0107a - HR | lichtgitter.cz<\/title>\n<meta name=\"robots\" content=\"index, follow, max-snippet:-1, max-image-preview:large, max-video-preview:-1\" \/>\n<link rel=\"canonical\" href=\"https:\/\/www.lichtgitter.cz\/hr\/cookies\/\" \/>\n<meta property=\"og:locale\" content=\"cs_CZ\" \/>\n<meta property=\"og:type\" content=\"article\" \/>\n<meta property=\"og:title\" content=\"Pravila kori\u0161tenja kola\u010di\u0107a - HR | lichtgitter.cz\" \/>\n<meta property=\"og:description\" content=\"Web stranica www.lichtgitter.cz\/hr koristi kola\u010di\u0107e kako bi osigurala pravilno funkcioniranje i pobolj\u0161ala korisni\u010dko iskustvo. \u0160to su kola\u010di\u0107i Kola\u010di\u0107i su male tekstualne datoteke koje se pohranjuju na va\u0161 ure\u0111aj prilikom posjeta web stranici. Koje kola\u010di\u0107e koristimo Kako mo\u017eete upravljati kola\u010di\u0107ima Kori\u0161tenje kola\u010di\u0107a mo\u017eete prilagoditi ili potpuno onemogu\u0107iti u postavkama svog internetskog preglednika. Napominjemo da ograni\u010denje kola\u010di\u0107a [&hellip;]\" \/>\n<meta property=\"og:url\" content=\"https:\/\/www.lichtgitter.cz\/hr\/cookies\/\" \/>\n<meta property=\"og:site_name\" content=\"HR | lichtgitter.cz\" \/>\n<meta property=\"article:modified_time\" content=\"2026-02-20T14:34:24+00:00\" \/>\n<meta name=\"twitter:card\" content=\"summary_large_image\" \/>\n<meta name=\"twitter:label1\" content=\"Odhadovan\u00e1 doba \u010dten\u00ed\" \/>\n\t<meta name=\"twitter:data1\" content=\"1 minuta\" \/>\n<script type=\"application\/ld+json\" class=\"yoast-schema-graph\">{\"@context\":\"https:\\\/\\\/schema.org\",\"@graph\":[{\"@type\":\"WebPage\",\"@id\":\"https:\\\/\\\/www.lichtgitter.cz\\\/hr\\\/cookies\\\/\",\"url\":\"https:\\\/\\\/www.lichtgitter.cz\\\/hr\\\/cookies\\\/\",\"name\":\"Pravila kori\u0161tenja kola\u010di\u0107a - HR | lichtgitter.cz\",\"isPartOf\":{\"@id\":\"https:\\\/\\\/www.lichtgitter.cz\\\/hr\\\/#website\"},\"datePublished\":\"2025-10-14T18:45:21+00:00\",\"dateModified\":\"2026-02-20T14:34:24+00:00\",\"breadcrumb\":{\"@id\":\"https:\\\/\\\/www.lichtgitter.cz\\\/hr\\\/cookies\\\/#breadcrumb\"},\"inLanguage\":\"cs\",\"potentialAction\":[{\"@type\":\"ReadAction\",\"target\":[\"https:\\\/\\\/www.lichtgitter.cz\\\/hr\\\/cookies\\\/\"]}]},{\"@type\":\"BreadcrumbList\",\"@id\":\"https:\\\/\\\/www.lichtgitter.cz\\\/hr\\\/cookies\\\/#breadcrumb\",\"itemListElement\":[{\"@type\":\"ListItem\",\"position\":1,\"name\":\"Po\u010detna stranica\",\"item\":\"https:\\\/\\\/www.lichtgitter.cz\\\/hr\\\/\"},{\"@type\":\"ListItem\",\"position\":2,\"name\":\"Pravila kori\u0161tenja kola\u010di\u0107a\"}]},{\"@type\":\"WebSite\",\"@id\":\"https:\\\/\\\/www.lichtgitter.cz\\\/hr\\\/#website\",\"url\":\"https:\\\/\\\/www.lichtgitter.cz\\\/hr\\\/\",\"name\":\"Lichtgitter.cz\",\"description\":\"Proizvo\u0111a\u010d \u010deli\u010dnih tla\u010dnih re\u0161etki i gazi\u0161ta stepenica zavarenih i pre\u0161anih\",\"publisher\":{\"@id\":\"https:\\\/\\\/www.lichtgitter.cz\\\/hr\\\/#organization\"},\"potentialAction\":[{\"@type\":\"SearchAction\",\"target\":{\"@type\":\"EntryPoint\",\"urlTemplate\":\"https:\\\/\\\/www.lichtgitter.cz\\\/hr\\\/?s={search_term_string}\"},\"query-input\":{\"@type\":\"PropertyValueSpecification\",\"valueRequired\":true,\"valueName\":\"search_term_string\"}}],\"inLanguage\":\"cs\"},{\"@type\":\"Organization\",\"@id\":\"https:\\\/\\\/www.lichtgitter.cz\\\/hr\\\/#organization\",\"name\":\"Lichtgitter.cz\",\"url\":\"https:\\\/\\\/www.lichtgitter.cz\\\/hr\\\/\",\"logo\":{\"@type\":\"ImageObject\",\"inLanguage\":\"cs\",\"@id\":\"https:\\\/\\\/www.lichtgitter.cz\\\/hr\\\/#\\\/schema\\\/logo\\\/image\\\/\",\"url\":\"https:\\\/\\\/www.lichtgitter.cz\\\/hr\\\/wp-content\\\/uploads\\\/sites\\\/3\\\/2025\\\/11\\\/logo_v3.svg\",\"contentUrl\":\"https:\\\/\\\/www.lichtgitter.cz\\\/hr\\\/wp-content\\\/uploads\\\/sites\\\/3\\\/2025\\\/11\\\/logo_v3.svg\",\"width\":100,\"height\":100,\"caption\":\"Lichtgitter.cz\"},\"image\":{\"@id\":\"https:\\\/\\\/www.lichtgitter.cz\\\/hr\\\/#\\\/schema\\\/logo\\\/image\\\/\"}}]}<\/script>\n<!-- \/ Yoast SEO plugin. -->","yoast_head_json":{"title":"Pravila kori\u0161tenja kola\u010di\u0107a - HR | lichtgitter.cz","robots":{"index":"index","follow":"follow","max-snippet":"max-snippet:-1","max-image-preview":"max-image-preview:large","max-video-preview":"max-video-preview:-1"},"canonical":"https:\/\/www.lichtgitter.cz\/hr\/cookies\/","og_locale":"cs_CZ","og_type":"article","og_title":"Pravila kori\u0161tenja kola\u010di\u0107a - HR | lichtgitter.cz","og_description":"Web stranica www.lichtgitter.cz\/hr koristi kola\u010di\u0107e kako bi osigurala pravilno funkcioniranje i pobolj\u0161ala korisni\u010dko iskustvo. \u0160to su kola\u010di\u0107i Kola\u010di\u0107i su male tekstualne datoteke koje se pohranjuju na va\u0161 ure\u0111aj prilikom posjeta web stranici. Koje kola\u010di\u0107e koristimo Kako mo\u017eete upravljati kola\u010di\u0107ima Kori\u0161tenje kola\u010di\u0107a mo\u017eete prilagoditi ili potpuno onemogu\u0107iti u postavkama svog internetskog preglednika. Napominjemo da ograni\u010denje kola\u010di\u0107a [&hellip;]","og_url":"https:\/\/www.lichtgitter.cz\/hr\/cookies\/","og_site_name":"HR | lichtgitter.cz","article_modified_time":"2026-02-20T14:34:24+00:00","twitter_card":"summary_large_image","twitter_misc":{"Odhadovan\u00e1 doba \u010dten\u00ed":"1 minuta"},"schema":{"@context":"https:\/\/schema.org","@graph":[{"@type":"WebPage","@id":"https:\/\/www.lichtgitter.cz\/hr\/cookies\/","url":"https:\/\/www.lichtgitter.cz\/hr\/cookies\/","name":"Pravila kori\u0161tenja kola\u010di\u0107a - HR | lichtgitter.cz","isPartOf":{"@id":"https:\/\/www.lichtgitter.cz\/hr\/#website"},"datePublished":"2025-10-14T18:45:21+00:00","dateModified":"2026-02-20T14:34:24+00:00","breadcrumb":{"@id":"https:\/\/www.lichtgitter.cz\/hr\/cookies\/#breadcrumb"},"inLanguage":"cs","potentialAction":[{"@type":"ReadAction","target":["https:\/\/www.lichtgitter.cz\/hr\/cookies\/"]}]},{"@type":"BreadcrumbList","@id":"https:\/\/www.lichtgitter.cz\/hr\/cookies\/#breadcrumb","itemListElement":[{"@type":"ListItem","position":1,"name":"Po\u010detna stranica","item":"https:\/\/www.lichtgitter.cz\/hr\/"},{"@type":"ListItem","position":2,"name":"Pravila kori\u0161tenja kola\u010di\u0107a"}]},{"@type":"WebSite","@id":"https:\/\/www.lichtgitter.cz\/hr\/#website","url":"https:\/\/www.lichtgitter.cz\/hr\/","name":"Lichtgitter.cz","description":"Proizvo\u0111a\u010d \u010deli\u010dnih tla\u010dnih re\u0161etki i gazi\u0161ta stepenica zavarenih i pre\u0161anih","publisher":{"@id":"https:\/\/www.lichtgitter.cz\/hr\/#organization"},"potentialAction":[{"@type":"SearchAction","target":{"@type":"EntryPoint","urlTemplate":"https:\/\/www.lichtgitter.cz\/hr\/?s={search_term_string}"},"query-input":{"@type":"PropertyValueSpecification","valueRequired":true,"valueName":"search_term_string"}}],"inLanguage":"cs"},{"@type":"Organization","@id":"https:\/\/www.lichtgitter.cz\/hr\/#organization","name":"Lichtgitter.cz","url":"https:\/\/www.lichtgitter.cz\/hr\/","logo":{"@type":"ImageObject","inLanguage":"cs","@id":"https:\/\/www.lichtgitter.cz\/hr\/#\/schema\/logo\/image\/","url":"https:\/\/www.lichtgitter.cz\/hr\/wp-content\/uploads\/sites\/3\/2025\/11\/logo_v3.svg","contentUrl":"https:\/\/www.lichtgitter.cz\/hr\/wp-content\/uploads\/sites\/3\/2025\/11\/logo_v3.svg","width":100,"height":100,"caption":"Lichtgitter.cz"},"image":{"@id":"https:\/\/www.lichtgitter.cz\/hr\/#\/schema\/logo\/image\/"}}]}},"uagb_featured_image_src":{"full":false,"thumbnail":false,"medium":false,"medium_large":false,"large":false,"1536x1536":false,"2048x2048":false},"uagb_author_info":{"display_name":"Jan","author_link":"https:\/\/www.lichtgitter.cz\/hr\/blog\/author\/jan\/"},"uagb_comment_info":0,"uagb_excerpt":"Web stranica www.lichtgitter.cz\/hr koristi kola\u010di\u0107e kako bi osigurala pravilno funkcioniranje i pobolj\u0161ala korisni\u010dko iskustvo. \u0160to su kola\u010di\u0107i Kola\u010di\u0107i su male tekstualne datoteke koje se pohranjuju na va\u0161 ure\u0111aj prilikom posjeta web stranici. Koje kola\u010di\u0107e koristimo Kako mo\u017eete upravljati kola\u010di\u0107ima Kori\u0161tenje kola\u010di\u0107a mo\u017eete prilagoditi ili potpuno onemogu\u0107iti u postavkama svog internetskog preglednika. Napominjemo da ograni\u010denje kola\u010di\u0107a&hellip;","_links":{"self":[{"href":"https:\/\/www.lichtgitter.cz\/hr\/wp-json\/wp\/v2\/pages\/482","targetHints":{"allow":["GET"]}}],"collection":[{"href":"https:\/\/www.lichtgitter.cz\/hr\/wp-json\/wp\/v2\/pages"}],"about":[{"href":"https:\/\/www.lichtgitter.cz\/hr\/wp-json\/wp\/v2\/types\/page"}],"author":[{"embeddable":true,"href":"https:\/\/www.lichtgitter.cz\/hr\/wp-json\/wp\/v2\/users\/1"}],"replies":[{"embeddable":true,"href":"https:\/\/www.lichtgitter.cz\/hr\/wp-json\/wp\/v2\/comments?post=482"}],"version-history":[{"count":3,"href":"https:\/\/www.lichtgitter.cz\/hr\/wp-json\/wp\/v2\/pages\/482\/revisions"}],"predecessor-version":[{"id":2011,"href":"https:\/\/www.lichtgitter.cz\/hr\/wp-json\/wp\/v2\/pages\/482\/revisions\/2011"}],"wp:attachment":[{"href":"https:\/\/www.lichtgitter.cz\/hr\/wp-json\/wp\/v2\/media?parent=482"}],"wp:term":[{"taxonomy":"folder","embeddable":true,"href":"https:\/\/www.lichtgitter.cz\/hr\/wp-json\/wp\/v2\/folder?post=482"}],"curies":[{"name":"wp","href":"https:\/\/api.w.org\/{rel}","templated":true}]}}