{"id":484,"date":"2025-10-14T18:45:30","date_gmt":"2025-10-14T18:45:30","guid":{"rendered":"https:\/\/www.lichtgitter.cz\/hr\/?page_id=484"},"modified":"2026-02-23T09:38:08","modified_gmt":"2026-02-23T09:38:08","slug":"uvjeti-poslovanja","status":"publish","type":"page","link":"https:\/\/www.lichtgitter.cz\/hr\/uvjeti-poslovanja\/","title":{"rendered":"Uvjeti poslovanja"},"content":{"rendered":"\n<h2 class=\"wp-block-heading\"><strong>UVJETI ISPORUKE, PLA\u0106ANJA I JAMSTVA<\/strong><\/h2>\n\n\n\n<p><\/p>\n\n\n\n<h3 class=\"wp-block-heading\">Isporuka robe<\/h3>\n\n\n\n<ol class=\"wp-block-list\">\n<li>Roba \u0107e biti isporu\u010dena u roku utvr\u0111enom kupoprodajnim ugovorom, i to:<ul><li>predajom robe kupcu na mjestu koje je kupac precizirao, ako prijevoz osigurava prodavatelj,<\/li><li>predajom robe kupcu u skladi\u0161tu prodavatelja, u slu\u010daju da prijevoz osigurava kupac,<\/li><li>predajom robe prvom prijevozniku radi prijevoza za kupca te omogu\u0107avanjem kupcu da ostvari prava iz ugovora o prijevozu prema prijevozniku.<\/li><\/ul>Tro\u0161kove prijevoza snosi kupac, ako u kupoprodajnom ugovoru nije dogovoreno druk\u010dije. Kupac je tako\u0111er du\u017ean odmah nakon potpisivanja kupoprodajnog ugovora dostaviti prodavatelju upute za prijevoz. Ako to ne u\u010dini ni u dodatnom roku koji odredi prodavatelj, prodavatelj mo\u017ee raskinuti ugovor.<\/li>\n\n\n\n<li>Eventualno osiguranje robe i posebno pakiranje robe nisu uklju\u010deni u kupoprodajnu cijenu.<\/li>\n\n\n\n<li>Istodobno s robom prodavatelj je du\u017ean predati kupcu otpremnicu, odnosno druge isprave potrebne za preuzimanje i kori\u0161tenje stvari, ako nisu predane prilikom pla\u0107anja kupoprodajne cijene.<\/li>\n\n\n\n<li>Prodavatelj se obvezuje isporu\u010diti robu u ugovorenoj kvaliteti, odnosno u kvaliteti prikladnoj za svrhu za koju se takva roba uobi\u010dajeno koristi.<\/li>\n\n\n\n<li>Prodavatelj je ovla\u0161ten isporu\u010diti robu kupcu bilo kada tijekom roka utvr\u0111enog kupoprodajnim ugovorom, i to i u djelomi\u010dnim isporukama.<\/li>\n\n\n\n<li>Kupac je du\u017ean platiti kupoprodajnu cijenu u cijelosti, preuzeti isporu\u010denu robu, i to neovisno o eventualnom naknadnom ostvarivanju zahtjeva iz nedostataka robe.<\/li>\n\n\n\n<li>Kupac je du\u017ean robu uredno pregledati odmah pri preuzimanju. Ako kupac utvrdi eventualne koli\u010dinske ili kvalitativne nedostatke, du\u017ean je bez odgode sastaviti detaljan zapisnik o tim utvr\u0111enjima i odmah obavijestiti prodavatelja. Kupac se obvezuje u tom slu\u010daju omogu\u0107iti prodavatelju pregled robe na licu mjesta.<\/li>\n\n\n\n<li>U slu\u010daju nastupa okolnosti koje se u vrijeme potpisivanja kupoprodajnog ugovora nisu mogle predvidjeti i koje prodavatelju uzrokuju zapreku u ispunjavanju ugovornih obveza, prodavatelj je ovla\u0161ten pomaknuti rok ispunjenja za vrijeme trajanja te zapreke. Rije\u010d je o izvanrednim, nepredvidivim i nepremostivim zaprekama nastalim neovisno o volji prodavatelja (osobito doga\u0111aji poput rata, pobune, nemira, \u0161trajkova, raznih mjera tijela vlasti donesenih kao posljedica tih doga\u0111aja, prirodnih katastrofa, ka\u0161njenja isporuka materijala i energenata bez krivnje prodavatelja te sli\u010dnih doga\u0111aja vi\u0161e sile koji ometaju ispunjenje ugovornih obveza prodavatelja).<\/li>\n<\/ol>\n\n\n\n<p><\/p>\n\n\n\n<h3 class=\"wp-block-heading\">Kupoprodajna cijena<\/h3>\n\n\n\n<ol start=\"9\" class=\"wp-block-list\">\n<li>Ugovorena kupoprodajna cijena iskazana je bez poreza na dodanu vrijednost.<\/li>\n\n\n\n<li>Kupac je du\u017ean platiti ugovorenu kupoprodajnu cijenu prema uvjetima dogovorenim u kupoprodajnom ugovoru.<\/li>\n\n\n\n<li>Eventualni tro\u0161kovi prijevoza, osiguranja robe, posebnog pakiranja ili drugi tro\u0161kovi dogovoreni u kupoprodajnom ugovoru kupcu \u0107e se obra\u010dunati kao zasebna stavka na ra\u010dunu ili posebnim dokumentom.<\/li>\n\n\n\n<li>Ako kupac kasni s pla\u0107anjem kupoprodajne cijene, prodavatelj je ovla\u0161ten zadr\u017eati jo\u0161 neizvr\u0161ene isporuke sve do uredne isplate ve\u0107 isporu\u010dene robe. Za to vrijeme prodavatelj nije u zaka\u0161njenju s ispunjenjem svoje obveze iz kupoprodajnog ugovora. Ugovorne strane su se dogovorile da je zaka\u0161njenje kupca s pla\u0107anjem dospjele kupoprodajne cijene bitna povreda kupoprodajnog ugovora te je prodavatelj u tom slu\u010daju ovla\u0161ten raskinuti ugovor.<\/li>\n<\/ol>\n\n\n\n<p><\/p>\n\n\n\n<h3 class=\"wp-block-heading\">Jamstvo za kvalitetu<\/h3>\n\n\n\n<ol start=\"13\" class=\"wp-block-list\">\n<li>Prodavatelj daje jamstvo za kvalitetu isporu\u010dene robe u trajanju od 24 mjeseca od preuzimanja, ako kupoprodajni ugovor ne odre\u0111uje druk\u010dije. Odgovornost prodavatelja za nedostatke na koje se jamstvo za kvalitetu odnosi ne nastaje ako su ti nedostaci nastali nakon prijelaza opasnosti od \u0161tete na robi nepropisnim rukovanjem (osobito zahvatom u konstrukciju, preoptere\u0107enjem i sl.), neovla\u0161tenom uporabom ili vanjskim utjecajima.<\/li>\n\n\n\n<li>Prodavatelj u tom razdoblju odgovara za to da \u0107e isporu\u010dena roba tijekom utvr\u0111enog vremena biti prikladna za uporabu uobi\u010dajenoj svrsi te da \u0107e zadr\u017eati uobi\u010dajena svojstva. Jamstveni rok po\u010dinje te\u0107i danom predaje robe kupcu.<\/li>\n\n\n\n<li>Kupac je du\u017ean zahtjev iz jamstva uputiti prodavatelju pisanim putem i bez odgode, uklju\u010duju\u0107i navo\u0111enje svih pojedinosti utvr\u0111enih nedostataka. Ako kupac ostvari pravo iz neispravnog ispunjenja, prodavatelj \u0107e u pisanom obliku potvrditi kada je pravo ostvareno te \u0107e nakon obavljenog pregleda obavijestiti kupca o na\u010dinu otklanjanja nedostataka.<\/li>\n\n\n\n<li>Prodavatelj se obvezuje u jamstvenom roku ukloniti nedostatke proizvoda o svom tro\u0161ku, osim u slu\u010dajevima na koje se jamstvo za kvalitetu ne odnosi.<\/li>\n\n\n\n<li>Kupac nema pravo iz neispravnog ispunjenja ako se radi o nedostatku koji je uz uobi\u010dajenu pa\u017enju mogao uo\u010diti ve\u0107 pri sklapanju ugovora. To ne vrijedi ako ga je prodavatelj izri\u010dito uvjerio da je stvar bez nedostataka ili ako je nedostatak prijevarno prikrio.<\/li>\n\n\n\n<li>Zamijenjena neispravna roba ostaje vlasni\u0161tvo prodavatelja, a kupac je du\u017ean vratiti je ako to prodavatelj zatra\u017ei.<\/li>\n\n\n\n<li><strong>a)<\/strong> Ako je neispravno ispunjenje bitna povreda ugovora, kupac ima pravo:<ul><li>na uklanjanje nedostatka isporukom nove stvari bez nedostatka ili isporukom nedostaju\u0107e stvari,<\/li><li>na uklanjanje nedostatka popravkom stvari,<\/li><li>na razmjerno sni\u017eenje kupoprodajne cijene,<\/li><li>ili raskinuti ugovor.<\/li><\/ul><strong>b)<\/strong> Ako je neispravno ispunjenje nebitna povreda ugovora, kupac ima pravo na uklanjanje nedostatka ili na razmjerno sni\u017eenje kupoprodajne cijene.<\/li>\n\n\n\n<li>Nedostaju\u0107a koli\u010dina bit \u0107e isporu\u010dena ako je to mogu\u0107e i svrsishodno. U suprotnom \u0107e kupcu biti odobren popust na kupoprodajnu cijenu koji odgovara kupoprodajnoj cijeni neisporu\u010dene robe, a prodavatelj \u0107e za taj popust izdati odobrenje (storno ra\u010dun).<\/li>\n<\/ol>\n\n\n\n<p><\/p>\n\n\n\n<h3 class=\"wp-block-heading\">Ispunjenje obveza iz kupoprodajnog ugovora<\/h3>\n\n\n\n<ol start=\"21\" class=\"wp-block-list\">\n<li>Kupoprodajni ugovor mo\u017ee se okon\u010dati:\n<ul class=\"wp-block-list\">\n<li>a) na temelju me\u0111usobnog dogovora ugovornih strana,<\/li>\n\n\n\n<li>b) raskidom ugovora u slu\u010dajevima utvr\u0111enim kupoprodajnim ugovorom ili ovim uvjetima isporuke ili prema odgovaraju\u0107im zakonskim odredbama.<\/li>\n<\/ul>\n<\/li>\n\n\n\n<li>U slu\u010daju raskida kupoprodajnog ugovora, ugovor prestaje danom kada je pisana obavijest o raskidu dostavljena drugoj strani.<\/li>\n<\/ol>\n\n\n\n<p><strong>Izra\u0111eno:<\/strong> 24.05.2018<\/p>\n\n\n\n<p><strong>Lichtgitter CZ spol. s r.o.<\/strong>, U L\u00e9k\u00e1rny 1, 735 35 Horn\u00ed Such\u00e1<br>Tel.: +420 596 496 511, Fax: +420 596 496 538-9, e-mail: obchod@lichtgitter.cz, http:www.lichtgitter.cz\/hr<\/p>\n\n\n\n<p>Tvrtka je upisana u sudski registar koji vodi Regionalni trgova\u010dki sud u Ostravi, odjel C, ulo\u017eak 11630<\/p>\n\n\n\n<p><\/p>\n\n\n\n<h3 class=\"wp-block-heading\">Prilozi<\/h3>\n\n\n\n<ul class=\"wp-block-list\">\n<li><strong>Uvjeti isporuke, pla\u0107anja i jamstva (pdf \/ 0,09 MB) \u2013<a href=\"https:\/\/www.lichtgitter.cz\/hr\/wp-content\/uploads\/sites\/3\/2025\/11\/Dodaci-platebni-a-zarucni-podminky.pdf\" type=\"application\/pdf\" id=\"1356\" target=\"_blank\" rel=\"noreferrer noopener\"> preuzmi datoteku <\/a><\/strong><\/li>\n<\/ul>\n\n\n\n<p><\/p>\n\n","protected":false},"excerpt":{"rendered":"<p>UVJETI ISPORUKE, PLA\u0106ANJA I JAMSTVA Isporuka robe Kupoprodajna cijena Jamstvo za kvalitetu Ispunjenje obveza iz kupoprodajnog ugovora Izra\u0111eno: 24.05.2018 Lichtgitter CZ spol. s r.o., U L\u00e9k\u00e1rny 1, 735 35 Horn\u00ed Such\u00e1Tel.: +420 596 496 511, Fax: +420 596 496 538-9, e-mail: obchod@lichtgitter.cz, http:www.lichtgitter.cz\/hr Tvrtka je upisana u sudski registar koji vodi Regionalni trgova\u010dki sud u [&hellip;]<\/p>\n","protected":false},"author":1,"featured_media":0,"parent":0,"menu_order":0,"comment_status":"closed","ping_status":"closed","template":"","meta":{"inline_featured_image":false,"_uag_custom_page_level_css":"","_swt_meta_header_display":false,"_swt_meta_footer_display":false,"_swt_meta_site_title_display":false,"_swt_meta_sticky_header":false,"_swt_meta_transparent_header":false,"footnotes":""},"folder":[],"class_list":["post-484","page","type-page","status-publish","hentry"],"yoast_head":"<!-- This site is optimized with the Yoast SEO plugin v27.5 - https:\/\/yoast.com\/product\/yoast-seo-wordpress\/ -->\n<title>Uvjeti poslovanja - HR | lichtgitter.cz<\/title>\n<meta name=\"robots\" content=\"index, follow, max-snippet:-1, max-image-preview:large, max-video-preview:-1\" \/>\n<link rel=\"canonical\" href=\"https:\/\/www.lichtgitter.cz\/hr\/uvjeti-poslovanja\/\" \/>\n<meta property=\"og:locale\" content=\"cs_CZ\" \/>\n<meta property=\"og:type\" content=\"article\" \/>\n<meta property=\"og:title\" content=\"Uvjeti poslovanja - HR | lichtgitter.cz\" \/>\n<meta property=\"og:description\" content=\"UVJETI ISPORUKE, PLA\u0106ANJA I JAMSTVA Isporuka robe Kupoprodajna cijena Jamstvo za kvalitetu Ispunjenje obveza iz kupoprodajnog ugovora Izra\u0111eno: 24.05.2018 Lichtgitter CZ spol. s r.o., U L\u00e9k\u00e1rny 1, 735 35 Horn\u00ed Such\u00e1Tel.: +420 596 496 511, Fax: +420 596 496 538-9, e-mail: obchod@lichtgitter.cz, http:www.lichtgitter.cz\/hr Tvrtka je upisana u sudski registar koji vodi Regionalni trgova\u010dki sud u [&hellip;]\" \/>\n<meta property=\"og:url\" content=\"https:\/\/www.lichtgitter.cz\/hr\/uvjeti-poslovanja\/\" \/>\n<meta property=\"og:site_name\" content=\"HR | lichtgitter.cz\" \/>\n<meta property=\"article:modified_time\" content=\"2026-02-23T09:38:08+00:00\" \/>\n<meta name=\"twitter:card\" content=\"summary_large_image\" \/>\n<meta name=\"twitter:label1\" content=\"Odhadovan\u00e1 doba \u010dten\u00ed\" \/>\n\t<meta name=\"twitter:data1\" content=\"5 minut\" \/>\n<script type=\"application\/ld+json\" class=\"yoast-schema-graph\">{\"@context\":\"https:\\\/\\\/schema.org\",\"@graph\":[{\"@type\":\"WebPage\",\"@id\":\"https:\\\/\\\/www.lichtgitter.cz\\\/hr\\\/uvjeti-poslovanja\\\/\",\"url\":\"https:\\\/\\\/www.lichtgitter.cz\\\/hr\\\/uvjeti-poslovanja\\\/\",\"name\":\"Uvjeti poslovanja - HR | lichtgitter.cz\",\"isPartOf\":{\"@id\":\"https:\\\/\\\/www.lichtgitter.cz\\\/hr\\\/#website\"},\"datePublished\":\"2025-10-14T18:45:30+00:00\",\"dateModified\":\"2026-02-23T09:38:08+00:00\",\"breadcrumb\":{\"@id\":\"https:\\\/\\\/www.lichtgitter.cz\\\/hr\\\/uvjeti-poslovanja\\\/#breadcrumb\"},\"inLanguage\":\"cs\",\"potentialAction\":[{\"@type\":\"ReadAction\",\"target\":[\"https:\\\/\\\/www.lichtgitter.cz\\\/hr\\\/uvjeti-poslovanja\\\/\"]}]},{\"@type\":\"BreadcrumbList\",\"@id\":\"https:\\\/\\\/www.lichtgitter.cz\\\/hr\\\/uvjeti-poslovanja\\\/#breadcrumb\",\"itemListElement\":[{\"@type\":\"ListItem\",\"position\":1,\"name\":\"Po\u010detna stranica\",\"item\":\"https:\\\/\\\/www.lichtgitter.cz\\\/hr\\\/\"},{\"@type\":\"ListItem\",\"position\":2,\"name\":\"Uvjeti poslovanja\"}]},{\"@type\":\"WebSite\",\"@id\":\"https:\\\/\\\/www.lichtgitter.cz\\\/hr\\\/#website\",\"url\":\"https:\\\/\\\/www.lichtgitter.cz\\\/hr\\\/\",\"name\":\"Lichtgitter.cz\",\"description\":\"Proizvo\u0111a\u010d \u010deli\u010dnih tla\u010dnih re\u0161etki i gazi\u0161ta stepenica zavarenih i pre\u0161anih\",\"publisher\":{\"@id\":\"https:\\\/\\\/www.lichtgitter.cz\\\/hr\\\/#organization\"},\"potentialAction\":[{\"@type\":\"SearchAction\",\"target\":{\"@type\":\"EntryPoint\",\"urlTemplate\":\"https:\\\/\\\/www.lichtgitter.cz\\\/hr\\\/?s={search_term_string}\"},\"query-input\":{\"@type\":\"PropertyValueSpecification\",\"valueRequired\":true,\"valueName\":\"search_term_string\"}}],\"inLanguage\":\"cs\"},{\"@type\":\"Organization\",\"@id\":\"https:\\\/\\\/www.lichtgitter.cz\\\/hr\\\/#organization\",\"name\":\"Lichtgitter.cz\",\"url\":\"https:\\\/\\\/www.lichtgitter.cz\\\/hr\\\/\",\"logo\":{\"@type\":\"ImageObject\",\"inLanguage\":\"cs\",\"@id\":\"https:\\\/\\\/www.lichtgitter.cz\\\/hr\\\/#\\\/schema\\\/logo\\\/image\\\/\",\"url\":\"https:\\\/\\\/www.lichtgitter.cz\\\/hr\\\/wp-content\\\/uploads\\\/sites\\\/3\\\/2025\\\/11\\\/logo_v3.svg\",\"contentUrl\":\"https:\\\/\\\/www.lichtgitter.cz\\\/hr\\\/wp-content\\\/uploads\\\/sites\\\/3\\\/2025\\\/11\\\/logo_v3.svg\",\"width\":100,\"height\":100,\"caption\":\"Lichtgitter.cz\"},\"image\":{\"@id\":\"https:\\\/\\\/www.lichtgitter.cz\\\/hr\\\/#\\\/schema\\\/logo\\\/image\\\/\"}}]}<\/script>\n<!-- \/ Yoast SEO plugin. -->","yoast_head_json":{"title":"Uvjeti poslovanja - HR | lichtgitter.cz","robots":{"index":"index","follow":"follow","max-snippet":"max-snippet:-1","max-image-preview":"max-image-preview:large","max-video-preview":"max-video-preview:-1"},"canonical":"https:\/\/www.lichtgitter.cz\/hr\/uvjeti-poslovanja\/","og_locale":"cs_CZ","og_type":"article","og_title":"Uvjeti poslovanja - HR | lichtgitter.cz","og_description":"UVJETI ISPORUKE, PLA\u0106ANJA I JAMSTVA Isporuka robe Kupoprodajna cijena Jamstvo za kvalitetu Ispunjenje obveza iz kupoprodajnog ugovora Izra\u0111eno: 24.05.2018 Lichtgitter CZ spol. s r.o., U L\u00e9k\u00e1rny 1, 735 35 Horn\u00ed Such\u00e1Tel.: +420 596 496 511, Fax: +420 596 496 538-9, e-mail: obchod@lichtgitter.cz, http:www.lichtgitter.cz\/hr Tvrtka je upisana u sudski registar koji vodi Regionalni trgova\u010dki sud u [&hellip;]","og_url":"https:\/\/www.lichtgitter.cz\/hr\/uvjeti-poslovanja\/","og_site_name":"HR | lichtgitter.cz","article_modified_time":"2026-02-23T09:38:08+00:00","twitter_card":"summary_large_image","twitter_misc":{"Odhadovan\u00e1 doba \u010dten\u00ed":"5 minut"},"schema":{"@context":"https:\/\/schema.org","@graph":[{"@type":"WebPage","@id":"https:\/\/www.lichtgitter.cz\/hr\/uvjeti-poslovanja\/","url":"https:\/\/www.lichtgitter.cz\/hr\/uvjeti-poslovanja\/","name":"Uvjeti poslovanja - HR | lichtgitter.cz","isPartOf":{"@id":"https:\/\/www.lichtgitter.cz\/hr\/#website"},"datePublished":"2025-10-14T18:45:30+00:00","dateModified":"2026-02-23T09:38:08+00:00","breadcrumb":{"@id":"https:\/\/www.lichtgitter.cz\/hr\/uvjeti-poslovanja\/#breadcrumb"},"inLanguage":"cs","potentialAction":[{"@type":"ReadAction","target":["https:\/\/www.lichtgitter.cz\/hr\/uvjeti-poslovanja\/"]}]},{"@type":"BreadcrumbList","@id":"https:\/\/www.lichtgitter.cz\/hr\/uvjeti-poslovanja\/#breadcrumb","itemListElement":[{"@type":"ListItem","position":1,"name":"Po\u010detna stranica","item":"https:\/\/www.lichtgitter.cz\/hr\/"},{"@type":"ListItem","position":2,"name":"Uvjeti poslovanja"}]},{"@type":"WebSite","@id":"https:\/\/www.lichtgitter.cz\/hr\/#website","url":"https:\/\/www.lichtgitter.cz\/hr\/","name":"Lichtgitter.cz","description":"Proizvo\u0111a\u010d \u010deli\u010dnih tla\u010dnih re\u0161etki i gazi\u0161ta stepenica zavarenih i pre\u0161anih","publisher":{"@id":"https:\/\/www.lichtgitter.cz\/hr\/#organization"},"potentialAction":[{"@type":"SearchAction","target":{"@type":"EntryPoint","urlTemplate":"https:\/\/www.lichtgitter.cz\/hr\/?s={search_term_string}"},"query-input":{"@type":"PropertyValueSpecification","valueRequired":true,"valueName":"search_term_string"}}],"inLanguage":"cs"},{"@type":"Organization","@id":"https:\/\/www.lichtgitter.cz\/hr\/#organization","name":"Lichtgitter.cz","url":"https:\/\/www.lichtgitter.cz\/hr\/","logo":{"@type":"ImageObject","inLanguage":"cs","@id":"https:\/\/www.lichtgitter.cz\/hr\/#\/schema\/logo\/image\/","url":"https:\/\/www.lichtgitter.cz\/hr\/wp-content\/uploads\/sites\/3\/2025\/11\/logo_v3.svg","contentUrl":"https:\/\/www.lichtgitter.cz\/hr\/wp-content\/uploads\/sites\/3\/2025\/11\/logo_v3.svg","width":100,"height":100,"caption":"Lichtgitter.cz"},"image":{"@id":"https:\/\/www.lichtgitter.cz\/hr\/#\/schema\/logo\/image\/"}}]}},"uagb_featured_image_src":{"full":false,"thumbnail":false,"medium":false,"medium_large":false,"large":false,"1536x1536":false,"2048x2048":false},"uagb_author_info":{"display_name":"Jan","author_link":"https:\/\/www.lichtgitter.cz\/hr\/blog\/author\/jan\/"},"uagb_comment_info":0,"uagb_excerpt":"UVJETI ISPORUKE, PLA\u0106ANJA I JAMSTVA Isporuka robe Kupoprodajna cijena Jamstvo za kvalitetu Ispunjenje obveza iz kupoprodajnog ugovora Izra\u0111eno: 24.05.2018 Lichtgitter CZ spol. s r.o., U L\u00e9k\u00e1rny 1, 735 35 Horn\u00ed Such\u00e1Tel.: +420 596 496 511, Fax: +420 596 496 538-9, e-mail: obchod@lichtgitter.cz, http:www.lichtgitter.cz\/hr Tvrtka je upisana u sudski registar koji vodi Regionalni trgova\u010dki sud u&hellip;","_links":{"self":[{"href":"https:\/\/www.lichtgitter.cz\/hr\/wp-json\/wp\/v2\/pages\/484","targetHints":{"allow":["GET"]}}],"collection":[{"href":"https:\/\/www.lichtgitter.cz\/hr\/wp-json\/wp\/v2\/pages"}],"about":[{"href":"https:\/\/www.lichtgitter.cz\/hr\/wp-json\/wp\/v2\/types\/page"}],"author":[{"embeddable":true,"href":"https:\/\/www.lichtgitter.cz\/hr\/wp-json\/wp\/v2\/users\/1"}],"replies":[{"embeddable":true,"href":"https:\/\/www.lichtgitter.cz\/hr\/wp-json\/wp\/v2\/comments?post=484"}],"version-history":[{"count":8,"href":"https:\/\/www.lichtgitter.cz\/hr\/wp-json\/wp\/v2\/pages\/484\/revisions"}],"predecessor-version":[{"id":2014,"href":"https:\/\/www.lichtgitter.cz\/hr\/wp-json\/wp\/v2\/pages\/484\/revisions\/2014"}],"wp:attachment":[{"href":"https:\/\/www.lichtgitter.cz\/hr\/wp-json\/wp\/v2\/media?parent=484"}],"wp:term":[{"taxonomy":"folder","embeddable":true,"href":"https:\/\/www.lichtgitter.cz\/hr\/wp-json\/wp\/v2\/folder?post=484"}],"curies":[{"name":"wp","href":"https:\/\/api.w.org\/{rel}","templated":true}]}}