{"id":486,"date":"2025-10-14T18:45:39","date_gmt":"2025-10-14T18:45:39","guid":{"rendered":"https:\/\/www.lichtgitter.cz\/hr\/?page_id=486"},"modified":"2026-02-09T13:18:31","modified_gmt":"2026-02-09T13:18:31","slug":"whistleblowing","status":"publish","type":"page","link":"https:\/\/www.lichtgitter.cz\/hr\/whistleblowing\/","title":{"rendered":"Whistleblowing"},"content":{"rendered":"\n<script>\nwindow.location.replace(\"https:\/\/www.gratings-whistleblower.com\/\");\n<\/script>\n\n<noscript>\n  <meta http-equiv=\"refresh\" content=\"0;url=https:\/\/www.gratings-whistleblower.com\/\">\n<\/noscript>\n","protected":false},"excerpt":{"rendered":"","protected":false},"author":1,"featured_media":0,"parent":0,"menu_order":0,"comment_status":"closed","ping_status":"closed","template":"","meta":{"inline_featured_image":false,"_uag_custom_page_level_css":"","_swt_meta_header_display":false,"_swt_meta_footer_display":false,"_swt_meta_site_title_display":false,"_swt_meta_sticky_header":false,"_swt_meta_transparent_header":false,"footnotes":""},"folder":[],"class_list":["post-486","page","type-page","status-publish","hentry"],"yoast_head":"<!-- This site is optimized with the Yoast SEO plugin v27.5 - https:\/\/yoast.com\/product\/yoast-seo-wordpress\/ -->\n<title>Whistleblowing - HR | lichtgitter.cz<\/title>\n<meta name=\"robots\" content=\"index, follow, max-snippet:-1, max-image-preview:large, max-video-preview:-1\" \/>\n<link rel=\"canonical\" href=\"https:\/\/www.lichtgitter.cz\/hr\/whistleblowing\/\" \/>\n<meta property=\"og:locale\" content=\"cs_CZ\" \/>\n<meta property=\"og:type\" content=\"article\" \/>\n<meta property=\"og:title\" content=\"Whistleblowing - HR | lichtgitter.cz\" \/>\n<meta property=\"og:url\" content=\"https:\/\/www.lichtgitter.cz\/hr\/whistleblowing\/\" \/>\n<meta property=\"og:site_name\" content=\"HR | lichtgitter.cz\" \/>\n<meta property=\"article:modified_time\" content=\"2026-02-09T13:18:31+00:00\" \/>\n<meta name=\"twitter:card\" content=\"summary_large_image\" \/>\n<script type=\"application\/ld+json\" class=\"yoast-schema-graph\">{\"@context\":\"https:\\\/\\\/schema.org\",\"@graph\":[{\"@type\":\"WebPage\",\"@id\":\"https:\\\/\\\/www.lichtgitter.cz\\\/hr\\\/whistleblowing\\\/\",\"url\":\"https:\\\/\\\/www.lichtgitter.cz\\\/hr\\\/whistleblowing\\\/\",\"name\":\"Whistleblowing - HR | lichtgitter.cz\",\"isPartOf\":{\"@id\":\"https:\\\/\\\/www.lichtgitter.cz\\\/hr\\\/#website\"},\"datePublished\":\"2025-10-14T18:45:39+00:00\",\"dateModified\":\"2026-02-09T13:18:31+00:00\",\"breadcrumb\":{\"@id\":\"https:\\\/\\\/www.lichtgitter.cz\\\/hr\\\/whistleblowing\\\/#breadcrumb\"},\"inLanguage\":\"cs\",\"potentialAction\":[{\"@type\":\"ReadAction\",\"target\":[\"https:\\\/\\\/www.lichtgitter.cz\\\/hr\\\/whistleblowing\\\/\"]}]},{\"@type\":\"BreadcrumbList\",\"@id\":\"https:\\\/\\\/www.lichtgitter.cz\\\/hr\\\/whistleblowing\\\/#breadcrumb\",\"itemListElement\":[{\"@type\":\"ListItem\",\"position\":1,\"name\":\"Po\u010detna stranica\",\"item\":\"https:\\\/\\\/www.lichtgitter.cz\\\/hr\\\/\"},{\"@type\":\"ListItem\",\"position\":2,\"name\":\"Whistleblowing\"}]},{\"@type\":\"WebSite\",\"@id\":\"https:\\\/\\\/www.lichtgitter.cz\\\/hr\\\/#website\",\"url\":\"https:\\\/\\\/www.lichtgitter.cz\\\/hr\\\/\",\"name\":\"Lichtgitter.cz\",\"description\":\"Proizvo\u0111a\u010d \u010deli\u010dnih tla\u010dnih re\u0161etki i gazi\u0161ta stepenica zavarenih i pre\u0161anih\",\"publisher\":{\"@id\":\"https:\\\/\\\/www.lichtgitter.cz\\\/hr\\\/#organization\"},\"potentialAction\":[{\"@type\":\"SearchAction\",\"target\":{\"@type\":\"EntryPoint\",\"urlTemplate\":\"https:\\\/\\\/www.lichtgitter.cz\\\/hr\\\/?s={search_term_string}\"},\"query-input\":{\"@type\":\"PropertyValueSpecification\",\"valueRequired\":true,\"valueName\":\"search_term_string\"}}],\"inLanguage\":\"cs\"},{\"@type\":\"Organization\",\"@id\":\"https:\\\/\\\/www.lichtgitter.cz\\\/hr\\\/#organization\",\"name\":\"Lichtgitter.cz\",\"url\":\"https:\\\/\\\/www.lichtgitter.cz\\\/hr\\\/\",\"logo\":{\"@type\":\"ImageObject\",\"inLanguage\":\"cs\",\"@id\":\"https:\\\/\\\/www.lichtgitter.cz\\\/hr\\\/#\\\/schema\\\/logo\\\/image\\\/\",\"url\":\"https:\\\/\\\/www.lichtgitter.cz\\\/hr\\\/wp-content\\\/uploads\\\/sites\\\/3\\\/2025\\\/11\\\/logo_v3.svg\",\"contentUrl\":\"https:\\\/\\\/www.lichtgitter.cz\\\/hr\\\/wp-content\\\/uploads\\\/sites\\\/3\\\/2025\\\/11\\\/logo_v3.svg\",\"width\":100,\"height\":100,\"caption\":\"Lichtgitter.cz\"},\"image\":{\"@id\":\"https:\\\/\\\/www.lichtgitter.cz\\\/hr\\\/#\\\/schema\\\/logo\\\/image\\\/\"}}]}<\/script>\n<!-- \/ Yoast SEO plugin. -->","yoast_head_json":{"title":"Whistleblowing - HR | lichtgitter.cz","robots":{"index":"index","follow":"follow","max-snippet":"max-snippet:-1","max-image-preview":"max-image-preview:large","max-video-preview":"max-video-preview:-1"},"canonical":"https:\/\/www.lichtgitter.cz\/hr\/whistleblowing\/","og_locale":"cs_CZ","og_type":"article","og_title":"Whistleblowing - HR | lichtgitter.cz","og_url":"https:\/\/www.lichtgitter.cz\/hr\/whistleblowing\/","og_site_name":"HR | lichtgitter.cz","article_modified_time":"2026-02-09T13:18:31+00:00","twitter_card":"summary_large_image","schema":{"@context":"https:\/\/schema.org","@graph":[{"@type":"WebPage","@id":"https:\/\/www.lichtgitter.cz\/hr\/whistleblowing\/","url":"https:\/\/www.lichtgitter.cz\/hr\/whistleblowing\/","name":"Whistleblowing - HR | lichtgitter.cz","isPartOf":{"@id":"https:\/\/www.lichtgitter.cz\/hr\/#website"},"datePublished":"2025-10-14T18:45:39+00:00","dateModified":"2026-02-09T13:18:31+00:00","breadcrumb":{"@id":"https:\/\/www.lichtgitter.cz\/hr\/whistleblowing\/#breadcrumb"},"inLanguage":"cs","potentialAction":[{"@type":"ReadAction","target":["https:\/\/www.lichtgitter.cz\/hr\/whistleblowing\/"]}]},{"@type":"BreadcrumbList","@id":"https:\/\/www.lichtgitter.cz\/hr\/whistleblowing\/#breadcrumb","itemListElement":[{"@type":"ListItem","position":1,"name":"Po\u010detna stranica","item":"https:\/\/www.lichtgitter.cz\/hr\/"},{"@type":"ListItem","position":2,"name":"Whistleblowing"}]},{"@type":"WebSite","@id":"https:\/\/www.lichtgitter.cz\/hr\/#website","url":"https:\/\/www.lichtgitter.cz\/hr\/","name":"Lichtgitter.cz","description":"Proizvo\u0111a\u010d \u010deli\u010dnih tla\u010dnih re\u0161etki i gazi\u0161ta stepenica zavarenih i pre\u0161anih","publisher":{"@id":"https:\/\/www.lichtgitter.cz\/hr\/#organization"},"potentialAction":[{"@type":"SearchAction","target":{"@type":"EntryPoint","urlTemplate":"https:\/\/www.lichtgitter.cz\/hr\/?s={search_term_string}"},"query-input":{"@type":"PropertyValueSpecification","valueRequired":true,"valueName":"search_term_string"}}],"inLanguage":"cs"},{"@type":"Organization","@id":"https:\/\/www.lichtgitter.cz\/hr\/#organization","name":"Lichtgitter.cz","url":"https:\/\/www.lichtgitter.cz\/hr\/","logo":{"@type":"ImageObject","inLanguage":"cs","@id":"https:\/\/www.lichtgitter.cz\/hr\/#\/schema\/logo\/image\/","url":"https:\/\/www.lichtgitter.cz\/hr\/wp-content\/uploads\/sites\/3\/2025\/11\/logo_v3.svg","contentUrl":"https:\/\/www.lichtgitter.cz\/hr\/wp-content\/uploads\/sites\/3\/2025\/11\/logo_v3.svg","width":100,"height":100,"caption":"Lichtgitter.cz"},"image":{"@id":"https:\/\/www.lichtgitter.cz\/hr\/#\/schema\/logo\/image\/"}}]}},"uagb_featured_image_src":{"full":false,"thumbnail":false,"medium":false,"medium_large":false,"large":false,"1536x1536":false,"2048x2048":false},"uagb_author_info":{"display_name":"Jan","author_link":"https:\/\/www.lichtgitter.cz\/hr\/blog\/author\/jan\/"},"uagb_comment_info":0,"uagb_excerpt":null,"_links":{"self":[{"href":"https:\/\/www.lichtgitter.cz\/hr\/wp-json\/wp\/v2\/pages\/486","targetHints":{"allow":["GET"]}}],"collection":[{"href":"https:\/\/www.lichtgitter.cz\/hr\/wp-json\/wp\/v2\/pages"}],"about":[{"href":"https:\/\/www.lichtgitter.cz\/hr\/wp-json\/wp\/v2\/types\/page"}],"author":[{"embeddable":true,"href":"https:\/\/www.lichtgitter.cz\/hr\/wp-json\/wp\/v2\/users\/1"}],"replies":[{"embeddable":true,"href":"https:\/\/www.lichtgitter.cz\/hr\/wp-json\/wp\/v2\/comments?post=486"}],"version-history":[{"count":5,"href":"https:\/\/www.lichtgitter.cz\/hr\/wp-json\/wp\/v2\/pages\/486\/revisions"}],"predecessor-version":[{"id":1886,"href":"https:\/\/www.lichtgitter.cz\/hr\/wp-json\/wp\/v2\/pages\/486\/revisions\/1886"}],"wp:attachment":[{"href":"https:\/\/www.lichtgitter.cz\/hr\/wp-json\/wp\/v2\/media?parent=486"}],"wp:term":[{"taxonomy":"folder","embeddable":true,"href":"https:\/\/www.lichtgitter.cz\/hr\/wp-json\/wp\/v2\/folder?post=486"}],"curies":[{"name":"wp","href":"https:\/\/api.w.org\/{rel}","templated":true}]}}