{"id":490,"date":"2025-10-14T18:47:43","date_gmt":"2025-10-14T18:47:43","guid":{"rendered":"https:\/\/www.lichtgitter.cz\/hr\/?page_id=490"},"modified":"2026-03-13T13:55:16","modified_gmt":"2026-03-13T13:55:16","slug":"preuzimanja","status":"publish","type":"page","link":"https:\/\/www.lichtgitter.cz\/hr\/preuzimanja\/","title":{"rendered":"Preuzimanja"},"content":{"rendered":"\n<div class=\"wp-block-uagb-container uagb-block-5441b658 alignfull uagb-is-root-container\"><div class=\"uagb-container-inner-blocks-wrap\">\n<div class=\"wp-block-uagb-advanced-heading uagb-block-ef3dbf35\"><h2 class=\"uagb-heading-text\">Op\u0107i uvjeti poslovanja<\/h2><\/div>\n\n\n\n<figure class=\"wp-block-table custom-table is-style-stripes has-small-font-size\"><table><tbody><tr><td class=\"has-text-align-left\" data-align=\"left\">uvjeti isporuke, pla\u0107anja i jamstva&nbsp;(*.pdf)<\/td><td class=\"has-text-align-right\" data-align=\"right\"><strong><a href=\"https:\/\/www.lichtgitter.cz\/hr\/wp-content\/uploads\/sites\/3\/2025\/11\/Dodaci-platebni-a-zarucni-podminky.pdf\" target=\"_blank\" rel=\"noreferrer noopener\">Preuzmi (.pdf)<\/a><\/strong><\/td><\/tr><\/tbody><\/table><\/figure>\n\n\n\n<div class=\"wp-block-uagb-advanced-heading uagb-block-243cf9bc\"><h2 class=\"uagb-heading-text\"><br>Izjava o svojstvima proizvoda:<\/h2><\/div>\n\n\n\n<figure class=\"wp-block-table custom-table is-style-stripes has-small-font-size\"><table><tbody><tr><td class=\"has-text-align-left\" data-align=\"left\">Izjava o svojstvima proizvoda SP, XSP, P, XP (.pdf)<\/td><td class=\"has-text-align-right\" data-align=\"right\"><strong><a href=\"https:\/\/www.lichtgitter.cz\/hr\/wp-content\/uploads\/sites\/3\/2026\/02\/PoV_G001-SP-XSP-P-XP_Zn_EN.pdf\" target=\"_blank\" rel=\"noreferrer noopener\">Preuzmi (.pdf)<\/a><\/strong><\/td><\/tr><tr><td class=\"has-text-align-left\" data-align=\"left\">Izjava o svojstvima proizvoda B, LSP (.pdf)<\/td><td class=\"has-text-align-right\" data-align=\"right\"><strong><a href=\"https:\/\/www.lichtgitter.cz\/hr\/wp-content\/uploads\/sites\/3\/2026\/02\/PoV_G021-B_Zn_EN.pdf\" target=\"_blank\" rel=\"noreferrer noopener\">Preuzmi (.pdf)<\/a><\/strong><\/td><\/tr><tr><td class=\"has-text-align-left\" data-align=\"left\">Izjava o svojstvima proizvoda spiralna stubi\u0161ta &#8222;LG Special&#8220; (*.pdf)<\/td><td class=\"has-text-align-right\" data-align=\"right\"><strong><a href=\"https:\/\/www.lichtgitter.cz\/hr\/wp-content\/uploads\/sites\/3\/2026\/02\/PoV_G041-LG-Special_Zn_EN.pdf\" target=\"_blank\" rel=\"noreferrer noopener\">Preuzmi (.pdf)<\/a><\/strong><\/td><\/tr><\/tbody><\/table><\/figure>\n\n\n\n<div class=\"wp-block-uagb-advanced-heading uagb-block-f00e9dff\"><h2 class=\"uagb-heading-text\"><br>Tablice nosivosti:<\/h2><\/div>\n\n\n\n<div class=\"wp-block-uagb-advanced-heading uagb-block-daa001d3\"><h3 class=\"uagb-heading-text\"><br>Elektrozavarene re\u0161etkaste gazi\u0161ne plo\u010de SP i pre\u0161ano spojene re\u0161etkaste gazi\u0161ne plo\u010de P<\/h3><\/div>\n\n\n\n<figure class=\"wp-block-table custom-table is-style-stripes has-small-font-size\"><table><tbody><tr><td class=\"has-text-align-left\" data-align=\"left\">tablica nosivosti SP, S235<\/td><td class=\"has-text-align-right\" data-align=\"right\"><strong><a href=\"https:\/\/www.lichtgitter.cz\/en\/wp-content\/uploads\/sites\/4\/2026\/03\/Nosn_tab_SP_235_EN_05_2022.pdf\" target=\"_blank\" rel=\"noreferrer noopener\">Preuzmi (.pdf)<\/a><\/strong><\/td><\/tr><tr><td class=\"has-text-align-left\" data-align=\"left\">tablica nosivosti XSP, S235<\/td><td class=\"has-text-align-right\" data-align=\"right\"><strong><a href=\"https:\/\/www.lichtgitter.cz\/en\/wp-content\/uploads\/sites\/4\/2026\/03\/Nosn_tab_XSP_235_EN_05_2022.pdf\" target=\"_blank\" rel=\"noreferrer noopener\">Preuzmi (.pdf)<\/a><\/strong><\/td><\/tr><tr><td class=\"has-text-align-left\" data-align=\"left\">tablica nosivosti P, S235<\/td><td class=\"has-text-align-right\" data-align=\"right\"><strong><a href=\"https:\/\/www.lichtgitter.cz\/en\/wp-content\/uploads\/sites\/4\/2026\/03\/Nosn_tab_P_235_EN_05_2022.pdf\" target=\"_blank\" rel=\"noreferrer noopener\">Preuzmi (.pdf)<\/a><\/strong><\/td><\/tr><tr><td class=\"has-text-align-left\" data-align=\"left\">tablica nosivosti XP, S235<\/td><td class=\"has-text-align-right\" data-align=\"right\"><strong><a href=\"https:\/\/www.lichtgitter.cz\/en\/wp-content\/uploads\/sites\/4\/2026\/03\/Nosn_tab_XP_235_EN_05_2022.pdf\" target=\"_blank\" rel=\"noreferrer noopener\">Preuzmi (.pdf)<\/a><\/strong><\/td><\/tr><tr><td class=\"has-text-align-left\" data-align=\"left\">tablica optere\u0107enja kota\u010da \u2013 SP \/ P tablica nosivosti za kvalitetu materijala S 235 JR<\/td><td class=\"has-text-align-right\" data-align=\"right\"><strong><a href=\"https:\/\/www.lichtgitter.cz\/en\/wp-content\/uploads\/sites\/4\/2026\/03\/Nosn_tab_kol_tlak_S235JR_EN.pdf\" target=\"_blank\" rel=\"noreferrer noopener\">Preuzmi (.pdf)<\/a><\/strong><\/td><\/tr><tr><td class=\"has-text-align-left\" data-align=\"left\">tablica optere\u0107enja kota\u010da \u2013 P tablica nosivosti za kvalitetu materijala S 355 JR&nbsp;<\/td><td class=\"has-text-align-right\" data-align=\"right\"><strong><a href=\"https:\/\/www.lichtgitter.cz\/en\/wp-content\/uploads\/sites\/4\/2026\/03\/Nosn_tab_kol_tlak_S355JR_EN.pdf\" target=\"_blank\" rel=\"noreferrer noopener\">Preuzmi (.pdf)<\/a><\/strong><\/td><\/tr><\/tbody><\/table><\/figure>\n\n\n\n<div class=\"wp-block-uagb-advanced-heading uagb-block-18b69755\"><h3 class=\"uagb-heading-text\">Limeni profili B<\/h3><\/div>\n\n\n\n<figure class=\"wp-block-table custom-table is-style-stripes has-small-font-size\"><table><tbody><tr><td class=\"has-text-align-left\" data-align=\"left\">tablica nosivosti BN-G i BN-O&nbsp;(koeficijent prera\u010duna ispod tablice)&nbsp;<\/td><td class=\"has-text-align-right\" data-align=\"right\"><strong><a href=\"https:\/\/www.lichtgitter.cz\/hr\/wp-content\/uploads\/sites\/3\/2026\/02\/Loadtable_BN-G.pdf\" target=\"_blank\" rel=\"noreferrer noopener\">Preuzmi (.pdf)<\/a><\/strong><\/td><\/tr><tr><td class=\"has-text-align-left\" data-align=\"left\">tablica nosivosti BP i BR_2mm&nbsp;<\/td><td class=\"has-text-align-right\" data-align=\"right\"><strong><a href=\"https:\/\/www.lichtgitter.cz\/hr\/wp-content\/uploads\/sites\/3\/2026\/02\/Loadtable_BP-BR_tl_2.pdf\" target=\"_blank\" rel=\"noreferrer noopener\">Preuzmi (.pdf)<\/a><\/strong><\/td><\/tr><tr><td class=\"has-text-align-left\" data-align=\"left\">tablica nosivosti BP i BR_2,5mm&nbsp;(*.pdf)<\/td><td class=\"has-text-align-right\" data-align=\"right\"><strong><a href=\"https:\/\/www.lichtgitter.cz\/hr\/wp-content\/uploads\/sites\/3\/2026\/02\/Loadtable_BP-BR_tl_2_5.pdf\" target=\"_blank\" rel=\"noreferrer noopener\">Preuzmi (.pdf)<\/a><\/strong><\/td><\/tr><tr><td class=\"has-text-align-left\" data-align=\"left\">tablica nosivosti BZ_2mm&nbsp;(*.pdf)<\/td><td class=\"has-text-align-right\" data-align=\"right\"><strong><a href=\"https:\/\/www.lichtgitter.cz\/hr\/wp-content\/uploads\/sites\/3\/2026\/02\/Loadtable_BZ_tl_2.pdf\" target=\"_blank\" rel=\"noreferrer noopener\">Preuzmi (.pdf)<\/a><\/strong><\/td><\/tr><tr><td class=\"has-text-align-left\" data-align=\"left\">tablica nosivosti BZ_2,5mm&nbsp;(*.pdf)<\/td><td class=\"has-text-align-right\" data-align=\"right\"><strong><a href=\"https:\/\/www.lichtgitter.cz\/hr\/wp-content\/uploads\/sites\/3\/2026\/02\/Loadtable_BZ_tl_2_5.pdf\" target=\"_blank\" rel=\"noreferrer noopener\">Preuzmi (.pdf)<\/a><\/strong><\/td><\/tr><tr><td class=\"has-text-align-left\" data-align=\"left\">tablica nosivosti BP, BR i BZ \u2013 pojedina\u010dno optere\u0107enje&nbsp;(*.pdf)<\/td><td class=\"has-text-align-right\" data-align=\"right\"><strong><a href=\"https:\/\/www.lichtgitter.cz\/hr\/wp-content\/uploads\/sites\/3\/2026\/02\/Loadtable_BP_BR_BZ-Fp.pdf\" target=\"_blank\" rel=\"noreferrer noopener\">Preuzmi (.pdf)<\/a><\/strong><\/td><\/tr><tr><td class=\"has-text-align-left\" data-align=\"left\">tablica nosivosti BP-H&nbsp;(*.pdf)<\/td><td class=\"has-text-align-right\" data-align=\"right\"><strong><a href=\"https:\/\/www.lichtgitter.cz\/hr\/wp-content\/uploads\/sites\/3\/2025\/11\/nosnostni_tab_BP-H_v1.pdf\" target=\"_blank\" rel=\"noreferrer noopener\">Preuzmi (.pdf)<\/a><\/strong><\/td><\/tr><tr><td class=\"has-text-align-left\" data-align=\"left\">tablica nosivosti BN-OF&nbsp;(*.pdf)<\/td><td class=\"has-text-align-right\" data-align=\"right\"><strong><a href=\"https:\/\/www.lichtgitter.cz\/hr\/wp-content\/uploads\/sites\/3\/2025\/11\/nosnostni_tab__BN-OF_v1.pdf\" target=\"_blank\" rel=\"noreferrer noopener\">Preuzmi (.pdf)<\/a><\/strong><\/td><\/tr><\/tbody><\/table><\/figure>\n\n\n\n<div class=\"wp-block-uagb-advanced-heading uagb-block-90f65faa\"><h2 class=\"uagb-heading-text\">Priru\u010dnici<\/h2><\/div>\n\n\n\n<figure class=\"wp-block-table custom-table is-style-stripes has-small-font-size\"><table><tbody><tr><td class=\"has-text-align-left\" data-align=\"left\">priru\u010dnik SP + P&nbsp;(*.pdf)<\/td><td class=\"has-text-align-right\" data-align=\"right\"><strong><a href=\"https:\/\/www.lichtgitter.cz\/hr\/wp-content\/uploads\/sites\/3\/2025\/11\/Prirucka_SP-P_CZ.pdf\" target=\"_blank\" rel=\"noreferrer noopener\">Preuzmi (.pdf)<\/a><\/strong><\/td><\/tr><tr><td class=\"has-text-align-left\" data-align=\"left\">priru\u010dnik B&nbsp;(*.pdf)<\/td><td class=\"has-text-align-right\" data-align=\"right\"><strong><a href=\"https:\/\/www.lichtgitter.cz\/hr\/wp-content\/uploads\/sites\/3\/2025\/11\/Prirucka_B_CZ.pdf\" target=\"_blank\" rel=\"noreferrer noopener\">Preuzmi (.pdf)<\/a><\/strong><\/td><\/tr><tr><td class=\"has-text-align-left\" data-align=\"left\">pro\u0161ireni priru\u010dnik \u2013 na njema\u010dkom,&nbsp;na engleskom&nbsp;(*.pdf)<\/td><td class=\"has-text-align-right\" data-align=\"right\"><strong><a href=\"https:\/\/www.lichtgitter.cz\/hr\/wp-content\/uploads\/sites\/3\/2025\/11\/Prirucka_Handbuch.pdf\" target=\"_blank\" rel=\"noreferrer noopener\">DE (.pdf)<\/a>, <a href=\"https:\/\/www.lichtgitter.cz\/hr\/wp-content\/uploads\/sites\/3\/2025\/11\/Prirucka_Manual.pdf\" target=\"_blank\" rel=\"noreferrer noopener\">EN (.pdf)<\/a><\/strong><\/td><\/tr><tr><td class=\"has-text-align-left\" data-align=\"left\">priru\u010dnik GFK \u2013 na njema\u010dkom,&nbsp;na engleskom&nbsp;(*.pdf)<\/td><td class=\"has-text-align-right\" data-align=\"right\"><strong><a href=\"https:\/\/www.lichtgitter.cz\/hr\/wp-content\/uploads\/sites\/3\/2025\/11\/Prirucka_GFK_nemecka_v1-1.pdf\" target=\"_blank\" rel=\"noreferrer noopener\">DE (.pdf)<\/a>, <a href=\"https:\/\/www.lichtgitter.cz\/hr\/wp-content\/uploads\/sites\/3\/2025\/11\/Prirucka_GFK_anglicka_v1-1.pdf\" target=\"_blank\" rel=\"noreferrer noopener\">EN (.pdf)<\/a><\/strong><\/td><\/tr><\/tbody><\/table><\/figure>\n\n\n\n<div class=\"wp-block-uagb-advanced-heading uagb-block-89d34e29\"><h2 class=\"uagb-heading-text\">Letci<\/h2><\/div>\n\n\n\n<figure class=\"wp-block-table custom-table is-style-stripes has-small-font-size\"><table><tbody><tr><td class=\"has-text-align-left\" data-align=\"left\">Letak \u2013 rudarske platforme BZ i BP&nbsp;(*.pdf)<\/td><td class=\"has-text-align-right\" data-align=\"right\"><strong><a href=\"https:\/\/www.lichtgitter.cz\/hr\/wp-content\/uploads\/sites\/3\/2025\/11\/Letak_Hornicke_lavky_BZ_a_BP_v1.pdf\" target=\"_blank\" rel=\"noreferrer noopener\">Preuzmi (.pdf)<\/a><\/strong><\/td><\/tr><tr><td class=\"has-text-align-left\" data-align=\"left\">Letak \u2013 spiralno stubi\u0161te &#8222;LG Speci\u00e1l&#8220;&nbsp;(*.pdf)<\/td><td class=\"has-text-align-right\" data-align=\"right\"><strong><a href=\"https:\/\/www.lichtgitter.cz\/hr\/wp-content\/uploads\/sites\/3\/2025\/11\/CZ_Letak_LG_Special-2.pdf\" target=\"_blank\" rel=\"noreferrer noopener\">Preuzmi (.pdf)<\/a><\/strong><\/td><\/tr><tr><td class=\"has-text-align-left\" data-align=\"left\">Letak \u2013 BN-OF&nbsp;(*.pdf)<\/td><td class=\"has-text-align-right\" data-align=\"right\"><strong><a href=\"https:\/\/www.lichtgitter.cz\/hr\/wp-content\/uploads\/sites\/3\/2025\/11\/Letak_BN-OF_v1.pdf\" target=\"_blank\" rel=\"noreferrer noopener\">Preuzmi (.pdf)<\/a><\/strong><\/td><\/tr><tr><td class=\"has-text-align-left\" data-align=\"left\">Letak \u2013 BP-H&nbsp;(*.pdf)<\/td><td class=\"has-text-align-right\" data-align=\"right\"><strong><a href=\"https:\/\/www.lichtgitter.cz\/hr\/wp-content\/uploads\/sites\/3\/2025\/11\/Letak_BP-H_v1.pdf\" target=\"_blank\" rel=\"noreferrer noopener\">Preuzmi (.pdf)<\/a><\/strong><\/td><\/tr><tr><td class=\"has-text-align-left\" data-align=\"left\">Letak \u2013 Kombiro\u0161ty&nbsp;(*.pdf)<\/td><td class=\"has-text-align-right\" data-align=\"right\"><strong><a href=\"https:\/\/www.lichtgitter.cz\/hr\/wp-content\/uploads\/sites\/3\/2025\/11\/CZ_Letak_Kombirosty.pdf\" target=\"_blank\" rel=\"noreferrer noopener\">Preuzmi (.pdf)<\/a><\/strong><\/td><\/tr><\/tbody><\/table><\/figure>\n\n\n\n<div class=\"wp-block-uagb-advanced-heading uagb-block-ae168c92\"><h2 class=\"uagb-heading-text\">Upute za ugradnju stezaljki:<\/h2><\/div>\n\n\n\n<figure class=\"wp-block-table custom-table is-style-stripes has-small-font-size\"><table><tbody><tr><td class=\"has-text-align-left\" data-align=\"left\">Upute za B133T (.pdf)<\/td><td class=\"has-text-align-right\" data-align=\"right\"><strong><a href=\"https:\/\/www.lichtgitter.cz\/hr\/wp-content\/uploads\/sites\/3\/2026\/02\/Instal_133T-EN.pdf\" target=\"_blank\" rel=\"noreferrer noopener\">Preuzmi (.pdf)<\/a><\/strong><\/td><\/tr><tr><td class=\"has-text-align-left\" data-align=\"left\">Upute za B334K i B633K (.pdf)<\/td><td class=\"has-text-align-right\" data-align=\"right\"><strong><a href=\"https:\/\/www.lichtgitter.cz\/hr\/wp-content\/uploads\/sites\/3\/2026\/02\/Instal_334K_633K-EN.pdf\" target=\"_blank\" rel=\"noreferrer noopener\">Preuzmi (.pdf)<\/a><\/strong><\/td><\/tr><tr><td class=\"has-text-align-left\" data-align=\"left\">Upute za B433T (.pdf)<\/td><td class=\"has-text-align-right\" data-align=\"right\"><strong><a href=\"https:\/\/www.lichtgitter.cz\/hr\/wp-content\/uploads\/sites\/3\/2026\/02\/Instal_433T-EN.pdf\" target=\"_blank\" rel=\"noreferrer noopener\">Preuzmi (.pdf)<\/a><\/strong><\/td><\/tr><tr><td class=\"has-text-align-left\" data-align=\"left\">Upute za B733T i B833T (.pdf)<\/td><td class=\"has-text-align-right\" data-align=\"right\"><strong><a href=\"https:\/\/www.lichtgitter.cz\/hr\/wp-content\/uploads\/sites\/3\/2026\/02\/Instal_733T_833T-EN.pdf\" target=\"_blank\" rel=\"noreferrer noopener\">Preuzmi (.pdf)<\/a><\/strong><\/td><\/tr><tr><td class=\"has-text-align-left\" data-align=\"left\">Upute za B933T (*.pdf)<\/td><td class=\"has-text-align-right\" data-align=\"right\"><strong><a href=\"https:\/\/www.lichtgitter.cz\/hr\/wp-content\/uploads\/sites\/3\/2026\/02\/Instal_933T-EN.pdf\" target=\"_blank\" rel=\"noreferrer noopener\">Preuzmi (.pdf)<\/a><\/strong><\/td><\/tr><\/tbody><\/table><\/figure>\n\n\n\n<div class=\"wp-block-uagb-advanced-heading uagb-block-1fcfd537\"><h2 class=\"uagb-heading-text\">Certifikati:<\/h2><\/div>\n\n\n\n<figure class=\"wp-block-table custom-table is-style-stripes has-small-font-size\"><table><tbody><tr><td class=\"has-text-align-left\" data-align=\"left\">Certifikat EN ISO 9001:2015&nbsp;(*.pdf)<\/td><td class=\"has-text-align-right\" data-align=\"right\"><strong><a href=\"https:\/\/www.lichtgitter.cz\/hr\/wp-content\/uploads\/sites\/3\/2026\/02\/Cert_9001_EN.pdf\" target=\"_blank\" rel=\"noreferrer noopener\">Preuzmi (.pdf)<\/a><\/strong><\/td><\/tr><tr><td class=\"has-text-align-left\" data-align=\"left\">Certifikat EN ISO 3834-2&nbsp;(*.pdf)<\/td><td class=\"has-text-align-right\" data-align=\"right\"><strong><a href=\"https:\/\/www.lichtgitter.cz\/hr\/wp-content\/uploads\/sites\/3\/2026\/02\/cert_3834_EN.pdf\" target=\"_blank\" rel=\"noreferrer noopener\">Preuzmi (.pdf)<\/a><\/strong><\/td><\/tr><tr><td class=\"has-text-align-left\" data-align=\"left\">Certifikat EN 1090-EXC2&nbsp;(*.pdf)<\/td><td class=\"has-text-align-right\" data-align=\"right\"><strong><a href=\"https:\/\/www.lichtgitter.cz\/hr\/wp-content\/uploads\/sites\/3\/2026\/02\/Cert_1090_EN.pdf\" target=\"_blank\" rel=\"noreferrer noopener\">Preuzmi (.pdf)<\/a><\/strong><\/td><\/tr><\/tbody><\/table><\/figure>\n\n\n\n<div class=\"wp-block-uagb-advanced-heading uagb-block-6fccdda7\"><h2 class=\"uagb-heading-text\">Ostalo<\/h2><\/div>\n\n\n\n<figure class=\"wp-block-table custom-table is-style-stripes has-small-font-size\"><table><tbody><tr><td class=\"has-text-align-left\" data-align=\"left\">protuklizna svojstva re\u0161etki \u2013 klase protukliznosti&nbsp;(*.pdf)<\/td><td class=\"has-text-align-right\" data-align=\"right\"><strong><a href=\"https:\/\/www.lichtgitter.cz\/hr\/wp-content\/uploads\/sites\/3\/2025\/11\/Tridy-protiskluzu-rostu-1.pdf\" target=\"_blank\" rel=\"noreferrer noopener\">Preuzmi (.pdf)<\/a><\/strong><\/td><\/tr><\/tbody><\/table><\/figure>\n<\/div><\/div>\n","protected":false},"excerpt":{"rendered":"<p>Op\u0107i uvjeti poslovanja uvjeti isporuke, pla\u0107anja i jamstva&nbsp;(*.pdf) Preuzmi (.pdf) Izjava o svojstvima proizvoda: Izjava o svojstvima proizvoda SP, XSP, P, XP (.pdf) Preuzmi (.pdf) Izjava o svojstvima proizvoda B, LSP (.pdf) Preuzmi (.pdf) Izjava o svojstvima proizvoda spiralna stubi\u0161ta &#8222;LG Special&#8220; (*.pdf) Preuzmi (.pdf) Tablice nosivosti: Elektrozavarene re\u0161etkaste gazi\u0161ne plo\u010de SP i pre\u0161ano spojene [&hellip;]<\/p>\n","protected":false},"author":1,"featured_media":0,"parent":0,"menu_order":0,"comment_status":"closed","ping_status":"closed","template":"","meta":{"inline_featured_image":false,"_uag_custom_page_level_css":"","_swt_meta_header_display":false,"_swt_meta_footer_display":false,"_swt_meta_site_title_display":false,"_swt_meta_sticky_header":false,"_swt_meta_transparent_header":false,"footnotes":""},"folder":[],"class_list":["post-490","page","type-page","status-publish","hentry"],"yoast_head":"<!-- This site is optimized with the Yoast SEO plugin v27.5 - https:\/\/yoast.com\/product\/yoast-seo-wordpress\/ -->\n<title>Preuzimanja - HR | lichtgitter.cz<\/title>\n<meta name=\"robots\" content=\"index, follow, max-snippet:-1, max-image-preview:large, max-video-preview:-1\" \/>\n<link rel=\"canonical\" href=\"https:\/\/www.lichtgitter.cz\/hr\/preuzimanja\/\" \/>\n<meta property=\"og:locale\" content=\"cs_CZ\" \/>\n<meta property=\"og:type\" content=\"article\" \/>\n<meta property=\"og:title\" content=\"Preuzimanja - HR | lichtgitter.cz\" \/>\n<meta property=\"og:description\" content=\"Op\u0107i uvjeti poslovanja uvjeti isporuke, pla\u0107anja i jamstva&nbsp;(*.pdf) Preuzmi (.pdf) Izjava o svojstvima proizvoda: Izjava o svojstvima proizvoda SP, XSP, P, XP (.pdf) Preuzmi (.pdf) Izjava o svojstvima proizvoda B, LSP (.pdf) Preuzmi (.pdf) Izjava o svojstvima proizvoda spiralna stubi\u0161ta &#8222;LG Special&#8220; (*.pdf) Preuzmi (.pdf) Tablice nosivosti: Elektrozavarene re\u0161etkaste gazi\u0161ne plo\u010de SP i pre\u0161ano spojene [&hellip;]\" \/>\n<meta property=\"og:url\" content=\"https:\/\/www.lichtgitter.cz\/hr\/preuzimanja\/\" \/>\n<meta property=\"og:site_name\" content=\"HR | lichtgitter.cz\" \/>\n<meta property=\"article:modified_time\" content=\"2026-03-13T13:55:16+00:00\" \/>\n<meta name=\"twitter:card\" content=\"summary_large_image\" \/>\n<meta name=\"twitter:label1\" content=\"Odhadovan\u00e1 doba \u010dten\u00ed\" \/>\n\t<meta name=\"twitter:data1\" content=\"2 minuty\" \/>\n<script type=\"application\/ld+json\" class=\"yoast-schema-graph\">{\"@context\":\"https:\\\/\\\/schema.org\",\"@graph\":[{\"@type\":\"WebPage\",\"@id\":\"https:\\\/\\\/www.lichtgitter.cz\\\/hr\\\/preuzimanja\\\/\",\"url\":\"https:\\\/\\\/www.lichtgitter.cz\\\/hr\\\/preuzimanja\\\/\",\"name\":\"Preuzimanja - HR | lichtgitter.cz\",\"isPartOf\":{\"@id\":\"https:\\\/\\\/www.lichtgitter.cz\\\/hr\\\/#website\"},\"datePublished\":\"2025-10-14T18:47:43+00:00\",\"dateModified\":\"2026-03-13T13:55:16+00:00\",\"breadcrumb\":{\"@id\":\"https:\\\/\\\/www.lichtgitter.cz\\\/hr\\\/preuzimanja\\\/#breadcrumb\"},\"inLanguage\":\"cs\",\"potentialAction\":[{\"@type\":\"ReadAction\",\"target\":[\"https:\\\/\\\/www.lichtgitter.cz\\\/hr\\\/preuzimanja\\\/\"]}]},{\"@type\":\"BreadcrumbList\",\"@id\":\"https:\\\/\\\/www.lichtgitter.cz\\\/hr\\\/preuzimanja\\\/#breadcrumb\",\"itemListElement\":[{\"@type\":\"ListItem\",\"position\":1,\"name\":\"Po\u010detna stranica\",\"item\":\"https:\\\/\\\/www.lichtgitter.cz\\\/hr\\\/\"},{\"@type\":\"ListItem\",\"position\":2,\"name\":\"Preuzimanja\"}]},{\"@type\":\"WebSite\",\"@id\":\"https:\\\/\\\/www.lichtgitter.cz\\\/hr\\\/#website\",\"url\":\"https:\\\/\\\/www.lichtgitter.cz\\\/hr\\\/\",\"name\":\"Lichtgitter.cz\",\"description\":\"Proizvo\u0111a\u010d \u010deli\u010dnih tla\u010dnih re\u0161etki i gazi\u0161ta stepenica zavarenih i pre\u0161anih\",\"publisher\":{\"@id\":\"https:\\\/\\\/www.lichtgitter.cz\\\/hr\\\/#organization\"},\"potentialAction\":[{\"@type\":\"SearchAction\",\"target\":{\"@type\":\"EntryPoint\",\"urlTemplate\":\"https:\\\/\\\/www.lichtgitter.cz\\\/hr\\\/?s={search_term_string}\"},\"query-input\":{\"@type\":\"PropertyValueSpecification\",\"valueRequired\":true,\"valueName\":\"search_term_string\"}}],\"inLanguage\":\"cs\"},{\"@type\":\"Organization\",\"@id\":\"https:\\\/\\\/www.lichtgitter.cz\\\/hr\\\/#organization\",\"name\":\"Lichtgitter.cz\",\"url\":\"https:\\\/\\\/www.lichtgitter.cz\\\/hr\\\/\",\"logo\":{\"@type\":\"ImageObject\",\"inLanguage\":\"cs\",\"@id\":\"https:\\\/\\\/www.lichtgitter.cz\\\/hr\\\/#\\\/schema\\\/logo\\\/image\\\/\",\"url\":\"https:\\\/\\\/www.lichtgitter.cz\\\/hr\\\/wp-content\\\/uploads\\\/sites\\\/3\\\/2025\\\/11\\\/logo_v3.svg\",\"contentUrl\":\"https:\\\/\\\/www.lichtgitter.cz\\\/hr\\\/wp-content\\\/uploads\\\/sites\\\/3\\\/2025\\\/11\\\/logo_v3.svg\",\"width\":100,\"height\":100,\"caption\":\"Lichtgitter.cz\"},\"image\":{\"@id\":\"https:\\\/\\\/www.lichtgitter.cz\\\/hr\\\/#\\\/schema\\\/logo\\\/image\\\/\"}}]}<\/script>\n<!-- \/ Yoast SEO plugin. -->","yoast_head_json":{"title":"Preuzimanja - HR | lichtgitter.cz","robots":{"index":"index","follow":"follow","max-snippet":"max-snippet:-1","max-image-preview":"max-image-preview:large","max-video-preview":"max-video-preview:-1"},"canonical":"https:\/\/www.lichtgitter.cz\/hr\/preuzimanja\/","og_locale":"cs_CZ","og_type":"article","og_title":"Preuzimanja - HR | lichtgitter.cz","og_description":"Op\u0107i uvjeti poslovanja uvjeti isporuke, pla\u0107anja i jamstva&nbsp;(*.pdf) Preuzmi (.pdf) Izjava o svojstvima proizvoda: Izjava o svojstvima proizvoda SP, XSP, P, XP (.pdf) Preuzmi (.pdf) Izjava o svojstvima proizvoda B, LSP (.pdf) Preuzmi (.pdf) Izjava o svojstvima proizvoda spiralna stubi\u0161ta &#8222;LG Special&#8220; (*.pdf) Preuzmi (.pdf) Tablice nosivosti: Elektrozavarene re\u0161etkaste gazi\u0161ne plo\u010de SP i pre\u0161ano spojene [&hellip;]","og_url":"https:\/\/www.lichtgitter.cz\/hr\/preuzimanja\/","og_site_name":"HR | lichtgitter.cz","article_modified_time":"2026-03-13T13:55:16+00:00","twitter_card":"summary_large_image","twitter_misc":{"Odhadovan\u00e1 doba \u010dten\u00ed":"2 minuty"},"schema":{"@context":"https:\/\/schema.org","@graph":[{"@type":"WebPage","@id":"https:\/\/www.lichtgitter.cz\/hr\/preuzimanja\/","url":"https:\/\/www.lichtgitter.cz\/hr\/preuzimanja\/","name":"Preuzimanja - HR | lichtgitter.cz","isPartOf":{"@id":"https:\/\/www.lichtgitter.cz\/hr\/#website"},"datePublished":"2025-10-14T18:47:43+00:00","dateModified":"2026-03-13T13:55:16+00:00","breadcrumb":{"@id":"https:\/\/www.lichtgitter.cz\/hr\/preuzimanja\/#breadcrumb"},"inLanguage":"cs","potentialAction":[{"@type":"ReadAction","target":["https:\/\/www.lichtgitter.cz\/hr\/preuzimanja\/"]}]},{"@type":"BreadcrumbList","@id":"https:\/\/www.lichtgitter.cz\/hr\/preuzimanja\/#breadcrumb","itemListElement":[{"@type":"ListItem","position":1,"name":"Po\u010detna stranica","item":"https:\/\/www.lichtgitter.cz\/hr\/"},{"@type":"ListItem","position":2,"name":"Preuzimanja"}]},{"@type":"WebSite","@id":"https:\/\/www.lichtgitter.cz\/hr\/#website","url":"https:\/\/www.lichtgitter.cz\/hr\/","name":"Lichtgitter.cz","description":"Proizvo\u0111a\u010d \u010deli\u010dnih tla\u010dnih re\u0161etki i gazi\u0161ta stepenica zavarenih i pre\u0161anih","publisher":{"@id":"https:\/\/www.lichtgitter.cz\/hr\/#organization"},"potentialAction":[{"@type":"SearchAction","target":{"@type":"EntryPoint","urlTemplate":"https:\/\/www.lichtgitter.cz\/hr\/?s={search_term_string}"},"query-input":{"@type":"PropertyValueSpecification","valueRequired":true,"valueName":"search_term_string"}}],"inLanguage":"cs"},{"@type":"Organization","@id":"https:\/\/www.lichtgitter.cz\/hr\/#organization","name":"Lichtgitter.cz","url":"https:\/\/www.lichtgitter.cz\/hr\/","logo":{"@type":"ImageObject","inLanguage":"cs","@id":"https:\/\/www.lichtgitter.cz\/hr\/#\/schema\/logo\/image\/","url":"https:\/\/www.lichtgitter.cz\/hr\/wp-content\/uploads\/sites\/3\/2025\/11\/logo_v3.svg","contentUrl":"https:\/\/www.lichtgitter.cz\/hr\/wp-content\/uploads\/sites\/3\/2025\/11\/logo_v3.svg","width":100,"height":100,"caption":"Lichtgitter.cz"},"image":{"@id":"https:\/\/www.lichtgitter.cz\/hr\/#\/schema\/logo\/image\/"}}]}},"uagb_featured_image_src":{"full":false,"thumbnail":false,"medium":false,"medium_large":false,"large":false,"1536x1536":false,"2048x2048":false},"uagb_author_info":{"display_name":"Jan","author_link":"https:\/\/www.lichtgitter.cz\/hr\/blog\/author\/jan\/"},"uagb_comment_info":0,"uagb_excerpt":"Op\u0107i uvjeti poslovanja uvjeti isporuke, pla\u0107anja i jamstva&nbsp;(*.pdf) Preuzmi (.pdf) Izjava o svojstvima proizvoda: Izjava o svojstvima proizvoda SP, XSP, P, XP (.pdf) Preuzmi (.pdf) Izjava o svojstvima proizvoda B, LSP (.pdf) Preuzmi (.pdf) Izjava o svojstvima proizvoda spiralna stubi\u0161ta &#8222;LG Special&#8220; (*.pdf) Preuzmi (.pdf) Tablice nosivosti: Elektrozavarene re\u0161etkaste gazi\u0161ne plo\u010de SP i pre\u0161ano spojene&hellip;","_links":{"self":[{"href":"https:\/\/www.lichtgitter.cz\/hr\/wp-json\/wp\/v2\/pages\/490","targetHints":{"allow":["GET"]}}],"collection":[{"href":"https:\/\/www.lichtgitter.cz\/hr\/wp-json\/wp\/v2\/pages"}],"about":[{"href":"https:\/\/www.lichtgitter.cz\/hr\/wp-json\/wp\/v2\/types\/page"}],"author":[{"embeddable":true,"href":"https:\/\/www.lichtgitter.cz\/hr\/wp-json\/wp\/v2\/users\/1"}],"replies":[{"embeddable":true,"href":"https:\/\/www.lichtgitter.cz\/hr\/wp-json\/wp\/v2\/comments?post=490"}],"version-history":[{"count":40,"href":"https:\/\/www.lichtgitter.cz\/hr\/wp-json\/wp\/v2\/pages\/490\/revisions"}],"predecessor-version":[{"id":2137,"href":"https:\/\/www.lichtgitter.cz\/hr\/wp-json\/wp\/v2\/pages\/490\/revisions\/2137"}],"wp:attachment":[{"href":"https:\/\/www.lichtgitter.cz\/hr\/wp-json\/wp\/v2\/media?parent=490"}],"wp:term":[{"taxonomy":"folder","embeddable":true,"href":"https:\/\/www.lichtgitter.cz\/hr\/wp-json\/wp\/v2\/folder?post=490"}],"curies":[{"name":"wp","href":"https:\/\/api.w.org\/{rel}","templated":true}]}}